{"id":459,"date":"2016-06-07T09:59:09","date_gmt":"2016-06-07T09:59:09","guid":{"rendered":"http:\/\/demo.vegatheme.com\/gocargo\/demo3\/?page_id=459"},"modified":"2024-07-24T11:27:38","modified_gmt":"2024-07-24T11:27:38","slug":"about-us","status":"publish","type":"page","link":"https:\/\/slotslogistic.com\/ro\/about-us\/","title":{"rendered":"Despre noi"},"content":{"rendered":"<div class=\"wpb-content-wrapper\"><section class=\"wpb_row vc_row-fluid vc_custom_1465396295524 side-bg\"><div class=\"image-container col-md-6 col-md-offset-6 pull-left\"><div class=\"background-image\" style=\"background: url(https:\/\/slotslogistic.com\/wp-content\/uploads\/2016\/06\/bg_side_2.jpg) ;\"><\/div><\/div><div class=\"container\"><div class=\"row\"><div class=\"wpb_column vc_column_container vc_col-sm-12 vc_col-md-5\"><div class=\"vc_column-inner\"><div class=\"wpb_wrapper\"  ><\/div><\/div><\/div><div class=\"wpb_column vc_column_container vc_col-sm-12 vc_col-md-offset-2 vc_col-md-5\"><div class=\"vc_column-inner\"><div class=\"wpb_wrapper\"  >\n\t<div class=\"text-left\">\n\t\t \n\t\t\t <h2>Cine suntem<\/h2>\t        <p class=\"lead\">Suntem mai mult dec\u00e2t o simpl\u0103 companie de transport \u0219i logistic\u0103. Suntem un partener de \u00eencredere, dedicat sprijinirii \u00eentreprinderilor pentru a prospera \u00een lumea dinamic\u0103 a comer\u021bului global. Cu un angajament fa\u021b\u0103 de excelen\u021b\u0103, inovare \u0219i satisfac\u021bia clien\u021bilor, redefinim standardele serviciilor logistice, oferind valoare la fiecare pas al lan\u021bului de aprovizionare.<\/p>\t\t\t<div class=\"divider-deco\"><span><\/span><\/div>\t\t\t\n\t\t    <\/div>\t\n\t\n\n\t<div class=\"wpb_text_column wpb_content_element  vc_custom_1713387086915\" >\n\t\t<div class=\"wpb_wrapper\">\n\t\t\t<p>Fie c\u0103 sunte\u021bi o afacere mic\u0103 care dore\u0219te s\u0103 se extind\u0103 pe noi pie\u021be sau o corpora\u021bie multina\u021bional\u0103 care dore\u0219te s\u0103 \u00ee\u0219i optimizeze lan\u021bul de aprovizionare, Slots Logistics este partenerul dvs. de \u00eencredere pentru toate nevoile dvs. logistice. Experimenta\u021bi diferen\u021ba cu Slots \u0219i debloca\u021bi noi oportunit\u0103\u021bi de cre\u0219tere, eficien\u021b\u0103 \u0219i succes pe pia\u021ba global\u0103 competitiv\u0103 de ast\u0103zi.<\/p>\n\n\t\t<\/div>\n\t<\/div>\n<\/div><\/div><\/div><\/div><\/div><div class=\"clearfix\"><\/div><\/section><section data-stellar-background-ratio=\".3\" style=\"background: url(https:\/\/slotslogistic.com\/wp-content\/uploads\/2016\/05\/bg-3-1.jpg);fixed; background-size:cover;\" class=\"wpb_row vc_row-fluid\"><div class=\"container\"><div class=\"row\"><div class=\"wpb_column vc_column_container vc_col-sm-12\"><div class=\"vc_column-inner\"><div class=\"wpb_wrapper\"  >\n\t<div class=\"text-left light-text\">\n\t\t \n\t\t\t <h2>Consiliul de administra\u021bie<\/h2>\t        \t\t\t<div class=\"divider-deco\"><span><\/span><\/div>\t\t\t\n\t\t    <\/div>\t\n\t\n<\/div><\/div><\/div><div class=\"text-center wpb_column vc_column_container vc_col-sm-6\"><div class=\"vc_column-inner\"><div class=\"wpb_wrapper\"  >\n\t<div class=\"vc_custom_1714255706401\">\n        <div class=\"row\">\n            <div class=\"col-md-6 pr0\">\n                <img loading=\"lazy\" decoding=\"async\" width=\"373\" height=\"585\" src=\"https:\/\/slotslogistic.com\/wp-content\/uploads\/2024\/04\/Anonymous-2048x2048-2.jpg\" class=\"img-responsive\" alt=\"\" srcset=\"https:\/\/slotslogistic.com\/wp-content\/uploads\/2024\/04\/Anonymous-2048x2048-2.jpg 373w, https:\/\/slotslogistic.com\/wp-content\/uploads\/2024\/04\/Anonymous-2048x2048-2-191x300.jpg 191w, https:\/\/slotslogistic.com\/wp-content\/uploads\/2024\/04\/Anonymous-2048x2048-2-300x471.jpg 300w\" sizes=\"auto, (max-width: 373px) 100vw, 373px\" \/>            <\/div>\n            <div class=\"col-md-6\">\n                <div class=\"p20 pl10 pt30\">\n                    <div class=\"id-color font2\"><i>Mumen Ismail<\/i><\/div>\n                    <div class=\"font2 mb10 text-white\"><i>Director executiv<\/i><\/div>                    \t\t\t\t\n\t\t\t\t\t<!-- social icons -->\n                    <div class=\"social hspace10 mt10\">\n                        <a href=\"#\" target=\"_blank\"><i class=\"fab fa-facebook-square\"><\/i><\/a>\t\t\t            <a href=\"#\" target=\"_blank\"><i class=\"fab fa-instagram\"><\/i><\/a>\t\t\t            <a href=\"#\" target=\"_blank\"><i class=\"fab fa-linkedin\"><\/i><\/a>\t\t\t            <a href=\"#\" target=\"_blank\"><i class=\"fas fa-at\"><\/i><\/a>\t\t\t            \t\t\t                                <\/div>\n                    <!-- social icons close -->\n                <\/div>\n            <\/div>\n        <\/div>\n    <\/div>\n\n<\/div><\/div><\/div><div class=\"text-center wpb_column vc_column_container vc_col-sm-6\"><div class=\"vc_column-inner\"><div class=\"wpb_wrapper\"  >\n\t<div class=\"vc_custom_1714255685334\">\n        <div class=\"row\">\n            <div class=\"col-md-6 pr0\">\n                <img loading=\"lazy\" decoding=\"async\" width=\"373\" height=\"585\" src=\"https:\/\/slotslogistic.com\/wp-content\/uploads\/2024\/04\/Anonymous-2048x2048-2.jpg\" class=\"img-responsive\" alt=\"\" srcset=\"https:\/\/slotslogistic.com\/wp-content\/uploads\/2024\/04\/Anonymous-2048x2048-2.jpg 373w, https:\/\/slotslogistic.com\/wp-content\/uploads\/2024\/04\/Anonymous-2048x2048-2-191x300.jpg 191w, https:\/\/slotslogistic.com\/wp-content\/uploads\/2024\/04\/Anonymous-2048x2048-2-300x471.jpg 300w\" sizes=\"auto, (max-width: 373px) 100vw, 373px\" \/>            <\/div>\n            <div class=\"col-md-6\">\n                <div class=\"p20 pl10 pt30\">\n                    <div class=\"id-color font2\"><i>Nader Salama<\/i><\/div>\n                    <div class=\"font2 mb10 text-white\"><i>Director de tehnologie<\/i><\/div>                    \t\t\t\t\n\t\t\t\t\t<!-- social icons -->\n                    <div class=\"social hspace10 mt10\">\n                        <a href=\"#\" target=\"_blank\"><i class=\"fab fa-facebook-square\"><\/i><\/a>\t\t\t            <a href=\"#\" target=\"_blank\"><i class=\"fab fa-instagram\"><\/i><\/a>\t\t\t            <a href=\"#\" target=\"_blank\"><i class=\"fab fa-linkedin\"><\/i><\/a>\t\t\t            <a href=\"#\" target=\"_blank\"><i class=\"fas fa-at\"><\/i><\/a>\t\t\t            \t\t\t                                <\/div>\n                    <!-- social icons close -->\n                <\/div>\n            <\/div>\n        <\/div>\n    <\/div>\n\n<\/div><\/div><\/div><\/div><\/div><div class=\"clearfix\"><\/div><\/section><section class=\"wpb_row vc_row-fluid vc_custom_1465396506643 side-bg\"><div class=\"image-container col-md-6 col-md-offset-6 pull-right\"><div class=\"background-image\" style=\"background: url(https:\/\/slotslogistic.com\/wp-content\/uploads\/2016\/06\/bg_side_3.jpg) ;\"><\/div><\/div><div class=\"container\"><div class=\"row\"><div class=\"wpb_column vc_column_container vc_col-sm-12 vc_col-md-5\"><div class=\"vc_column-inner\"><div class=\"wpb_wrapper\"  >\n\t<div class=\"text-left\">\n\t\t \n\t\t\t <h2>Abordarea noastr\u0103<\/h2>\t        <p class=\"lead\">La Slots Logistics, avem o abordare centrat\u0103 pe client pentru fiecare aspect al activit\u0103\u021bii noastre. Din momentul \u00een care v\u0103 angaja\u021bi cu noi, v\u0103 pute\u021bi a\u0219tepta la aten\u021bie personalizat\u0103, comunicare proactiv\u0103 \u0219i solu\u021bii personalizate adaptate cerin\u021belor dvs. unice.<\/p>\n<p><strong>Servicii cuprinz\u0103toare:<\/strong> Fie c\u0103 ave\u021bi nevoie de transport aerian, maritim, depozitare, v\u0103muire sau de o combina\u021bie de servicii, noi v\u0103 acoperim. Gama noastr\u0103 cuprinz\u0103toare de solu\u021bii logistice ne asigur\u0103 c\u0103 v\u0103 putem satisface toate nevoile de transport \u0219i lan\u021b de aprovizionare sub acela\u0219i acoperi\u0219.<\/p>\n<p><strong>Re\u021bea global\u0103:<\/strong> Cu o re\u021bea vast\u0103 de parteneri, transportatori \u0219i agen\u021bi din \u00eentreaga lume, oferim conectivitate perfect\u0103 la pie\u021bele \u0219i destina\u021biile majore din \u00eentreaga lume. Oriunde v\u0103 duce afacerea, Slots Logistics este acolo pentru a v\u0103 sprijini.<\/p>\n<p><strong>Sprijin excep\u021bional:<\/strong> Echipa noastr\u0103 dedicat\u0103 de profesioni\u0219ti \u00een logistic\u0103 se angajeaz\u0103 s\u0103 ofere asisten\u021b\u0103 excep\u021bional\u0103 clien\u021bilor la fiecare pas. De la consultan\u021b\u0103 de specialitate \u0219i asisten\u021b\u0103 cu documenta\u021bia p\u00e2n\u0103 la urm\u0103rirea \u00een timp real \u0219i rezolvarea proactiv\u0103 a problemelor, suntem aici pentru a asigura o experien\u021b\u0103 logistic\u0103 f\u0103r\u0103 probleme \u0219i f\u0103r\u0103 stres.<\/p>\t\t\t<div class=\"divider-deco\"><span><\/span><\/div>\t\t\t\n\t\t    <\/div>\t\n\t\n\n\t<div class=\"wpb_text_column wpb_content_element  vc_custom_1713387825040\" >\n\t\t<div class=\"wpb_wrapper\">\n\t\t\t<p><strong>Excelen\u021b\u0103:<\/strong> Urm\u0103rim excelen\u021ba \u00een tot ceea ce facem, str\u0103duindu-ne s\u0103 oferim servicii superioare, solu\u021bii inovatoare \u0219i rezultate m\u0103surabile care conduc la succes pentru clien\u021bii \u0219i partenerii no\u0219tri.<\/p>\n<p><strong>Integritate:<\/strong> Ne desf\u0103\u0219ur\u0103m activitatea cu respectarea celor mai \u00eenalte standarde etice, transparen\u021b\u0103 \u0219i integritate, promov\u00e2nd \u00eencrederea \u0219i respectul reciproc cu clien\u021bii, angaja\u021bii \u0219i p\u0103r\u021bile interesate.<\/p>\n<p><strong>Colaborare:<\/strong> Credem \u00een puterea colabor\u0103rii \u0219i a muncii \u00een echip\u0103, valorific\u00e2nd expertiza divers\u0103 a re\u021belei noastre globale pentru a rezolva provoc\u0103ri complexe \u0219i a atinge obiective comune.<\/p>\n<p><strong>Inovare:<\/strong> Noi \u00eembr\u0103\u021bi\u0219\u0103m inova\u021bia \u0219i tehnologia ca motoare ale progresului, c\u0103ut\u00e2nd \u00een mod constant noi modalit\u0103\u021bi de a optimiza procesele, de a spori eficien\u021ba \u0219i de a oferi solu\u021bii cu valoare ad\u0103ugat\u0103 clien\u021bilor no\u0219tri.<\/p>\n\n\t\t<\/div>\n\t<\/div>\n<\/div><\/div><\/div><div class=\"wpb_column vc_column_container vc_col-sm-12 vc_col-md-offset-2 vc_col-md-5\"><div class=\"vc_column-inner\"><div class=\"wpb_wrapper\"  ><\/div><\/div><\/div><\/div><\/div><div class=\"clearfix\"><\/div><\/section><section data-stellar-background-ratio=\".3\" style=\"background: url(https:\/\/slotslogistic.com\/wp-content\/uploads\/2016\/05\/bg-5-1.jpg);fixed; background-size:cover;\" class=\"wpb_row vc_row-fluid cta light-text vc_custom_1465286010233\"><div class=\"container\"><div class=\"row\"><div class=\"wpb_column vc_column_container vc_col-sm-12\"><div class=\"vc_column-inner\"><div class=\"wpb_wrapper\"  >\n    <div class=\"padding30 overlaydark80 wow fadeIn\">\n    \t<div class=\"row\">\n    \t\t<div class=\"col-md-10\">\n\t        \t\t            \t<h2 class=\"mb0 mt10\">Contacta\u021bi-ne acum pentru a ob\u021bine o ofert\u0103 pentru toate nevoile dvs. de transport maritim global<\/h2>\n\t            \t\t                \t                                    \n\t        <\/div>\n\n\t        <div class=\"col-md-2\">\n\t            <a class=\"btn btn-custom\" href=\"#\" title=\"Contacta\u021bi-ne\" target=\"_self\">Contacta\u021bi-ne<\/a>\t        <\/div>\n    \t<\/div>\n    <\/div>          \n\t\n<\/div><\/div><\/div><\/div><\/div><div class=\"clearfix\"><\/div><\/section>\n<\/div>","protected":false},"excerpt":{"rendered":"Who We Are We are more than just a transportation and logistics company. We are a trusted partner, dedicated to empowering businesses to thrive in the dynamic world of global trade. With a commitment to excellence, innovation, and customer satisfaction, we redefine the standards of logistics services, delivering value at every step of the supply [...]","protected":false},"author":1,"featured_media":0,"parent":0,"menu_order":0,"comment_status":"closed","ping_status":"closed","template":"page-templates\/template-fullwidth.php","meta":{"footnotes":""},"class_list":["post-459","page","type-page","status-publish","hentry"],"yoast_head":"<!-- This site is optimized with the Yoast SEO Premium plugin v23.0 (Yoast SEO v27.4) - https:\/\/yoast.com\/product\/yoast-seo-premium-wordpress\/ -->\n<title>About Us - SLOTS<\/title>\n<meta name=\"robots\" content=\"index, follow, max-snippet:-1, max-image-preview:large, max-video-preview:-1\" \/>\n<link rel=\"canonical\" href=\"https:\/\/slotslogistic.com\/ro\/about-us\/\" \/>\n<meta property=\"og:locale\" content=\"ro_RO\" \/>\n<meta property=\"og:type\" content=\"article\" \/>\n<meta property=\"og:title\" content=\"About Us\" \/>\n<meta property=\"og:url\" content=\"https:\/\/slotslogistic.com\/ro\/about-us\/\" \/>\n<meta property=\"og:site_name\" content=\"SLOTS\" \/>\n<meta property=\"article:modified_time\" content=\"2024-07-24T11:27:38+00:00\" \/>\n<meta name=\"twitter:card\" content=\"summary_large_image\" \/>\n<meta name=\"twitter:label1\" content=\"Timp estimat pentru citire\" \/>\n\t<meta name=\"twitter:data1\" content=\"3 minute\" \/>\n<script type=\"application\/ld+json\" class=\"yoast-schema-graph\">{\"@context\":\"https:\\\/\\\/schema.org\",\"@graph\":[{\"@type\":\"WebPage\",\"@id\":\"https:\\\/\\\/slotslogistic.com\\\/about-us\\\/\",\"url\":\"https:\\\/\\\/slotslogistic.com\\\/about-us\\\/\",\"name\":\"About Us - SLOTS\",\"isPartOf\":{\"@id\":\"https:\\\/\\\/slotslogistic.com\\\/#website\"},\"datePublished\":\"2016-06-07T09:59:09+00:00\",\"dateModified\":\"2024-07-24T11:27:38+00:00\",\"breadcrumb\":{\"@id\":\"https:\\\/\\\/slotslogistic.com\\\/about-us\\\/#breadcrumb\"},\"inLanguage\":\"ro-RO\",\"potentialAction\":[{\"@type\":\"ReadAction\",\"target\":[\"https:\\\/\\\/slotslogistic.com\\\/about-us\\\/\"]}]},{\"@type\":\"BreadcrumbList\",\"@id\":\"https:\\\/\\\/slotslogistic.com\\\/about-us\\\/#breadcrumb\",\"itemListElement\":[{\"@type\":\"ListItem\",\"position\":1,\"name\":\"Home\",\"item\":\"https:\\\/\\\/slotslogistic.com\\\/\"},{\"@type\":\"ListItem\",\"position\":2,\"name\":\"About Us\"}]},{\"@type\":\"WebSite\",\"@id\":\"https:\\\/\\\/slotslogistic.com\\\/#website\",\"url\":\"https:\\\/\\\/slotslogistic.com\\\/\",\"name\":\"SLOTS\",\"description\":\"Logistics &amp; Transportation\",\"potentialAction\":[{\"@type\":\"SearchAction\",\"target\":{\"@type\":\"EntryPoint\",\"urlTemplate\":\"https:\\\/\\\/slotslogistic.com\\\/?s={search_term_string}\"},\"query-input\":{\"@type\":\"PropertyValueSpecification\",\"valueRequired\":true,\"valueName\":\"search_term_string\"}}],\"inLanguage\":\"ro-RO\"}]}<\/script>\n<!-- \/ Yoast SEO Premium plugin. -->","yoast_head_json":{"title":"About Us - SLOTS","robots":{"index":"index","follow":"follow","max-snippet":"max-snippet:-1","max-image-preview":"max-image-preview:large","max-video-preview":"max-video-preview:-1"},"canonical":"https:\/\/slotslogistic.com\/ro\/about-us\/","og_locale":"ro_RO","og_type":"article","og_title":"About Us","og_url":"https:\/\/slotslogistic.com\/ro\/about-us\/","og_site_name":"SLOTS","article_modified_time":"2024-07-24T11:27:38+00:00","twitter_card":"summary_large_image","twitter_misc":{"Timp estimat pentru citire":"3 minute"},"schema":{"@context":"https:\/\/schema.org","@graph":[{"@type":"WebPage","@id":"https:\/\/slotslogistic.com\/about-us\/","url":"https:\/\/slotslogistic.com\/about-us\/","name":"About Us - SLOTS","isPartOf":{"@id":"https:\/\/slotslogistic.com\/#website"},"datePublished":"2016-06-07T09:59:09+00:00","dateModified":"2024-07-24T11:27:38+00:00","breadcrumb":{"@id":"https:\/\/slotslogistic.com\/about-us\/#breadcrumb"},"inLanguage":"ro-RO","potentialAction":[{"@type":"ReadAction","target":["https:\/\/slotslogistic.com\/about-us\/"]}]},{"@type":"BreadcrumbList","@id":"https:\/\/slotslogistic.com\/about-us\/#breadcrumb","itemListElement":[{"@type":"ListItem","position":1,"name":"Home","item":"https:\/\/slotslogistic.com\/"},{"@type":"ListItem","position":2,"name":"About Us"}]},{"@type":"WebSite","@id":"https:\/\/slotslogistic.com\/#website","url":"https:\/\/slotslogistic.com\/","name":"SLOTS","description":"Logistics &amp; Transportation","potentialAction":[{"@type":"SearchAction","target":{"@type":"EntryPoint","urlTemplate":"https:\/\/slotslogistic.com\/?s={search_term_string}"},"query-input":{"@type":"PropertyValueSpecification","valueRequired":true,"valueName":"search_term_string"}}],"inLanguage":"ro-RO"}]}},"_links":{"self":[{"href":"https:\/\/slotslogistic.com\/ro\/wp-json\/wp\/v2\/pages\/459","targetHints":{"allow":["GET"]}}],"collection":[{"href":"https:\/\/slotslogistic.com\/ro\/wp-json\/wp\/v2\/pages"}],"about":[{"href":"https:\/\/slotslogistic.com\/ro\/wp-json\/wp\/v2\/types\/page"}],"author":[{"embeddable":true,"href":"https:\/\/slotslogistic.com\/ro\/wp-json\/wp\/v2\/users\/1"}],"replies":[{"embeddable":true,"href":"https:\/\/slotslogistic.com\/ro\/wp-json\/wp\/v2\/comments?post=459"}],"version-history":[{"count":14,"href":"https:\/\/slotslogistic.com\/ro\/wp-json\/wp\/v2\/pages\/459\/revisions"}],"predecessor-version":[{"id":910,"href":"https:\/\/slotslogistic.com\/ro\/wp-json\/wp\/v2\/pages\/459\/revisions\/910"}],"wp:attachment":[{"href":"https:\/\/slotslogistic.com\/ro\/wp-json\/wp\/v2\/media?parent=459"}],"curies":[{"name":"wp","href":"https:\/\/api.w.org\/{rel}","templated":true}]}}