{"id":455,"date":"2016-06-07T09:58:31","date_gmt":"2016-06-07T09:58:31","guid":{"rendered":"http:\/\/demo.vegatheme.com\/gocargo\/demo3\/?page_id=455"},"modified":"2016-06-07T09:58:31","modified_gmt":"2016-06-07T09:58:31","slug":"about","status":"publish","type":"page","link":"https:\/\/slotslogistic.com\/ro\/about\/","title":{"rendered":"Despre"},"content":{"rendered":"<div class=\"wpb-content-wrapper\"><section class=\"wpb_row vc_row-fluid vc_custom_1465378781704\"><div class=\"container\"><div class=\"row\"><div class=\"wpb_column vc_column_container vc_col-sm-6 vc_col-md-6\"><div class=\"vc_column-inner\"><div class=\"wpb_wrapper\"  >\n\t<div  class=\"wpb_single_image wpb_content_element vc_align_center\">\n\t\t\n\t\t<figure class=\"wpb_wrapper vc_figure\">\n\t\t\t<div class=\"vc_single_image-wrapper   vc_box_border_grey\"><img loading=\"lazy\" decoding=\"async\" width=\"435\" height=\"402\" src=\"https:\/\/slotslogistic.com\/wp-content\/uploads\/2016\/05\/imac-1.png\" class=\"vc_single_image-img attachment-full\" alt=\"\" title=\"imac\" srcset=\"https:\/\/slotslogistic.com\/wp-content\/uploads\/2016\/05\/imac-1.png 435w, https:\/\/slotslogistic.com\/wp-content\/uploads\/2016\/05\/imac-1-300x277.png 300w\" sizes=\"auto, (max-width: 435px) 100vw, 435px\" \/><\/div>\n\t\t<\/figure>\n\t<\/div>\n<\/div><\/div><\/div><div class=\"wpb_column vc_column_container vc_col-sm-12 vc_col-md-6\"><div class=\"vc_column-inner\"><div class=\"wpb_wrapper\"  >\n\t<div class=\"text-left\">\n\t\t \n\t\t\t <h2>Cea mai progresiv\u0103 companie<\/h2>\t        <p class=\"lead\">Aenean sollicitudin, lorem quis bibendum auctor, nisi elit consequat ipsum, nec sagittis sem nibh id elit. Duis sed odio sit amet nibh vulputate<\/p>\t\t\t<div class=\"divider-deco\"><span><\/span><\/div>\t\t\t\n\t\t    <\/div>\t\n\t\n\n\t<div class=\"wpb_text_column wpb_content_element  vc_custom_1465378935989\" >\n\t\t<div class=\"wpb_wrapper\">\n\t\t\t<p>Aenean sollicitudin, lorem quis bibendum auctor, nisi elit consequat ipsum, nec sagittis sem nibh id elit. Duis sed odio sit amet nibh vulputate cursus a sit amet mauris. Morbi accumsan ipsum velit. Nam nec tellus a odio tincidunt auctor a ornare odio. Sed non mauris vitae erat consequat auctor eu in elit. Class aptent taciti sociosqu ad litora torquent per conubia nostra, per inceptos himenaeos. Mauris in erat justo. Nullam ac urna. Nam nec tellus a odio tincidunt auctor a ornare odio. Sed non mauris vitae erat consequat auctor eu in elit. Class aptent taciti sociosqu ad litora torquent per conubia nostra, per inceptos himenaeos.<\/p>\n\n\t\t<\/div>\n\t<\/div>\n<\/div><\/div><\/div><\/div><\/div><div class=\"clearfix\"><\/div><\/section><section class=\"wpb_row vc_row-fluid vc_custom_1465379019712 vc_row-has-fill\"><div class=\"container\"><div class=\"row\"><div class=\"wpb_column vc_column_container vc_col-sm-8\"><div class=\"vc_column-inner\"><div class=\"wpb_wrapper\"  ><div class=\"vc_row wpb_row vc_inner vc_row-fluid\"><div class=\"wpb_column vc_column_container vc_col-sm-6\"><div class=\"vc_column-inner\"><div class=\"wpb_wrapper\">\n\t<div class=\"text-left\">\n\t\t \n\t\t\t <h2>Misiune \u0219i viziune<\/h2>\t        \t\t\t<div class=\"divider-deco\"><span><\/span><\/div>\t\t\t\n\t\t    <\/div>\t\n\t\n\n\t<div class=\"wpb_text_column wpb_content_element  vc_custom_1465379270971\" >\n\t\t<div class=\"wpb_wrapper\">\n\t\t\t<h4>Misiune<\/h4>\n<p>Aenean sollicitudin, lorem quis bibendum auctor, nisi elit consequat ipsum, nec sagittis sem nibh id elit. Duis sed odio sit amet nibh vulputate cursus a sit amet mauris. Morbi<\/p>\n<h4>Viziune<\/h4>\n<p>Aenean sollicitudin, lorem quis bibendum auctor, nisi elit consequat ipsum, nec sagittis sem nibh id elit.<\/p>\n\n\t\t<\/div>\n\t<\/div>\n<\/div><\/div><\/div><div class=\"wpb_column vc_column_container vc_col-sm-6\"><div class=\"vc_column-inner\"><div class=\"wpb_wrapper\">\n\t<div class=\"text-left\">\n\t\t \n\t\t\t <h2>Misiune \u0219i viziune<\/h2>\t        \t\t\t<div class=\"divider-deco\"><span><\/span><\/div>\t\t\t\n\t\t    <\/div>\t\n\t\n\n\t<div class=\"wpb_text_column wpb_content_element  vc_custom_1465379293150\" >\n\t\t<div class=\"wpb_wrapper\">\n\t\t\t<p>Aenean sollicitudin, lorem quis bibendum auctor, nisi elit consequat ipsum, nec sagittis sem nibh id elit. Duis sed odio<\/p>\n<ul class=\"icon-list arrow\">\n<li>Aenean sollicitudin, lorem quis bibendum auctor, nisi<\/li>\n<li>Duis sed odio sit amet nibh vulputate cursus a sit<\/li>\n<li>Class aptent taciti sociosqu ad litora torquent per<\/li>\n<li>Sed non mauris vitae erat consequat auctor eu in elit<\/li>\n<li>Proin gravida nibh vel velit auctor aliquet. Aenean<\/li>\n<li>Class aptent taciti sociosqu ad litora torquent per<\/li>\n<\/ul>\n\n\t\t<\/div>\n\t<\/div>\n<\/div><\/div><\/div><div class=\"wpb_column vc_column_container vc_col-sm-12\"><div class=\"vc_column-inner\"><div class=\"wpb_wrapper\"><div class=\"vc_empty_space\"   style=\"height: 32px\"><span class=\"vc_empty_space_inner\"><\/span><\/div><\/div><\/div><\/div><div class=\"wpb_column vc_column_container vc_col-sm-6\"><div class=\"vc_column-inner\"><div class=\"wpb_wrapper\">\n\t<div class=\"text-left\">\n\t\t \n\t\t\t <h2>Obiectivul nostru<\/h2>\t        \t\t\t<div class=\"divider-deco\"><span><\/span><\/div>\t\t\t\n\t\t    <\/div>\t\n\t\n\n\t<div class=\"wpb_text_column wpb_content_element  vc_custom_1465379758035\" >\n\t\t<div class=\"wpb_wrapper\">\n\t\t\t<ul class=\"icon-list arrow\">\n<li>Aenean sollicitudin, lorem quis bibendum auctor, nisi<\/li>\n<li>Duis sed odio sit amet nibh vulputate cursus a sit<\/li>\n<li>Class aptent taciti sociosqu ad litora torquent per<\/li>\n<li>Sed non mauris vitae erat consequat auctor eu in elit<\/li>\n<li>Proin gravida nibh vel velit auctor aliquet. Aenean<\/li>\n<li>Class aptent taciti sociosqu ad litora torquent per<\/li>\n<\/ul>\n\n\t\t<\/div>\n\t<\/div>\n<\/div><\/div><\/div><div class=\"wpb_column vc_column_container vc_col-sm-6\"><div class=\"vc_column-inner\"><div class=\"wpb_wrapper\">\n\t<div class=\"text-left\">\n\t\t \n\t\t\t <h2>Valorile noastre<\/h2>\t        \t\t\t<div class=\"divider-deco\"><span><\/span><\/div>\t\t\t\n\t\t    <\/div>\t\n\t\n\n\t<div class=\"wpb_text_column wpb_content_element  vc_custom_1465379792472\" >\n\t\t<div class=\"wpb_wrapper\">\n\t\t\t<p>Benean sollicitudin, lorem quis bibendum auctor, nisi elit consequat ipsum, nec sagittis sem nibh id elit. Duis sed odio sit amet nibh vulputate cursus a sit amet mauris. Morbi accumsan ipsum velit. Nam nec tellus a odio<\/p>\n<p>Aenean sollicitudin, lorem quis bibendum auctor, nisi elit consequat ipsum, nec sagittis sem nibh id elit. Duis sed odio<\/p>\n\n\t\t<\/div>\n\t<\/div>\n<\/div><\/div><\/div><\/div><\/div><\/div><\/div><div class=\"padding20 light-text wpb_column vc_column_container vc_col-sm-4\"><div class=\"vc_column-inner\"><div class=\"wpb_wrapper\"  >\t\t\t\n\t<div class=\"vc_custom_1465382013488 bg-2 padding30\"  >\n        <div class=\"inner-padding\">\n            <h2 class=\"id-color\">Angajamentul Gocargo<\/h2>\n            <div class=\"tiny-border\"><\/div>\n<p class=\"lead big\"><i>Ne angaj\u0103m s\u0103 fim cel mai important furnizor de solu\u021bii logistice pentru clien\u021bii no\u0219tri. Ne \u00eembun\u0103t\u0103\u021bim continuu \u0219i implement\u0103m un management al calit\u0103\u021bii pentru a realiza acest lucru<br \/>\npentru a o realiza<\/i><\/p>\n<p><img loading=\"lazy\" decoding=\"async\" class=\"alignnone size-full wp-image-533\" src=\"https:\/\/slotslogistic.com\/wp-content\/uploads\/2016\/06\/signature.png\" alt=\"signature\" width=\"120\" height=\"47\" \/><\/p>\n<div class=\"divider-single\"><\/div>\n<p><strong>John Rukman<\/strong>, Vicepre\u0219edinte<br \/>\nGocargo Inc        <\/div>\n    <\/div>\n    \n\n\t<div  class=\"wpb_single_image wpb_content_element vc_align_left   img-custom-1\">\n\t\t\n\t\t<figure class=\"wpb_wrapper vc_figure\">\n\t\t\t<div class=\"vc_single_image-wrapper   vc_box_border_grey\"><img loading=\"lazy\" decoding=\"async\" width=\"370\" height=\"221\" src=\"https:\/\/slotslogistic.com\/wp-content\/uploads\/2016\/06\/committment-image.png\" class=\"vc_single_image-img attachment-full\" alt=\"\" title=\"comitet-imagine\" srcset=\"https:\/\/slotslogistic.com\/wp-content\/uploads\/2016\/06\/committment-image.png 370w, https:\/\/slotslogistic.com\/wp-content\/uploads\/2016\/06\/committment-image-300x179.png 300w\" sizes=\"auto, (max-width: 370px) 100vw, 370px\" \/><\/div>\n\t\t<\/figure>\n\t<\/div>\n<\/div><\/div><\/div><\/div><\/div><div class=\"clearfix\"><\/div><\/section><section data-stellar-background-ratio=\".3\" style=\"background: url(https:\/\/slotslogistic.com\/wp-content\/uploads\/2016\/05\/bg-3-1.jpg);fixed; background-size:cover;\" class=\"wpb_row vc_row-fluid\"><div class=\"container\"><div class=\"row\"><div class=\"wpb_column vc_column_container vc_col-sm-12\"><div class=\"vc_column-inner\"><div class=\"wpb_wrapper\"  >\n\t<div class=\"text-left light-text\">\n\t\t \n\t\t\t <h2>Consiliul de administra\u021bie<\/h2>\t        \t\t\t<div class=\"divider-deco\"><span><\/span><\/div>\t\t\t\n\t\t    <\/div>\t\n\t\n<\/div><\/div><\/div><div class=\"text-center wpb_column vc_column_container vc_col-sm-4\"><div class=\"vc_column-inner\"><div class=\"wpb_wrapper\"  >\n\t<div class=\"vc_custom_1465286636290\">\n        <div class=\"row\">\n            <div class=\"col-md-6 pr0\">\n                <img loading=\"lazy\" decoding=\"async\" width=\"400\" height=\"586\" src=\"https:\/\/slotslogistic.com\/wp-content\/uploads\/2016\/05\/team_1-1.jpg\" class=\"img-responsive\" alt=\"\" srcset=\"https:\/\/slotslogistic.com\/wp-content\/uploads\/2016\/05\/team_1-1.jpg 400w, https:\/\/slotslogistic.com\/wp-content\/uploads\/2016\/05\/team_1-1-205x300.jpg 205w, https:\/\/slotslogistic.com\/wp-content\/uploads\/2016\/05\/team_1-1-300x440.jpg 300w\" sizes=\"auto, (max-width: 400px) 100vw, 400px\" \/>            <\/div>\n            <div class=\"col-md-6\">\n                <div class=\"p20 pl10 pt30\">\n                    <div class=\"id-color font2\"><i>Dave Smith<\/i><\/div>\n                    <div class=\"font2 mb10 text-white\"><i>Director regional<\/i><\/div>                    Aenean sollicitudin, lorem quis bibendum auctor, nisi elit consequat ipsum, nec sagittis sem.\t\t\t\t\n\t\t\t\t\t<!-- social icons -->\n                    <div class=\"social hspace10 mt10\">\n                        <a href=\"#\" target=\"_blank\"><i class=\"fa fa-facebook\"><\/i><\/a>\t\t\t            <a href=\"#\" target=\"_blank\"><i class=\"fa fa-twitter\"><\/i><\/a>\t\t\t            <a href=\"#\" target=\"_blank\"><i class=\"fa fa-google-plus\"><\/i><\/a>\t\t\t            <a href=\"#\" target=\"_blank\"><i class=\"fa fa-pinterest\"><\/i><\/a>\t\t\t            \t\t\t                                <\/div>\n                    <!-- social icons close -->\n                <\/div>\n            <\/div>\n        <\/div>\n    <\/div>\n\n<\/div><\/div><\/div><div class=\"text-center wpb_column vc_column_container vc_col-sm-4\"><div class=\"vc_column-inner\"><div class=\"wpb_wrapper\"  >\n\t<div class=\"vc_custom_1465286652306\">\n        <div class=\"row\">\n            <div class=\"col-md-6 pr0\">\n                <img loading=\"lazy\" decoding=\"async\" width=\"400\" height=\"586\" src=\"https:\/\/slotslogistic.com\/wp-content\/uploads\/2016\/05\/team_2-1.jpg\" class=\"img-responsive\" alt=\"\" srcset=\"https:\/\/slotslogistic.com\/wp-content\/uploads\/2016\/05\/team_2-1.jpg 400w, https:\/\/slotslogistic.com\/wp-content\/uploads\/2016\/05\/team_2-1-205x300.jpg 205w, https:\/\/slotslogistic.com\/wp-content\/uploads\/2016\/05\/team_2-1-300x440.jpg 300w\" sizes=\"auto, (max-width: 400px) 100vw, 400px\" \/>            <\/div>\n            <div class=\"col-md-6\">\n                <div class=\"p20 pl10 pt30\">\n                    <div class=\"id-color font2\"><i>Milla Kohl<\/i><\/div>\n                    <div class=\"font2 mb10 text-white\"><i>Director financiar<\/i><\/div>                    Aenean sollicitudin, lorem quis bibendum auctor, nisi elit consequat ipsum, nec sagittis sem.\t\t\t\t\n\t\t\t\t\t<!-- social icons -->\n                    <div class=\"social hspace10 mt10\">\n                        <a href=\"#\" target=\"_blank\"><i class=\"fa fa-facebook\"><\/i><\/a>\t\t\t            <a href=\"#\" target=\"_blank\"><i class=\"fa fa-twitter\"><\/i><\/a>\t\t\t            <a href=\"#\" target=\"_blank\"><i class=\"fa fa-google-plus\"><\/i><\/a>\t\t\t            <a href=\"#\" target=\"_blank\"><i class=\"fa fa-pinterest\"><\/i><\/a>\t\t\t            \t\t\t                                <\/div>\n                    <!-- social icons close -->\n                <\/div>\n            <\/div>\n        <\/div>\n    <\/div>\n\n<\/div><\/div><\/div><div class=\"text-center wpb_column vc_column_container vc_col-sm-4\"><div class=\"vc_column-inner\"><div class=\"wpb_wrapper\"  >\n\t<div class=\"vc_custom_1465286669454\">\n        <div class=\"row\">\n            <div class=\"col-md-6 pr0\">\n                <img loading=\"lazy\" decoding=\"async\" width=\"400\" height=\"586\" src=\"https:\/\/slotslogistic.com\/wp-content\/uploads\/2016\/05\/team_3-1.jpg\" class=\"img-responsive\" alt=\"\" srcset=\"https:\/\/slotslogistic.com\/wp-content\/uploads\/2016\/05\/team_3-1.jpg 400w, https:\/\/slotslogistic.com\/wp-content\/uploads\/2016\/05\/team_3-1-205x300.jpg 205w, https:\/\/slotslogistic.com\/wp-content\/uploads\/2016\/05\/team_3-1-300x440.jpg 300w\" sizes=\"auto, (max-width: 400px) 100vw, 400px\" \/>            <\/div>\n            <div class=\"col-md-6\">\n                <div class=\"p20 pl10 pt30\">\n                    <div class=\"id-color font2\"><i>Alexa Mendez<\/i><\/div>\n                    <div class=\"font2 mb10 text-white\"><i>Director de marketing<\/i><\/div>                    Aenean sollicitudin, lorem quis bibendum auctor, nisi elit consequat ipsum, nec sagittis sem.\t\t\t\t\n\t\t\t\t\t<!-- social icons -->\n                    <div class=\"social hspace10 mt10\">\n                        <a href=\"#\" target=\"_blank\"><i class=\"fa fa-facebook\"><\/i><\/a>\t\t\t            <a href=\"#\" target=\"_blank\"><i class=\"fa fa-twitter\"><\/i><\/a>\t\t\t            <a href=\"#\" target=\"_blank\"><i class=\"fa fa-google-plus\"><\/i><\/a>\t\t\t            <a href=\"#\" target=\"_blank\"><i class=\"fa fa-pinterest\"><\/i><\/a>\t\t\t            \t\t\t                                <\/div>\n                    <!-- social icons close -->\n                <\/div>\n            <\/div>\n        <\/div>\n    <\/div>\n\n<\/div><\/div><\/div><\/div><\/div><div class=\"clearfix\"><\/div><\/section>\n<\/div>","protected":false},"excerpt":{"rendered":"The Most Progressive Company Aenean sollicitudin, lorem quis bibendum auctor, nisi elit consequat ipsum, nec sagittis sem nibh id elit. Duis sed odio sit amet nibh vulputate Aenean sollicitudin, lorem quis bibendum auctor, nisi elit consequat ipsum, nec sagittis sem nibh id elit. Duis sed odio sit amet nibh vulputate cursus a sit amet mauris. [...]","protected":false},"author":1,"featured_media":0,"parent":0,"menu_order":0,"comment_status":"closed","ping_status":"closed","template":"page-templates\/template-fullwidth.php","meta":{"footnotes":""},"class_list":["post-455","page","type-page","status-publish","hentry"],"yoast_head":"<!-- This site is optimized with the Yoast SEO Premium plugin v23.0 (Yoast SEO v27.4) - https:\/\/yoast.com\/product\/yoast-seo-premium-wordpress\/ -->\n<title>About - SLOTS<\/title>\n<meta name=\"robots\" content=\"index, follow, max-snippet:-1, max-image-preview:large, max-video-preview:-1\" \/>\n<link rel=\"canonical\" href=\"https:\/\/slotslogistic.com\/ro\/about\/\" \/>\n<meta property=\"og:locale\" content=\"ro_RO\" \/>\n<meta property=\"og:type\" content=\"article\" \/>\n<meta property=\"og:title\" content=\"About\" \/>\n<meta property=\"og:url\" content=\"https:\/\/slotslogistic.com\/ro\/about\/\" \/>\n<meta property=\"og:site_name\" content=\"SLOTS\" \/>\n<meta property=\"og:image\" content=\"https:\/\/slotslogistic.com\/wp-content\/uploads\/2016\/06\/signature.png\" \/>\n<meta name=\"twitter:card\" content=\"summary_large_image\" \/>\n<meta name=\"twitter:label1\" content=\"Timp estimat pentru citire\" \/>\n\t<meta name=\"twitter:data1\" content=\"4 minute\" \/>\n<script type=\"application\/ld+json\" class=\"yoast-schema-graph\">{\"@context\":\"https:\\\/\\\/schema.org\",\"@graph\":[{\"@type\":\"WebPage\",\"@id\":\"https:\\\/\\\/slotslogistic.com\\\/about\\\/\",\"url\":\"https:\\\/\\\/slotslogistic.com\\\/about\\\/\",\"name\":\"About - SLOTS\",\"isPartOf\":{\"@id\":\"https:\\\/\\\/slotslogistic.com\\\/#website\"},\"primaryImageOfPage\":{\"@id\":\"https:\\\/\\\/slotslogistic.com\\\/about\\\/#primaryimage\"},\"image\":{\"@id\":\"https:\\\/\\\/slotslogistic.com\\\/about\\\/#primaryimage\"},\"thumbnailUrl\":\"https:\\\/\\\/slotslogistic.com\\\/wp-content\\\/uploads\\\/2016\\\/06\\\/signature.png\",\"datePublished\":\"2016-06-07T09:58:31+00:00\",\"breadcrumb\":{\"@id\":\"https:\\\/\\\/slotslogistic.com\\\/about\\\/#breadcrumb\"},\"inLanguage\":\"ro-RO\",\"potentialAction\":[{\"@type\":\"ReadAction\",\"target\":[\"https:\\\/\\\/slotslogistic.com\\\/about\\\/\"]}]},{\"@type\":\"ImageObject\",\"inLanguage\":\"ro-RO\",\"@id\":\"https:\\\/\\\/slotslogistic.com\\\/about\\\/#primaryimage\",\"url\":\"https:\\\/\\\/slotslogistic.com\\\/wp-content\\\/uploads\\\/2016\\\/06\\\/signature.png\",\"contentUrl\":\"https:\\\/\\\/slotslogistic.com\\\/wp-content\\\/uploads\\\/2016\\\/06\\\/signature.png\"},{\"@type\":\"BreadcrumbList\",\"@id\":\"https:\\\/\\\/slotslogistic.com\\\/about\\\/#breadcrumb\",\"itemListElement\":[{\"@type\":\"ListItem\",\"position\":1,\"name\":\"Home\",\"item\":\"https:\\\/\\\/slotslogistic.com\\\/\"},{\"@type\":\"ListItem\",\"position\":2,\"name\":\"About\"}]},{\"@type\":\"WebSite\",\"@id\":\"https:\\\/\\\/slotslogistic.com\\\/#website\",\"url\":\"https:\\\/\\\/slotslogistic.com\\\/\",\"name\":\"SLOTS\",\"description\":\"Logistics &amp; Transportation\",\"potentialAction\":[{\"@type\":\"SearchAction\",\"target\":{\"@type\":\"EntryPoint\",\"urlTemplate\":\"https:\\\/\\\/slotslogistic.com\\\/?s={search_term_string}\"},\"query-input\":{\"@type\":\"PropertyValueSpecification\",\"valueRequired\":true,\"valueName\":\"search_term_string\"}}],\"inLanguage\":\"ro-RO\"}]}<\/script>\n<!-- \/ Yoast SEO Premium plugin. -->","yoast_head_json":{"title":"About - SLOTS","robots":{"index":"index","follow":"follow","max-snippet":"max-snippet:-1","max-image-preview":"max-image-preview:large","max-video-preview":"max-video-preview:-1"},"canonical":"https:\/\/slotslogistic.com\/ro\/about\/","og_locale":"ro_RO","og_type":"article","og_title":"About","og_url":"https:\/\/slotslogistic.com\/ro\/about\/","og_site_name":"SLOTS","og_image":[{"url":"https:\/\/slotslogistic.com\/wp-content\/uploads\/2016\/06\/signature.png","type":"","width":"","height":""}],"twitter_card":"summary_large_image","twitter_misc":{"Timp estimat pentru citire":"4 minute"},"schema":{"@context":"https:\/\/schema.org","@graph":[{"@type":"WebPage","@id":"https:\/\/slotslogistic.com\/about\/","url":"https:\/\/slotslogistic.com\/about\/","name":"About - SLOTS","isPartOf":{"@id":"https:\/\/slotslogistic.com\/#website"},"primaryImageOfPage":{"@id":"https:\/\/slotslogistic.com\/about\/#primaryimage"},"image":{"@id":"https:\/\/slotslogistic.com\/about\/#primaryimage"},"thumbnailUrl":"https:\/\/slotslogistic.com\/wp-content\/uploads\/2016\/06\/signature.png","datePublished":"2016-06-07T09:58:31+00:00","breadcrumb":{"@id":"https:\/\/slotslogistic.com\/about\/#breadcrumb"},"inLanguage":"ro-RO","potentialAction":[{"@type":"ReadAction","target":["https:\/\/slotslogistic.com\/about\/"]}]},{"@type":"ImageObject","inLanguage":"ro-RO","@id":"https:\/\/slotslogistic.com\/about\/#primaryimage","url":"https:\/\/slotslogistic.com\/wp-content\/uploads\/2016\/06\/signature.png","contentUrl":"https:\/\/slotslogistic.com\/wp-content\/uploads\/2016\/06\/signature.png"},{"@type":"BreadcrumbList","@id":"https:\/\/slotslogistic.com\/about\/#breadcrumb","itemListElement":[{"@type":"ListItem","position":1,"name":"Home","item":"https:\/\/slotslogistic.com\/"},{"@type":"ListItem","position":2,"name":"About"}]},{"@type":"WebSite","@id":"https:\/\/slotslogistic.com\/#website","url":"https:\/\/slotslogistic.com\/","name":"SLOTS","description":"Logistics &amp; Transportation","potentialAction":[{"@type":"SearchAction","target":{"@type":"EntryPoint","urlTemplate":"https:\/\/slotslogistic.com\/?s={search_term_string}"},"query-input":{"@type":"PropertyValueSpecification","valueRequired":true,"valueName":"search_term_string"}}],"inLanguage":"ro-RO"}]}},"_links":{"self":[{"href":"https:\/\/slotslogistic.com\/ro\/wp-json\/wp\/v2\/pages\/455","targetHints":{"allow":["GET"]}}],"collection":[{"href":"https:\/\/slotslogistic.com\/ro\/wp-json\/wp\/v2\/pages"}],"about":[{"href":"https:\/\/slotslogistic.com\/ro\/wp-json\/wp\/v2\/types\/page"}],"author":[{"embeddable":true,"href":"https:\/\/slotslogistic.com\/ro\/wp-json\/wp\/v2\/users\/1"}],"replies":[{"embeddable":true,"href":"https:\/\/slotslogistic.com\/ro\/wp-json\/wp\/v2\/comments?post=455"}],"version-history":[{"count":0,"href":"https:\/\/slotslogistic.com\/ro\/wp-json\/wp\/v2\/pages\/455\/revisions"}],"wp:attachment":[{"href":"https:\/\/slotslogistic.com\/ro\/wp-json\/wp\/v2\/media?parent=455"}],"curies":[{"name":"wp","href":"https:\/\/api.w.org\/{rel}","templated":true}]}}