{"id":14,"date":"2016-05-30T09:51:09","date_gmt":"2016-05-30T09:51:09","guid":{"rendered":"http:\/\/localhost\/gocargo\/demo3\/?page_id=14"},"modified":"2016-05-30T09:51:09","modified_gmt":"2016-05-30T09:51:09","slug":"all-services-1","status":"publish","type":"page","link":"https:\/\/slotslogistic.com\/ro\/all-services-1\/","title":{"rendered":"Servicii"},"content":{"rendered":"<div class=\"wpb-content-wrapper\"><section class=\"wpb_row vc_row-fluid vc_custom_1464774093618\"><div class=\"row\"><div class=\"wpb_column vc_column_container vc_col-sm-12\"><div class=\"vc_column-inner\"><div class=\"wpb_wrapper\"  >\t\t\t   \n\t\n\t\t<div class=\"box-service box-four-columns\" >\n            <div class=\"bg-color-fx padding-5 text-center\">\n                <h3>Curieri \u0219i transport de linie<\/h3>\n                <div class=\"tiny-border margintop10 marginbottom10\"><\/div>\n                <img decoding=\"async\" src=\"https:\/\/slotslogistic.com\/wp-content\/uploads\/2024\/02\/Private-Fleet-Couriers.png\" class=\"img-responsive margintop20 marginbottom20 wow fadeInRight\" data-wow-delay=\"0.3s\" alt=\"Couriers\u200b &#038; Line-Haul\" \/>\n                <p>Transporta\u021bi eficient m\u0103rfurile dvs. cu Slots. Serviciile noastre de \u00eencredere asigur\u0103 livrarea la timp, Transportatorul dumneavoastr\u0103 c\u0103ruia \u00eei pas\u0103. \u0218oferii no\u0219tri de curierat dedica\u021bi sunt profesioni\u0219ti care au fost atent selecta\u021bi pentru a oferi cele mai \u00eenalte standarde de \u00eengrijire \u0219i servicii pentru clien\u021bi. re\u021beaua noastr\u0103 de transport \u0219i logistic\u0103 a fost meticulos conectat\u0103, testat\u0103 \u0219i optimizat\u0103 pentru a v\u0103 ob\u021bine cele mai scurte termene de livrare posibile, cu cele mai \u00eenalte niveluri de \u00eengrijire. \u00cen calitate de partener Slot, ve\u021bi avea acces la informa\u021biile noastre de urm\u0103rire transparente, \u00een timp real \u0219i propriul dvs. reprezentant Slots Transport. va fi disponibil pentru a v\u0103 asista individual. C\u00e2nd vine vorba de preg\u0103tire \u0219i organizare, suntem o companie de servicii de transport \u0219i logistic\u0103 care \u00ee\u0219i are camioanele \u00een r\u00e2nd.<\/p>\n                                \t<a href=\"https:\/\/slotslogistic.com\/ro\/services\/goods-transportation\/\" class=\"btn-arrow hover-light\"><span class=\"line\"><\/span><span class=\"url\">Vezi detalii<\/span><\/a>\n            \t            <\/div>\n        <\/div>\n            \n\t\t<div class=\"box-service box-four-columns\" >\n            <div class=\"bg-color-fx padding-5 text-center\">\n                <h3>Transport maritim<\/h3>\n                <div class=\"tiny-border margintop10 marginbottom10\"><\/div>\n                <img decoding=\"async\" src=\"https:\/\/slotslogistic.com\/wp-content\/uploads\/2016\/06\/1-1.png\" class=\"img-responsive margintop20 marginbottom20 wow fadeInRight\" data-wow-delay=\"0.6s\" alt=\"Ocean Freight\" \/>\n                <p>Slots ofer\u0103 solu\u021bii de transport maritim fiabile \u0219i rentabile, adaptate pentru a v\u0103 satisface cerin\u021bele globale de transport. Cu ajutorul re\u021belei noastre extinse de transportatori \u0219i agen\u021bi din \u00eentreaga lume, asigur\u0103m transportul f\u0103r\u0103 probleme \u0219i eficient al \u00eenc\u0103rc\u0103turii dvs. pe mare.\r\n\r\nEchipa noastr\u0103 dedicat\u0103 de exper\u021bi gestioneaz\u0103 fiecare aspect al transportului dvs. maritim, de la rezervare la livrare, cu o aten\u021bie meticuloas\u0103 la detalii. Optimiz\u0103m rutele \u0219i programele de expediere pentru a minimiza timpii de tranzit \u0219i a reduce costurile, asigur\u00e2nd \u00een acela\u0219i timp siguran\u021ba \u0219i securitatea \u00eenc\u0103rc\u0103turii dvs. pe tot parcursul c\u0103l\u0103toriei.\r\n\r\nCu Slots, v\u0103 pute\u021bi urm\u0103ri expedierea \u00een timp real \u0219i primi actualiz\u0103ri \u00een timp util cu privire la starea acesteia. Echipa noastr\u0103 experimentat\u0103 de asisten\u021b\u0103 pentru clien\u021bi este, de asemenea, disponibil\u0103 pentru a oferi asisten\u021b\u0103 \u0219i a r\u0103spunde oric\u0103ror \u00eentreb\u0103ri pe care le pute\u021bi avea, oferind servicii personalizate pentru a v\u0103 satisface nevoile.\r\n\r\nExperimenta\u021bi fiabilitatea \u0219i eficien\u021ba serviciilor de transport maritim Slots'. Ave\u021bi \u00eencredere \u00een noi pentru a v\u0103 livra marfa peste m\u0103ri, asigur\u00e2nd livrarea la timp \u0219i lini\u0219tea afacerii dumneavoastr\u0103.\r\n<\/p>\n                                \t<a href=\"https:\/\/slotslogistic.com\/ro\/services\/ocean-freight\/\" class=\"btn-arrow hover-light\"><span class=\"line\"><\/span><span class=\"url\">Vezi detalii<\/span><\/a>\n            \t            <\/div>\n        <\/div>\n            \n\t\t<div class=\"box-service box-four-columns\" >\n            <div class=\"bg-color-fx padding-5 text-center\">\n                <h3>Transport aerian de marf\u0103<\/h3>\n                <div class=\"tiny-border margintop10 marginbottom10\"><\/div>\n                <img decoding=\"async\" src=\"https:\/\/slotslogistic.com\/wp-content\/uploads\/2016\/06\/2-1.png\" class=\"img-responsive margintop20 marginbottom20 wow fadeInRight\" data-wow-delay=\"0.9s\" alt=\"Air Freight\" \/>\n                <p>Slots ofer\u0103 solu\u021bii eficiente \u0219i fiabile de transport aerian de marf\u0103 pentru a v\u0103 satisface nevoile de expediere \u00een timp util. Cu re\u021beaua noastr\u0103 extins\u0103 \u0219i parteneriatele noastre strategice, ne asigur\u0103m c\u0103 \u00eenc\u0103rc\u0103tura dumneavoastr\u0103 ajunge la destina\u021bie rapid \u0219i \u00een siguran\u021b\u0103.\r\n\r\nEchipa noastr\u0103 dedicat\u0103 este specializat\u0103 \u00een logistica transportului aerian, gestion\u00e2nd fiecare aspect al expedierii dvs. de la preluare la livrare. Acord\u0103m prioritate vitezei \u0219i eficien\u021bei, utiliz\u00e2nd cele mai rapide rute disponibile \u0219i procese de manipulare pentru a minimiza timpul de tranzit.\r\n\r\nCu Slots, v\u0103 pute\u021bi urm\u0103ri expedierea \u00een timp real \u0219i pute\u021bi primi actualiz\u0103ri pe tot parcursul c\u0103l\u0103toriei. Echipa noastr\u0103 experimentat\u0103 de asisten\u021b\u0103 pentru clien\u021bi este, de asemenea, disponibil\u0103 pentru a oferi asisten\u021b\u0103 \u0219i a r\u0103spunde oric\u0103ror \u00eentreb\u0103ri pe care le pute\u021bi avea, asigur\u00e2nd o experien\u021b\u0103 de expediere f\u0103r\u0103 probleme.\r\n\r\nExperimenta\u021bi confortul \u0219i fiabilitatea serviciilor de transport aerian Slots. Ave\u021bi \u00eencredere \u00een noi pentru a v\u0103 livra marfa rapid \u0219i \u00een siguran\u021b\u0103, astfel \u00eenc\u00e2t s\u0103 v\u0103 pute\u021bi respecta termenele limit\u0103 cu \u00eencredere.<\/p>\n                                \t<a href=\"https:\/\/slotslogistic.com\/ro\/services\/air-freight\/\" class=\"btn-arrow hover-light\"><span class=\"line\"><\/span><span class=\"url\">Vezi detalii<\/span><\/a>\n            \t            <\/div>\n        <\/div>\n            \n\t\t<div class=\"box-service box-four-columns\" >\n            <div class=\"bg-color-fx padding-5 text-center\">\n                <h3>Contracte de logistic\u0103<\/h3>\n                <div class=\"tiny-border margintop10 marginbottom10\"><\/div>\n                <img decoding=\"async\" src=\"https:\/\/slotslogistic.com\/wp-content\/uploads\/2016\/06\/3-1.png\" class=\"img-responsive margintop20 marginbottom20 wow fadeInRight\" data-wow-delay=\"1.2s\" alt=\"Logistics Contracts\" \/>\n                <p>Slots ofer\u0103 solu\u021bii cuprinz\u0103toare de contracte de logistic\u0103 adaptate pentru a r\u0103spunde nevoilor diverse ale \u00eentreprinderilor. Contractele noastre sunt concepute pentru a asigura o coordonare perfect\u0103 \u0219i eficien\u021b\u0103 \u00een opera\u021biunile de transport \u0219i logistic\u0103.\r\n\r\nCu Slots, v\u0103 pute\u021bi a\u0219tepta la contracte transparente \u0219i flexibile care se aliniaz\u0103 cerin\u021belor dumneavoastr\u0103 specifice. Fie c\u0103 ave\u021bi nevoie de parteneriate pe termen lung pentru sprijin logistic continuu sau de acorduri pe termen scurt pentru proiecte specifice, noi v\u0103 acoperim.\r\n\r\nEchipa noastr\u0103 cu experien\u021b\u0103 lucreaz\u0103 \u00eendeaproape cu dvs. pentru a v\u0103 \u00een\u021belege nevoile \u0219i a dezvolta solu\u021bii contractuale personalizate care optimizeaz\u0103 rentabilitatea \u0219i eficien\u021ba opera\u021bional\u0103. Cu termeni clari \u0219i angajamente de servicii fiabile, pute\u021bi avea \u00eencredere \u00een Slots pentru a ne respecta promisiunile.\r\n\r\n\u00cen plus, echipa noastr\u0103 dedicat\u0103 de asisten\u021b\u0103 pentru clien\u021bi este \u00eentotdeauna disponibil\u0103 pentru a oferi asisten\u021b\u0103 \u0219i a r\u0103spunde oric\u0103ror \u00eentreb\u0103ri pe care le pute\u021bi avea pe toat\u0103 durata contractului.\r\n\r\nExperimenta\u021bi lini\u0219tea care vine odat\u0103 cu parteneriatul cu Slots pentru nevoile dvs. de contracte logistice. Ave\u021bi \u00eencredere \u00een noi pentru a v\u0103 oferi solu\u021bii fiabile, flexibile \u0219i personalizate care s\u0103 v\u0103 sus\u021bin\u0103 obiectivele de afaceri.<\/p>\n                                \t<a href=\"https:\/\/slotslogistic.com\/ro\/services\/contract-logistic\/\" class=\"btn-arrow hover-light\"><span class=\"line\"><\/span><span class=\"url\">Vezi detalii<\/span><\/a>\n            \t            <\/div>\n        <\/div>\n        <div class=\"divider0\" style=\"clear: both;height: 1px;\"><\/div>    \n\t\t<div class=\"box-service box-four-columns\" >\n            <div class=\"bg-color-fx padding-5 text-center\">\n                <h3>Cargo Express<\/h3>\n                <div class=\"tiny-border margintop10 marginbottom10\"><\/div>\n                <img decoding=\"async\" src=\"https:\/\/slotslogistic.com\/wp-content\/uploads\/2016\/06\/4-1.png\" class=\"img-responsive margintop20 marginbottom20 wow fadeInRight\" data-wow-delay=\"1.5s\" alt=\"Cargo Express\" \/>\n                <p>Cu Slots Cargo Express, v\u0103 livr\u0103m bunurile rapid \u0219i sigur la destina\u021bie. Solu\u021biile noastre de expediere rapid\u0103 sunt concepute pentru \u00eentreprinderile care au nevoie de un transport urgent \u0219i fiabil al m\u0103rfurilor lor.\r\n\r\nEchipa noastr\u0103 dedicat\u0103 se asigur\u0103 c\u0103 expedierile dvs. sunt tratate cu cea mai mare grij\u0103 \u0219i aten\u021bie. De la preluare la livrare, acord\u0103m prioritate vitezei \u0219i eficien\u021bei, asigur\u00e2ndu-ne c\u0103 bunurile dvs. ajung la destina\u021bie la timp, de fiecare dat\u0103.\r\n\r\nCu urm\u0103rire \u00een timp real \u0219i asisten\u021b\u0103 personalizat\u0103, pute\u021bi monitoriza c\u0103l\u0103toria \u00eenc\u0103rc\u0103turii dvs. \u0219i v\u0103 pute\u021bi baza pe echipa noastr\u0103 de exper\u021bi pentru asisten\u021b\u0103 ori de c\u00e2te ori este nevoie. Fie c\u0103 expedia\u021bi la nivel local sau interna\u021bional, Slots Cargo Express este partenerul dvs. de \u00eencredere pentru solu\u021bii de expediere rapid\u0103.\r\n\r\nExperimenta\u021bi confortul \u0219i fiabilitatea Slots Cargo Express. Ave\u021bi \u00eencredere \u00een noi pentru a v\u0103 livra m\u0103rfurile rapid \u0219i \u00een siguran\u021b\u0103, astfel \u00eenc\u00e2t s\u0103 v\u0103 pute\u021bi concentra cu \u00eencredere asupra afacerii dumneavoastr\u0103.<\/p>\n                                \t<a href=\"https:\/\/slotslogistic.com\/ro\/services\/cargo-express\/\" class=\"btn-arrow hover-light\"><span class=\"line\"><\/span><span class=\"url\">Vezi detalii<\/span><\/a>\n            \t            <\/div>\n        <\/div>\n            \n\t\t<div class=\"box-service box-four-columns\" >\n            <div class=\"bg-color-fx padding-5 text-center\">\n                <h3>Depozitare<\/h3>\n                <div class=\"tiny-border margintop10 marginbottom10\"><\/div>\n                <img decoding=\"async\" src=\"https:\/\/slotslogistic.com\/wp-content\/uploads\/2016\/06\/pngegg.png\" class=\"img-responsive margintop20 marginbottom20 wow fadeInRight\" data-wow-delay=\"1.8s\" alt=\"Warehousing\" \/>\n                <p>La Slots, oferim servicii complete de depozitare concepute pentru a v\u0103 satisface nevoile de depozitare \u0219i distribu\u021bie cu eficien\u021b\u0103 \u0219i fiabilitate. Facilit\u0103\u021bile noastre de ultim\u0103 genera\u021bie sunt echipate pentru a gestiona o gam\u0103 larg\u0103 de produse, asigur\u00e2nd depozitarea sigur\u0103 \u0219i gestionarea f\u0103r\u0103 probleme a stocurilor.\r\n\r\nCu Slots, pute\u021bi avea \u00eencredere c\u0103 bunurile dvs. sunt \u00een m\u00e2ini sigure. Echipa noastr\u0103 cu experien\u021b\u0103 organizeaz\u0103 \u0219i gestioneaz\u0103 meticulos inventarul dumneavoastr\u0103, maximiz\u00e2nd utilizarea spa\u021biului \u0219i minimiz\u00e2nd costurile de manipulare. Fie c\u0103 ave\u021bi nevoie de depozitare pe termen scurt sau de solu\u021bii de depozitare pe termen lung, v\u0103 acoperim noi.\r\n\r\nAbordarea noastr\u0103 transparent\u0103 v\u0103 asigur\u0103 o vizibilitate \u00een timp real a inventarului dumneavoastr\u0103, permi\u021b\u00e2ndu-v\u0103 s\u0103 urm\u0103ri\u021bi nivelul stocurilor \u0219i s\u0103 gestiona\u021bi comenzile cu u\u0219urin\u021b\u0103. \u00cen plus, echipa noastr\u0103 dedicat\u0103 de asisten\u021b\u0103 pentru clien\u021bi este \u00eentotdeauna disponibil\u0103 pentru a oferi asisten\u021b\u0103 \u0219i a r\u0103spunde oric\u0103ror \u00eentreb\u0103ri pe care le pute\u021bi avea.\r\n\r\nBucura\u021bi-v\u0103 de lini\u0219te cu Slots' Warehousing Solutions. Ave\u021bi \u00eencredere \u00een noi pentru a v\u0103 oferi servicii de depozitare \u0219i distribu\u021bie fiabile, rentabile \u0219i personalizate pentru nevoile dvs. de afaceri.<\/p>\n                                \t<a href=\"https:\/\/slotslogistic.com\/ro\/services\/warehousing\/\" class=\"btn-arrow hover-light\"><span class=\"line\"><\/span><span class=\"url\">Vezi detalii<\/span><\/a>\n            \t            <\/div>\n        <\/div>\n            \n\t\t<div class=\"box-service box-four-columns\" >\n            <div class=\"bg-color-fx padding-5 text-center\">\n                <h3>Clearance personalizat<\/h3>\n                <div class=\"tiny-border margintop10 marginbottom10\"><\/div>\n                <img decoding=\"async\" src=\"https:\/\/slotslogistic.com\/wp-content\/uploads\/2016\/06\/6-1.png\" class=\"img-responsive margintop20 marginbottom20 wow fadeInRight\" data-wow-delay=\"2.1s\" alt=\"Custom Clearance\" \/>\n                <p>Parcurgerea procedurilor de v\u0103muire poate fi complex\u0103, dar cu Slots, este f\u0103r\u0103 probleme. Echipa noastr\u0103 cu experien\u021b\u0103 asigur\u0103 o procesare vamal\u0103 f\u0103r\u0103 probleme pentru importurile \u0219i exporturile dvs., economisindu-v\u0103 timp \u0219i b\u0103t\u0103i de cap.\r\n\r\nNe ocup\u0103m de toate documentele \u0219i procedurile cu o aten\u021bie meticuloas\u0103 la detalii, asigur\u00e2nd conformitatea cu reglement\u0103rile \u0219i minimiz\u00e2nd \u00eent\u00e2rzierile. Cu Slots, pute\u021bi avea \u00eencredere c\u0103 m\u0103rfurile dvs. vor trece vama eficient \u0219i f\u0103r\u0103 complica\u021bii.\r\n\r\nAbordarea noastr\u0103 transparent\u0103 v\u0103 \u021bine la curent la fiecare pas, oferind actualiz\u0103ri \u00een timp real cu privire la stadiul v\u0103muirii. \u00cen plus, echipa noastr\u0103 dedicat\u0103 de asisten\u021b\u0103 pentru clien\u021bi este \u00eentotdeauna disponibil\u0103 pentru a r\u0103spunde oric\u0103ror \u00eentreb\u0103ri sau preocup\u0103ri pe care le pute\u021bi avea.\r\n\r\nSimplifica\u021bi-v\u0103 procesul de v\u0103muire cu Slots. Ave\u021bi \u00eencredere \u00een noi pentru a v\u0103 oferi solu\u021bii fiabile \u0219i eficiente pentru nevoile dumneavoastr\u0103 de import \u0219i export.<\/p>\n                                \t<a href=\"https:\/\/slotslogistic.com\/ro\/services\/custom-brokerage\/\" class=\"btn-arrow hover-light\"><span class=\"line\"><\/span><span class=\"url\">Vezi detalii<\/span><\/a>\n            \t            <\/div>\n        <\/div>\n            \n\t\t<div class=\"box-service box-four-columns\" >\n            <div class=\"bg-color-fx padding-5 text-center\">\n                <h3>Transport corporativ<\/h3>\n                <div class=\"tiny-border margintop10 marginbottom10\"><\/div>\n                <img decoding=\"async\" src=\"https:\/\/slotslogistic.com\/wp-content\/uploads\/2016\/06\/7-1.png\" class=\"img-responsive margintop20 marginbottom20 wow fadeInRight\" data-wow-delay=\"2.4s\" alt=\"Corporate Transportation\" \/>\n                <p>La Slots, suntem specializa\u021bi \u00een furnizarea de solu\u021bii de transport corporativ precise, fiabile \u0219i profesionale, adaptate nevoilor dvs. de afaceri. Echipa noastr\u0103 dedicat\u0103 asigur\u0103 excelen\u021ba \u00een c\u0103l\u0103torii executive, transport de grup pentru evenimente \u0219i servicii regulate de transfer pentru angaja\u021bi.\r\n\r\nCu \u0219oferi atent selecta\u021bi care servesc drept ambasadori ai m\u0103rcii, garant\u0103m servicii de top. Urm\u0103rirea \u00een timp real \u0219i asisten\u021ba personalizat\u0103 pentru clien\u021bi ofer\u0103 transparen\u021b\u0103 \u0219i lini\u0219te.\r\n\r\nAve\u021bi \u00eencredere \u00een Slots pentru un transport corporativ eficient, responsabil \u0219i confortabil. Experimenta\u021bi excelen\u021ba \u00een fiecare c\u0103l\u0103torie cu Slots Corporate Transportation Services.\r\n<\/p>\n                                \t<a href=\"https:\/\/slotslogistic.com\/ro\/services\/corporate-transportation\/\" class=\"btn-arrow hover-light\"><span class=\"line\"><\/span><span class=\"url\">Vezi detalii<\/span><\/a>\n            \t            <\/div>\n        <\/div>\n        <div class=\"divider0\" style=\"clear: both;height: 1px;\"><\/div>        \n\n<\/div><\/div><\/div><\/div><div class=\"clearfix\"><\/div><\/section><section data-stellar-background-ratio=\".3\" style=\"background: url(https:\/\/slotslogistic.com\/wp-content\/uploads\/2016\/05\/bg-5-1.jpg);fixed; background-size:cover;\" class=\"wpb_row vc_row-fluid cta light-text vc_custom_1465289482821\"><div class=\"container\"><div class=\"row\"><div class=\"wpb_column vc_column_container vc_col-sm-12\"><div class=\"vc_column-inner\"><div class=\"wpb_wrapper\"  >\n    <div class=\"padding30 overlaydark80 wow fadeIn\">\n    \t<div class=\"row\">\n    \t\t<div class=\"col-md-10\">\n\t        \t\t            \t<h2 class=\"mb0 mt10\">Contacta\u021bi-ne acum pentru a ob\u021bine o ofert\u0103 pentru toate nevoile dvs. de transport maritim global<\/h2>\n\t            \t\t                \t                                    \n\t        <\/div>\n\n\t        <div class=\"col-md-2\">\n\t            <a class=\"btn btn-custom\" href=\"#\" title=\"Contacta\u021bi-ne\" target=\"_self\">Contacta\u021bi-ne<\/a>\t        <\/div>\n    \t<\/div>\n    <\/div>          \n\t\n<\/div><\/div><\/div><\/div><\/div><div class=\"clearfix\"><\/div><\/section>\n<\/div>","protected":false},"excerpt":{"rendered":"Services Details Aenean sollicitudin, lorem quis bibendum auctor, nisi elit consequat ipsum, nec sagittis sem nibh id elit. Duis sed odio sit amet nibh vulputate cursus a sit amet mauris. Morbi accumsan ipsum velit. Nam nec tellus Aenean sollicitudin, lorem quis bibendum auctor, nisi elit consequat ipsum, nec sagittis sem nibh id elit. Duis sed [...]","protected":false},"author":1,"featured_media":0,"parent":0,"menu_order":0,"comment_status":"closed","ping_status":"closed","template":"page-templates\/template-fullwidth.php","meta":{"footnotes":""},"class_list":["post-14","page","type-page","status-publish","hentry"],"yoast_head":"<!-- This site is optimized with the Yoast SEO Premium plugin v23.0 (Yoast SEO v27.4) - https:\/\/yoast.com\/product\/yoast-seo-premium-wordpress\/ -->\n<title>Services - SLOTS<\/title>\n<meta name=\"robots\" content=\"index, follow, max-snippet:-1, max-image-preview:large, max-video-preview:-1\" \/>\n<link rel=\"canonical\" href=\"https:\/\/slotslogistic.com\/ro\/all-services-1\/\" \/>\n<meta property=\"og:locale\" content=\"ro_RO\" \/>\n<meta property=\"og:type\" content=\"article\" \/>\n<meta property=\"og:title\" content=\"Services\" \/>\n<meta property=\"og:url\" content=\"https:\/\/slotslogistic.com\/ro\/all-services-1\/\" \/>\n<meta property=\"og:site_name\" content=\"SLOTS\" \/>\n<meta name=\"twitter:card\" content=\"summary_large_image\" \/>\n<script type=\"application\/ld+json\" class=\"yoast-schema-graph\">{\"@context\":\"https:\\\/\\\/schema.org\",\"@graph\":[{\"@type\":\"WebPage\",\"@id\":\"https:\\\/\\\/slotslogistic.com\\\/all-services-1\\\/\",\"url\":\"https:\\\/\\\/slotslogistic.com\\\/all-services-1\\\/\",\"name\":\"Services - SLOTS\",\"isPartOf\":{\"@id\":\"https:\\\/\\\/slotslogistic.com\\\/#website\"},\"datePublished\":\"2016-05-30T09:51:09+00:00\",\"breadcrumb\":{\"@id\":\"https:\\\/\\\/slotslogistic.com\\\/all-services-1\\\/#breadcrumb\"},\"inLanguage\":\"ro-RO\",\"potentialAction\":[{\"@type\":\"ReadAction\",\"target\":[\"https:\\\/\\\/slotslogistic.com\\\/all-services-1\\\/\"]}]},{\"@type\":\"BreadcrumbList\",\"@id\":\"https:\\\/\\\/slotslogistic.com\\\/all-services-1\\\/#breadcrumb\",\"itemListElement\":[{\"@type\":\"ListItem\",\"position\":1,\"name\":\"Home\",\"item\":\"https:\\\/\\\/slotslogistic.com\\\/\"},{\"@type\":\"ListItem\",\"position\":2,\"name\":\"Services\"}]},{\"@type\":\"WebSite\",\"@id\":\"https:\\\/\\\/slotslogistic.com\\\/#website\",\"url\":\"https:\\\/\\\/slotslogistic.com\\\/\",\"name\":\"SLOTS\",\"description\":\"Logistics &amp; Transportation\",\"potentialAction\":[{\"@type\":\"SearchAction\",\"target\":{\"@type\":\"EntryPoint\",\"urlTemplate\":\"https:\\\/\\\/slotslogistic.com\\\/?s={search_term_string}\"},\"query-input\":{\"@type\":\"PropertyValueSpecification\",\"valueRequired\":true,\"valueName\":\"search_term_string\"}}],\"inLanguage\":\"ro-RO\"}]}<\/script>\n<!-- \/ Yoast SEO Premium plugin. -->","yoast_head_json":{"title":"Services - SLOTS","robots":{"index":"index","follow":"follow","max-snippet":"max-snippet:-1","max-image-preview":"max-image-preview:large","max-video-preview":"max-video-preview:-1"},"canonical":"https:\/\/slotslogistic.com\/ro\/all-services-1\/","og_locale":"ro_RO","og_type":"article","og_title":"Services","og_url":"https:\/\/slotslogistic.com\/ro\/all-services-1\/","og_site_name":"SLOTS","twitter_card":"summary_large_image","schema":{"@context":"https:\/\/schema.org","@graph":[{"@type":"WebPage","@id":"https:\/\/slotslogistic.com\/all-services-1\/","url":"https:\/\/slotslogistic.com\/all-services-1\/","name":"Services - SLOTS","isPartOf":{"@id":"https:\/\/slotslogistic.com\/#website"},"datePublished":"2016-05-30T09:51:09+00:00","breadcrumb":{"@id":"https:\/\/slotslogistic.com\/all-services-1\/#breadcrumb"},"inLanguage":"ro-RO","potentialAction":[{"@type":"ReadAction","target":["https:\/\/slotslogistic.com\/all-services-1\/"]}]},{"@type":"BreadcrumbList","@id":"https:\/\/slotslogistic.com\/all-services-1\/#breadcrumb","itemListElement":[{"@type":"ListItem","position":1,"name":"Home","item":"https:\/\/slotslogistic.com\/"},{"@type":"ListItem","position":2,"name":"Services"}]},{"@type":"WebSite","@id":"https:\/\/slotslogistic.com\/#website","url":"https:\/\/slotslogistic.com\/","name":"SLOTS","description":"Logistics &amp; Transportation","potentialAction":[{"@type":"SearchAction","target":{"@type":"EntryPoint","urlTemplate":"https:\/\/slotslogistic.com\/?s={search_term_string}"},"query-input":{"@type":"PropertyValueSpecification","valueRequired":true,"valueName":"search_term_string"}}],"inLanguage":"ro-RO"}]}},"_links":{"self":[{"href":"https:\/\/slotslogistic.com\/ro\/wp-json\/wp\/v2\/pages\/14","targetHints":{"allow":["GET"]}}],"collection":[{"href":"https:\/\/slotslogistic.com\/ro\/wp-json\/wp\/v2\/pages"}],"about":[{"href":"https:\/\/slotslogistic.com\/ro\/wp-json\/wp\/v2\/types\/page"}],"author":[{"embeddable":true,"href":"https:\/\/slotslogistic.com\/ro\/wp-json\/wp\/v2\/users\/1"}],"replies":[{"embeddable":true,"href":"https:\/\/slotslogistic.com\/ro\/wp-json\/wp\/v2\/comments?post=14"}],"version-history":[{"count":0,"href":"https:\/\/slotslogistic.com\/ro\/wp-json\/wp\/v2\/pages\/14\/revisions"}],"wp:attachment":[{"href":"https:\/\/slotslogistic.com\/ro\/wp-json\/wp\/v2\/media?parent=14"}],"curies":[{"name":"wp","href":"https:\/\/api.w.org\/{rel}","templated":true}]}}