{"id":459,"date":"2016-06-07T09:59:09","date_gmt":"2016-06-07T09:59:09","guid":{"rendered":"http:\/\/demo.vegatheme.com\/gocargo\/demo3\/?page_id=459"},"modified":"2024-07-24T11:27:38","modified_gmt":"2024-07-24T11:27:38","slug":"about-us","status":"publish","type":"page","link":"https:\/\/slotslogistic.com\/fr\/about-us\/","title":{"rendered":"A propos de nous"},"content":{"rendered":"<div class=\"wpb-content-wrapper\"><section class=\"wpb_row vc_row-fluid vc_custom_1465396295524 side-bg\"><div class=\"image-container col-md-6 col-md-offset-6 pull-left\"><div class=\"background-image\" style=\"background: url(https:\/\/slotslogistic.com\/wp-content\/uploads\/2016\/06\/bg_side_2.jpg) ;\"><\/div><\/div><div class=\"container\"><div class=\"row\"><div class=\"wpb_column vc_column_container vc_col-sm-12 vc_col-md-5\"><div class=\"vc_column-inner\"><div class=\"wpb_wrapper\"  ><\/div><\/div><\/div><div class=\"wpb_column vc_column_container vc_col-sm-12 vc_col-md-offset-2 vc_col-md-5\"><div class=\"vc_column-inner\"><div class=\"wpb_wrapper\"  >\n\t<div class=\"text-left\">\n\t\t \n\t\t\t <h2>Qui sommes-nous ?<\/h2>\t        <p class=\"lead\">Nous sommes plus qu'une simple entreprise de transport et de logistique. Nous sommes un partenaire de confiance, dont la mission est d'aider les entreprises \u00e0 prosp\u00e9rer dans le monde dynamique du commerce mondial. Gr\u00e2ce \u00e0 notre engagement en faveur de l'excellence, de l'innovation et de la satisfaction des clients, nous red\u00e9finissons les normes des services logistiques, en apportant de la valeur \u00e0 chaque \u00e9tape de la cha\u00eene d'approvisionnement.<\/p>\t\t\t<div class=\"divider-deco\"><span><\/span><\/div>\t\t\t\n\t\t    <\/div>\t\n\t\n\n\t<div class=\"wpb_text_column wpb_content_element  vc_custom_1713387086915\" >\n\t\t<div class=\"wpb_wrapper\">\n\t\t\t<p>Que vous soyez une petite entreprise cherchant \u00e0 se d\u00e9velopper sur de nouveaux march\u00e9s ou une multinationale cherchant \u00e0 optimiser sa cha\u00eene d'approvisionnement, Slots Logistics est votre partenaire de confiance pour tous vos besoins logistiques. D\u00e9couvrez la diff\u00e9rence avec Slots et ouvrez de nouvelles opportunit\u00e9s de croissance, d'efficacit\u00e9 et de succ\u00e8s sur le march\u00e9 mondial comp\u00e9titif d'aujourd'hui.<\/p>\n\n\t\t<\/div>\n\t<\/div>\n<\/div><\/div><\/div><\/div><\/div><div class=\"clearfix\"><\/div><\/section><section data-stellar-background-ratio=\".3\" style=\"background: url(https:\/\/slotslogistic.com\/wp-content\/uploads\/2016\/05\/bg-3-1.jpg);fixed; background-size:cover;\" class=\"wpb_row vc_row-fluid\"><div class=\"container\"><div class=\"row\"><div class=\"wpb_column vc_column_container vc_col-sm-12\"><div class=\"vc_column-inner\"><div class=\"wpb_wrapper\"  >\n\t<div class=\"text-left light-text\">\n\t\t \n\t\t\t <h2>Conseil d'administration<\/h2>\t        \t\t\t<div class=\"divider-deco\"><span><\/span><\/div>\t\t\t\n\t\t    <\/div>\t\n\t\n<\/div><\/div><\/div><div class=\"text-center wpb_column vc_column_container vc_col-sm-6\"><div class=\"vc_column-inner\"><div class=\"wpb_wrapper\"  >\n\t<div class=\"vc_custom_1714255706401\">\n        <div class=\"row\">\n            <div class=\"col-md-6 pr0\">\n                <img loading=\"lazy\" decoding=\"async\" width=\"373\" height=\"585\" src=\"https:\/\/slotslogistic.com\/wp-content\/uploads\/2024\/04\/Anonymous-2048x2048-2.jpg\" class=\"img-responsive\" alt=\"\" srcset=\"https:\/\/slotslogistic.com\/wp-content\/uploads\/2024\/04\/Anonymous-2048x2048-2.jpg 373w, https:\/\/slotslogistic.com\/wp-content\/uploads\/2024\/04\/Anonymous-2048x2048-2-191x300.jpg 191w, https:\/\/slotslogistic.com\/wp-content\/uploads\/2024\/04\/Anonymous-2048x2048-2-300x471.jpg 300w\" sizes=\"auto, (max-width: 373px) 100vw, 373px\" \/>            <\/div>\n            <div class=\"col-md-6\">\n                <div class=\"p20 pl10 pt30\">\n                    <div class=\"id-color font2\"><i>Mumen Ismail<\/i><\/div>\n                    <div class=\"font2 mb10 text-white\"><i>Directeur g\u00e9n\u00e9ral<\/i><\/div>                    \t\t\t\t\n\t\t\t\t\t<!-- social icons -->\n                    <div class=\"social hspace10 mt10\">\n                        <a href=\"#\" target=\"_blank\"><i class=\"fab fa-facebook-square\"><\/i><\/a>\t\t\t            <a href=\"#\" target=\"_blank\"><i class=\"fab fa-instagram\"><\/i><\/a>\t\t\t            <a href=\"#\" target=\"_blank\"><i class=\"fab fa-linkedin\"><\/i><\/a>\t\t\t            <a href=\"#\" target=\"_blank\"><i class=\"fas fa-at\"><\/i><\/a>\t\t\t            \t\t\t                                <\/div>\n                    <!-- social icons close -->\n                <\/div>\n            <\/div>\n        <\/div>\n    <\/div>\n\n<\/div><\/div><\/div><div class=\"text-center wpb_column vc_column_container vc_col-sm-6\"><div class=\"vc_column-inner\"><div class=\"wpb_wrapper\"  >\n\t<div class=\"vc_custom_1714255685334\">\n        <div class=\"row\">\n            <div class=\"col-md-6 pr0\">\n                <img loading=\"lazy\" decoding=\"async\" width=\"373\" height=\"585\" src=\"https:\/\/slotslogistic.com\/wp-content\/uploads\/2024\/04\/Anonymous-2048x2048-2.jpg\" class=\"img-responsive\" alt=\"\" srcset=\"https:\/\/slotslogistic.com\/wp-content\/uploads\/2024\/04\/Anonymous-2048x2048-2.jpg 373w, https:\/\/slotslogistic.com\/wp-content\/uploads\/2024\/04\/Anonymous-2048x2048-2-191x300.jpg 191w, https:\/\/slotslogistic.com\/wp-content\/uploads\/2024\/04\/Anonymous-2048x2048-2-300x471.jpg 300w\" sizes=\"auto, (max-width: 373px) 100vw, 373px\" \/>            <\/div>\n            <div class=\"col-md-6\">\n                <div class=\"p20 pl10 pt30\">\n                    <div class=\"id-color font2\"><i>Nader Salama<\/i><\/div>\n                    <div class=\"font2 mb10 text-white\"><i>Directeur de la technologie<\/i><\/div>                    \t\t\t\t\n\t\t\t\t\t<!-- social icons -->\n                    <div class=\"social hspace10 mt10\">\n                        <a href=\"#\" target=\"_blank\"><i class=\"fab fa-facebook-square\"><\/i><\/a>\t\t\t            <a href=\"#\" target=\"_blank\"><i class=\"fab fa-instagram\"><\/i><\/a>\t\t\t            <a href=\"#\" target=\"_blank\"><i class=\"fab fa-linkedin\"><\/i><\/a>\t\t\t            <a href=\"#\" target=\"_blank\"><i class=\"fas fa-at\"><\/i><\/a>\t\t\t            \t\t\t                                <\/div>\n                    <!-- social icons close -->\n                <\/div>\n            <\/div>\n        <\/div>\n    <\/div>\n\n<\/div><\/div><\/div><\/div><\/div><div class=\"clearfix\"><\/div><\/section><section class=\"wpb_row vc_row-fluid vc_custom_1465396506643 side-bg\"><div class=\"image-container col-md-6 col-md-offset-6 pull-right\"><div class=\"background-image\" style=\"background: url(https:\/\/slotslogistic.com\/wp-content\/uploads\/2016\/06\/bg_side_3.jpg) ;\"><\/div><\/div><div class=\"container\"><div class=\"row\"><div class=\"wpb_column vc_column_container vc_col-sm-12 vc_col-md-5\"><div class=\"vc_column-inner\"><div class=\"wpb_wrapper\"  >\n\t<div class=\"text-left\">\n\t\t \n\t\t\t <h2>Notre approche<\/h2>\t        <p class=\"lead\">Chez Slots Logistics, nous adoptons une approche centr\u00e9e sur le client dans tous les aspects de notre activit\u00e9. D\u00e8s que vous vous engagez avec nous, vous pouvez compter sur une attention personnalis\u00e9e, une communication proactive et des solutions sur mesure adapt\u00e9es \u00e0 vos besoins uniques.<\/p>\n<p><strong>Services complets :<\/strong> Que vous ayez besoin de fret a\u00e9rien, de fret maritime, d'entreposage, de d\u00e9douanement ou d'une combinaison de services, nous avons ce qu'il vous faut. Notre gamme compl\u00e8te de solutions logistiques nous permet de r\u00e9pondre \u00e0 tous vos besoins en mati\u00e8re de transport et de cha\u00eene d'approvisionnement sous un m\u00eame toit.<\/p>\n<p><strong>R\u00e9seau mondial :<\/strong> Gr\u00e2ce \u00e0 un vaste r\u00e9seau de partenaires, de transporteurs et d'agents dans le monde entier, nous offrons une connectivit\u00e9 sans faille vers les principaux march\u00e9s et destinations \u00e0 travers le monde. O\u00f9 que votre activit\u00e9 vous m\u00e8ne, Slots Logistics est l\u00e0 pour vous soutenir.<\/p>\n<p><strong>Soutien exceptionnel :<\/strong> Notre \u00e9quipe d\u00e9vou\u00e9e de professionnels de la logistique s'engage \u00e0 fournir une assistance exceptionnelle \u00e0 nos clients \u00e0 chaque \u00e9tape du processus. Qu'il s'agisse de conseils d'experts, d'aide \u00e0 la documentation, de suivi en temps r\u00e9el ou de r\u00e9solution proactive des probl\u00e8mes, nous sommes l\u00e0 pour vous garantir une exp\u00e9rience logistique fluide et sans stress.<\/p>\t\t\t<div class=\"divider-deco\"><span><\/span><\/div>\t\t\t\n\t\t    <\/div>\t\n\t\n\n\t<div class=\"wpb_text_column wpb_content_element  vc_custom_1713387825040\" >\n\t\t<div class=\"wpb_wrapper\">\n\t\t\t<p><strong>L'excellence :<\/strong> Nous recherchons l'excellence dans tout ce que nous faisons, en nous effor\u00e7ant de fournir un service de qualit\u00e9 sup\u00e9rieure, des solutions innovantes et des r\u00e9sultats mesurables qui favorisent la r\u00e9ussite de nos clients et de nos partenaires.<\/p>\n<p><strong>Int\u00e9grit\u00e9 :<\/strong> Nous menons nos activit\u00e9s en respectant les normes \u00e9thiques les plus strictes, en faisant preuve de transparence et d'int\u00e9grit\u00e9, en favorisant la confiance et le respect mutuel avec nos clients, nos employ\u00e9s et nos parties prenantes.<\/p>\n<p><strong>Collaboration :<\/strong> Nous croyons au pouvoir de la collaboration et du travail d'\u00e9quipe, en tirant parti de l'expertise diversifi\u00e9e de notre r\u00e9seau mondial pour r\u00e9soudre des probl\u00e8mes complexes et atteindre des objectifs communs.<\/p>\n<p><strong>L'innovation :<\/strong> Nous consid\u00e9rons l'innovation et la technologie comme des moteurs de progr\u00e8s, en recherchant constamment de nouveaux moyens d'optimiser les processus, d'am\u00e9liorer l'efficacit\u00e9 et de fournir des solutions \u00e0 valeur ajout\u00e9e \u00e0 nos clients.<\/p>\n\n\t\t<\/div>\n\t<\/div>\n<\/div><\/div><\/div><div class=\"wpb_column vc_column_container vc_col-sm-12 vc_col-md-offset-2 vc_col-md-5\"><div class=\"vc_column-inner\"><div class=\"wpb_wrapper\"  ><\/div><\/div><\/div><\/div><\/div><div class=\"clearfix\"><\/div><\/section><section data-stellar-background-ratio=\".3\" style=\"background: url(https:\/\/slotslogistic.com\/wp-content\/uploads\/2016\/05\/bg-5-1.jpg);fixed; background-size:cover;\" class=\"wpb_row vc_row-fluid cta light-text vc_custom_1465286010233\"><div class=\"container\"><div class=\"row\"><div class=\"wpb_column vc_column_container vc_col-sm-12\"><div class=\"vc_column-inner\"><div class=\"wpb_wrapper\"  >\n    <div class=\"padding30 overlaydark80 wow fadeIn\">\n    \t<div class=\"row\">\n    \t\t<div class=\"col-md-10\">\n\t        \t\t            \t<h2 class=\"mb0 mt10\">Contactez-nous d\u00e8s maintenant pour obtenir un devis pour tous vos besoins en mati\u00e8re d'exp\u00e9dition internationale.<\/h2>\n\t            \t\t                \t                                    \n\t        <\/div>\n\n\t        <div class=\"col-md-2\">\n\t            <a class=\"btn btn-custom\" href=\"#\" title=\"Contactez nous\" target=\"_self\">Contactez nous<\/a>\t        <\/div>\n    \t<\/div>\n    <\/div>          \n\t\n<\/div><\/div><\/div><\/div><\/div><div class=\"clearfix\"><\/div><\/section>\n<\/div>","protected":false},"excerpt":{"rendered":"Who We Are We are more than just a transportation and logistics company. We are a trusted partner, dedicated to empowering businesses to thrive in the dynamic world of global trade. With a commitment to excellence, innovation, and customer satisfaction, we redefine the standards of logistics services, delivering value at every step of the supply [...]","protected":false},"author":1,"featured_media":0,"parent":0,"menu_order":0,"comment_status":"closed","ping_status":"closed","template":"page-templates\/template-fullwidth.php","meta":{"footnotes":""},"class_list":["post-459","page","type-page","status-publish","hentry"],"yoast_head":"<!-- This site is optimized with the Yoast SEO Premium plugin v23.0 (Yoast SEO v27.4) - https:\/\/yoast.com\/product\/yoast-seo-premium-wordpress\/ -->\n<title>About Us - SLOTS<\/title>\n<meta name=\"robots\" content=\"index, follow, max-snippet:-1, max-image-preview:large, max-video-preview:-1\" \/>\n<link rel=\"canonical\" href=\"https:\/\/slotslogistic.com\/fr\/about-us\/\" \/>\n<meta property=\"og:locale\" content=\"fr_FR\" \/>\n<meta property=\"og:type\" content=\"article\" \/>\n<meta property=\"og:title\" content=\"About Us\" \/>\n<meta property=\"og:url\" content=\"https:\/\/slotslogistic.com\/fr\/about-us\/\" \/>\n<meta property=\"og:site_name\" content=\"SLOTS\" \/>\n<meta property=\"article:modified_time\" content=\"2024-07-24T11:27:38+00:00\" \/>\n<meta name=\"twitter:card\" content=\"summary_large_image\" \/>\n<meta name=\"twitter:label1\" content=\"Dur\u00e9e de lecture estim\u00e9e\" \/>\n\t<meta name=\"twitter:data1\" content=\"3 minutes\" \/>\n<script type=\"application\/ld+json\" class=\"yoast-schema-graph\">{\"@context\":\"https:\\\/\\\/schema.org\",\"@graph\":[{\"@type\":\"WebPage\",\"@id\":\"https:\\\/\\\/slotslogistic.com\\\/about-us\\\/\",\"url\":\"https:\\\/\\\/slotslogistic.com\\\/about-us\\\/\",\"name\":\"About Us - SLOTS\",\"isPartOf\":{\"@id\":\"https:\\\/\\\/slotslogistic.com\\\/#website\"},\"datePublished\":\"2016-06-07T09:59:09+00:00\",\"dateModified\":\"2024-07-24T11:27:38+00:00\",\"breadcrumb\":{\"@id\":\"https:\\\/\\\/slotslogistic.com\\\/about-us\\\/#breadcrumb\"},\"inLanguage\":\"fr-FR\",\"potentialAction\":[{\"@type\":\"ReadAction\",\"target\":[\"https:\\\/\\\/slotslogistic.com\\\/about-us\\\/\"]}]},{\"@type\":\"BreadcrumbList\",\"@id\":\"https:\\\/\\\/slotslogistic.com\\\/about-us\\\/#breadcrumb\",\"itemListElement\":[{\"@type\":\"ListItem\",\"position\":1,\"name\":\"Home\",\"item\":\"https:\\\/\\\/slotslogistic.com\\\/\"},{\"@type\":\"ListItem\",\"position\":2,\"name\":\"About Us\"}]},{\"@type\":\"WebSite\",\"@id\":\"https:\\\/\\\/slotslogistic.com\\\/#website\",\"url\":\"https:\\\/\\\/slotslogistic.com\\\/\",\"name\":\"SLOTS\",\"description\":\"Logistics &amp; Transportation\",\"potentialAction\":[{\"@type\":\"SearchAction\",\"target\":{\"@type\":\"EntryPoint\",\"urlTemplate\":\"https:\\\/\\\/slotslogistic.com\\\/?s={search_term_string}\"},\"query-input\":{\"@type\":\"PropertyValueSpecification\",\"valueRequired\":true,\"valueName\":\"search_term_string\"}}],\"inLanguage\":\"fr-FR\"}]}<\/script>\n<!-- \/ Yoast SEO Premium plugin. -->","yoast_head_json":{"title":"About Us - SLOTS","robots":{"index":"index","follow":"follow","max-snippet":"max-snippet:-1","max-image-preview":"max-image-preview:large","max-video-preview":"max-video-preview:-1"},"canonical":"https:\/\/slotslogistic.com\/fr\/about-us\/","og_locale":"fr_FR","og_type":"article","og_title":"About Us","og_url":"https:\/\/slotslogistic.com\/fr\/about-us\/","og_site_name":"SLOTS","article_modified_time":"2024-07-24T11:27:38+00:00","twitter_card":"summary_large_image","twitter_misc":{"Dur\u00e9e de lecture estim\u00e9e":"3 minutes"},"schema":{"@context":"https:\/\/schema.org","@graph":[{"@type":"WebPage","@id":"https:\/\/slotslogistic.com\/about-us\/","url":"https:\/\/slotslogistic.com\/about-us\/","name":"About Us - SLOTS","isPartOf":{"@id":"https:\/\/slotslogistic.com\/#website"},"datePublished":"2016-06-07T09:59:09+00:00","dateModified":"2024-07-24T11:27:38+00:00","breadcrumb":{"@id":"https:\/\/slotslogistic.com\/about-us\/#breadcrumb"},"inLanguage":"fr-FR","potentialAction":[{"@type":"ReadAction","target":["https:\/\/slotslogistic.com\/about-us\/"]}]},{"@type":"BreadcrumbList","@id":"https:\/\/slotslogistic.com\/about-us\/#breadcrumb","itemListElement":[{"@type":"ListItem","position":1,"name":"Home","item":"https:\/\/slotslogistic.com\/"},{"@type":"ListItem","position":2,"name":"About Us"}]},{"@type":"WebSite","@id":"https:\/\/slotslogistic.com\/#website","url":"https:\/\/slotslogistic.com\/","name":"SLOTS","description":"Logistics &amp; Transportation","potentialAction":[{"@type":"SearchAction","target":{"@type":"EntryPoint","urlTemplate":"https:\/\/slotslogistic.com\/?s={search_term_string}"},"query-input":{"@type":"PropertyValueSpecification","valueRequired":true,"valueName":"search_term_string"}}],"inLanguage":"fr-FR"}]}},"_links":{"self":[{"href":"https:\/\/slotslogistic.com\/fr\/wp-json\/wp\/v2\/pages\/459","targetHints":{"allow":["GET"]}}],"collection":[{"href":"https:\/\/slotslogistic.com\/fr\/wp-json\/wp\/v2\/pages"}],"about":[{"href":"https:\/\/slotslogistic.com\/fr\/wp-json\/wp\/v2\/types\/page"}],"author":[{"embeddable":true,"href":"https:\/\/slotslogistic.com\/fr\/wp-json\/wp\/v2\/users\/1"}],"replies":[{"embeddable":true,"href":"https:\/\/slotslogistic.com\/fr\/wp-json\/wp\/v2\/comments?post=459"}],"version-history":[{"count":14,"href":"https:\/\/slotslogistic.com\/fr\/wp-json\/wp\/v2\/pages\/459\/revisions"}],"predecessor-version":[{"id":910,"href":"https:\/\/slotslogistic.com\/fr\/wp-json\/wp\/v2\/pages\/459\/revisions\/910"}],"wp:attachment":[{"href":"https:\/\/slotslogistic.com\/fr\/wp-json\/wp\/v2\/media?parent=459"}],"curies":[{"name":"wp","href":"https:\/\/api.w.org\/{rel}","templated":true}]}}