{"id":14,"date":"2016-05-30T09:51:09","date_gmt":"2016-05-30T09:51:09","guid":{"rendered":"http:\/\/localhost\/gocargo\/demo3\/?page_id=14"},"modified":"2016-05-30T09:51:09","modified_gmt":"2016-05-30T09:51:09","slug":"all-services-1","status":"publish","type":"page","link":"https:\/\/slotslogistic.com\/fr\/all-services-1\/","title":{"rendered":"Services"},"content":{"rendered":"<div class=\"wpb-content-wrapper\"><section class=\"wpb_row vc_row-fluid vc_custom_1464774093618\"><div class=\"row\"><div class=\"wpb_column vc_column_container vc_col-sm-12\"><div class=\"vc_column-inner\"><div class=\"wpb_wrapper\"  >\t\t\t   \n\t\n\t\t<div class=\"box-service box-four-columns\" >\n            <div class=\"bg-color-fx padding-5 text-center\">\n                <h3>Courriers et transport de ligne<\/h3>\n                <div class=\"tiny-border margintop10 marginbottom10\"><\/div>\n                <img decoding=\"async\" src=\"https:\/\/slotslogistic.com\/wp-content\/uploads\/2024\/02\/Private-Fleet-Couriers.png\" class=\"img-responsive margintop20 marginbottom20 wow fadeInRight\" data-wow-delay=\"0.3s\" alt=\"Couriers\u200b &#038; Line-Haul\" \/>\n                <p>Transportez efficacement vos marchandises avec Slots. Nos services fiables garantissent une livraison dans les d\u00e9lais, Votre transporteur qui prend soin de vous. Notre r\u00e9seau de transport et de logistique a \u00e9t\u00e9 m\u00e9ticuleusement connect\u00e9, test\u00e9 et optimis\u00e9 pour vous offrir les d\u00e9lais de livraison les plus courts possibles avec le plus haut niveau d'attention. En tant que partenaire de Slot, vous aurez acc\u00e8s \u00e0 nos informations de suivi transparentes et en temps r\u00e9el, et votre propre repr\u00e9sentant Slots Transport sera disponible pour vous aider individuellement. Lorsqu'il s'agit de pr\u00e9paration et d'organisation, nous sommes une entreprise de services de transport et de logistique qui a ses camions en ligne.<\/p>\n                                \t<a href=\"https:\/\/slotslogistic.com\/fr\/services\/goods-transportation\/\" class=\"btn-arrow hover-light\"><span class=\"line\"><\/span><span class=\"url\">Voir les d\u00e9tails<\/span><\/a>\n            \t            <\/div>\n        <\/div>\n            \n\t\t<div class=\"box-service box-four-columns\" >\n            <div class=\"bg-color-fx padding-5 text-center\">\n                <h3>Fret maritime<\/h3>\n                <div class=\"tiny-border margintop10 marginbottom10\"><\/div>\n                <img decoding=\"async\" src=\"https:\/\/slotslogistic.com\/wp-content\/uploads\/2016\/06\/1-1.png\" class=\"img-responsive margintop20 marginbottom20 wow fadeInRight\" data-wow-delay=\"0.6s\" alt=\"Ocean Freight\" \/>\n                <p>Slots propose des solutions de fret maritime fiables et rentables, con\u00e7ues pour r\u00e9pondre \u00e0 vos besoins en mati\u00e8re d'exp\u00e9dition internationale. Gr\u00e2ce \u00e0 notre vaste r\u00e9seau de transporteurs et d'agents dans le monde entier, nous assurons un transport maritime fluide et efficace de vos marchandises.\r\n\r\nNotre \u00e9quipe d'experts g\u00e8re tous les aspects de votre exp\u00e9dition de fret maritime, de la r\u00e9servation \u00e0 la livraison, avec une attention m\u00e9ticuleuse aux d\u00e9tails. Nous optimisons les itin\u00e9raires et les calendriers d'exp\u00e9dition afin de minimiser les temps de transit et de r\u00e9duire les co\u00fbts, tout en garantissant la s\u00e9curit\u00e9 de votre cargaison tout au long du voyage.\r\n\r\nAvec Slots, vous pouvez suivre votre envoi en temps r\u00e9el et recevoir des mises \u00e0 jour sur son statut. Notre \u00e9quipe exp\u00e9riment\u00e9e d'assistance \u00e0 la client\u00e8le est \u00e9galement \u00e0 votre disposition pour vous aider et r\u00e9pondre \u00e0 toutes vos questions, en vous offrant un service personnalis\u00e9 pour r\u00e9pondre \u00e0 vos besoins.\r\n\r\nD\u00e9couvrez la fiabilit\u00e9 et l'efficacit\u00e9 des services de fret maritime de Slots. Faites-nous confiance pour livrer votre cargaison \u00e0 travers les mers, en garantissant une livraison dans les d\u00e9lais et la tranquillit\u00e9 d'esprit pour votre entreprise.\r\n<\/p>\n                                \t<a href=\"https:\/\/slotslogistic.com\/fr\/services\/ocean-freight\/\" class=\"btn-arrow hover-light\"><span class=\"line\"><\/span><span class=\"url\">Voir les d\u00e9tails<\/span><\/a>\n            \t            <\/div>\n        <\/div>\n            \n\t\t<div class=\"box-service box-four-columns\" >\n            <div class=\"bg-color-fx padding-5 text-center\">\n                <h3>Fret a\u00e9rien<\/h3>\n                <div class=\"tiny-border margintop10 marginbottom10\"><\/div>\n                <img decoding=\"async\" src=\"https:\/\/slotslogistic.com\/wp-content\/uploads\/2016\/06\/2-1.png\" class=\"img-responsive margintop20 marginbottom20 wow fadeInRight\" data-wow-delay=\"0.9s\" alt=\"Air Freight\" \/>\n                <p>Slots propose des solutions de fret a\u00e9rien efficaces et fiables pour r\u00e9pondre \u00e0 vos besoins d'exp\u00e9dition dans des d\u00e9lais tr\u00e8s courts. Gr\u00e2ce \u00e0 notre vaste r\u00e9seau et \u00e0 nos partenariats strat\u00e9giques, nous veillons \u00e0 ce que votre fret arrive \u00e0 destination rapidement et en toute s\u00e9curit\u00e9.\r\n\r\nNotre \u00e9quipe est sp\u00e9cialis\u00e9e dans la logistique du fret a\u00e9rien et g\u00e8re tous les aspects de votre envoi, de l'enl\u00e8vement \u00e0 la livraison. Nous donnons la priorit\u00e9 \u00e0 la rapidit\u00e9 et \u00e0 l'efficacit\u00e9, en utilisant les itin\u00e9raires et les processus de traitement les plus rapides pour r\u00e9duire au minimum les d\u00e9lais de transit.\r\n\r\nAvec Slots, vous pouvez suivre votre envoi en temps r\u00e9el et recevoir des mises \u00e0 jour tout au long du voyage. Notre \u00e9quipe exp\u00e9riment\u00e9e d'assistance \u00e0 la client\u00e8le est \u00e9galement \u00e0 votre disposition pour vous aider et r\u00e9pondre \u00e0 toutes vos questions, afin de vous garantir une exp\u00e9rience d'exp\u00e9dition sans faille.\r\n\r\nD\u00e9couvrez la commodit\u00e9 et la fiabilit\u00e9 des services de fret a\u00e9rien de Slots. Faites-nous confiance pour livrer votre cargaison rapidement et en toute s\u00e9curit\u00e9, afin que vous puissiez respecter vos d\u00e9lais en toute confiance.<\/p>\n                                \t<a href=\"https:\/\/slotslogistic.com\/fr\/services\/air-freight\/\" class=\"btn-arrow hover-light\"><span class=\"line\"><\/span><span class=\"url\">Voir les d\u00e9tails<\/span><\/a>\n            \t            <\/div>\n        <\/div>\n            \n\t\t<div class=\"box-service box-four-columns\" >\n            <div class=\"bg-color-fx padding-5 text-center\">\n                <h3>Contrats de logistique<\/h3>\n                <div class=\"tiny-border margintop10 marginbottom10\"><\/div>\n                <img decoding=\"async\" src=\"https:\/\/slotslogistic.com\/wp-content\/uploads\/2016\/06\/3-1.png\" class=\"img-responsive margintop20 marginbottom20 wow fadeInRight\" data-wow-delay=\"1.2s\" alt=\"Logistics Contracts\" \/>\n                <p>Slots propose des solutions compl\u00e8tes de contrats logistiques adapt\u00e9es aux divers besoins des entreprises. Nos contrats sont con\u00e7us pour assurer une coordination sans faille et l'efficacit\u00e9 des op\u00e9rations de transport et de logistique.\r\n\r\nAvec Slots, vous pouvez vous attendre \u00e0 des contrats transparents et flexibles qui s'alignent sur vos besoins sp\u00e9cifiques. Que vous ayez besoin d'un partenariat \u00e0 long terme pour un soutien logistique continu ou d'accords \u00e0 court terme pour des projets sp\u00e9cifiques, nous avons ce qu'il vous faut.\r\n\r\nNotre \u00e9quipe exp\u00e9riment\u00e9e travaille en \u00e9troite collaboration avec vous pour comprendre vos besoins et d\u00e9velopper des solutions contractuelles personnalis\u00e9es qui optimisent la rentabilit\u00e9 et l'efficacit\u00e9 op\u00e9rationnelle. Avec des conditions claires et des engagements de service fiables, vous pouvez faire confiance \u00e0 Slots pour tenir ses promesses.\r\n\r\nDe plus, notre \u00e9quipe d'assistance \u00e0 la client\u00e8le est toujours disponible pour vous aider et r\u00e9pondre \u00e0 vos questions pendant toute la dur\u00e9e du contrat.\r\n\r\nFaites l'exp\u00e9rience de la tranquillit\u00e9 d'esprit que procure un partenariat avec Slots pour vos besoins en contrats logistiques. Faites-nous confiance pour vous fournir des solutions fiables, flexibles et sur mesure qui soutiennent vos objectifs commerciaux.<\/p>\n                                \t<a href=\"https:\/\/slotslogistic.com\/fr\/services\/contract-logistic\/\" class=\"btn-arrow hover-light\"><span class=\"line\"><\/span><span class=\"url\">Voir les d\u00e9tails<\/span><\/a>\n            \t            <\/div>\n        <\/div>\n        <div class=\"divider0\" style=\"clear: both;height: 1px;\"><\/div>    \n\t\t<div class=\"box-service box-four-columns\" >\n            <div class=\"bg-color-fx padding-5 text-center\">\n                <h3>Cargo Express<\/h3>\n                <div class=\"tiny-border margintop10 marginbottom10\"><\/div>\n                <img decoding=\"async\" src=\"https:\/\/slotslogistic.com\/wp-content\/uploads\/2016\/06\/4-1.png\" class=\"img-responsive margintop20 marginbottom20 wow fadeInRight\" data-wow-delay=\"1.5s\" alt=\"Cargo Express\" \/>\n                <p>Avec Slots Cargo Express, nous livrons vos marchandises rapidement et en toute s\u00e9curit\u00e9 \u00e0 leur destination. Nos solutions d'exp\u00e9dition acc\u00e9l\u00e9r\u00e9e sont con\u00e7ues pour les entreprises qui ont besoin d'un transport urgent et fiable de leurs marchandises.\r\n\r\nNotre \u00e9quipe d\u00e9vou\u00e9e veille \u00e0 ce que vos envois soient trait\u00e9s avec le plus grand soin et la plus grande attention. De l'enl\u00e8vement \u00e0 la livraison, nous donnons la priorit\u00e9 \u00e0 la rapidit\u00e9 et \u00e0 l'efficacit\u00e9, en veillant \u00e0 ce que vos marchandises arrivent \u00e0 destination \u00e0 temps, \u00e0 chaque fois.\r\n\r\nGr\u00e2ce au suivi en temps r\u00e9el et \u00e0 l'assistance personnalis\u00e9e, vous pouvez surveiller le parcours de votre cargaison et compter sur l'aide de notre \u00e9quipe d'experts en cas de besoin. Que vous exp\u00e9diiez localement ou internationalement, Slots Cargo Express est votre partenaire de confiance pour les solutions d'exp\u00e9dition acc\u00e9l\u00e9r\u00e9e.\r\n\r\nFaites l'exp\u00e9rience de la commodit\u00e9 et de la fiabilit\u00e9 de Slots Cargo Express. Faites-nous confiance pour livrer vos marchandises rapidement et en toute s\u00e9curit\u00e9, afin que vous puissiez vous concentrer sur vos affaires en toute confiance.<\/p>\n                                \t<a href=\"https:\/\/slotslogistic.com\/fr\/services\/cargo-express\/\" class=\"btn-arrow hover-light\"><span class=\"line\"><\/span><span class=\"url\">Voir les d\u00e9tails<\/span><\/a>\n            \t            <\/div>\n        <\/div>\n            \n\t\t<div class=\"box-service box-four-columns\" >\n            <div class=\"bg-color-fx padding-5 text-center\">\n                <h3>Entreposage<\/h3>\n                <div class=\"tiny-border margintop10 marginbottom10\"><\/div>\n                <img decoding=\"async\" src=\"https:\/\/slotslogistic.com\/wp-content\/uploads\/2016\/06\/pngegg.png\" class=\"img-responsive margintop20 marginbottom20 wow fadeInRight\" data-wow-delay=\"1.8s\" alt=\"Warehousing\" \/>\n                <p>Chez Slots, nous offrons des services d'entreposage complets con\u00e7us pour r\u00e9pondre \u00e0 vos besoins de stockage et de distribution avec efficacit\u00e9 et fiabilit\u00e9. Nos installations de pointe sont \u00e9quip\u00e9es pour traiter une large gamme de produits, garantissant un stockage s\u00e9curis\u00e9 et une gestion des stocks sans faille.\r\n\r\nAvec Slots, vous pouvez \u00eatre s\u00fbr que vos marchandises sont entre de bonnes mains. Notre \u00e9quipe exp\u00e9riment\u00e9e organise et g\u00e8re m\u00e9ticuleusement votre inventaire, maximisant l'utilisation de l'espace et minimisant les co\u00fbts de manutention. Que vous ayez besoin d'un stockage \u00e0 court terme ou de solutions d'entreposage \u00e0 long terme, nous avons ce qu'il vous faut.\r\n\r\nNotre approche transparente vous garantit une visibilit\u00e9 en temps r\u00e9el de votre inventaire, ce qui vous permet de suivre les niveaux de stock et de g\u00e9rer les commandes en toute simplicit\u00e9. De plus, notre \u00e9quipe d'assistance \u00e0 la client\u00e8le est toujours disponible pour vous aider et r\u00e9pondre \u00e0 vos questions.\r\n\r\nFaites l'exp\u00e9rience de la tranquillit\u00e9 d'esprit avec les solutions d'entreposage de Slots. Faites-nous confiance pour vous fournir des services d'entreposage et de distribution fiables, rentables et adapt\u00e9s aux besoins de votre entreprise.<\/p>\n                                \t<a href=\"https:\/\/slotslogistic.com\/fr\/services\/warehousing\/\" class=\"btn-arrow hover-light\"><span class=\"line\"><\/span><span class=\"url\">Voir les d\u00e9tails<\/span><\/a>\n            \t            <\/div>\n        <\/div>\n            \n\t\t<div class=\"box-service box-four-columns\" >\n            <div class=\"bg-color-fx padding-5 text-center\">\n                <h3>D\u00e9gagement sur mesure<\/h3>\n                <div class=\"tiny-border margintop10 marginbottom10\"><\/div>\n                <img decoding=\"async\" src=\"https:\/\/slotslogistic.com\/wp-content\/uploads\/2016\/06\/6-1.png\" class=\"img-responsive margintop20 marginbottom20 wow fadeInRight\" data-wow-delay=\"2.1s\" alt=\"Custom Clearance\" \/>\n                <p>Le d\u00e9douanement peut s'av\u00e9rer complexe, mais avec Slots, c'est sans souci. Notre \u00e9quipe exp\u00e9riment\u00e9e assure un traitement douanier sans heurts de vos importations et exportations, ce qui vous permet de gagner du temps et de vous \u00e9pargner des maux de t\u00eate.\r\n\r\nNous nous occupons de toute la documentation et des proc\u00e9dures avec une attention m\u00e9ticuleuse aux d\u00e9tails, garantissant la conformit\u00e9 avec les r\u00e9glementations et minimisant les retards. Avec Slots, vous pouvez \u00eatre s\u00fbr que vos marchandises seront d\u00e9douan\u00e9es efficacement et sans complications.\r\n\r\nNotre approche transparente vous permet d'\u00eatre inform\u00e9 \u00e0 chaque \u00e9tape du processus, en vous fournissant des mises \u00e0 jour en temps r\u00e9el sur l'\u00e9tat de votre d\u00e9douanement. De plus, notre \u00e9quipe d'assistance \u00e0 la client\u00e8le est toujours disponible pour r\u00e9pondre \u00e0 vos questions ou \u00e0 vos pr\u00e9occupations.\r\n\r\nSimplifiez votre processus de d\u00e9douanement avec Slots. Faites-nous confiance pour vous fournir des solutions fiables et efficaces pour vos besoins d'importation et d'exportation.<\/p>\n                                \t<a href=\"https:\/\/slotslogistic.com\/fr\/services\/custom-brokerage\/\" class=\"btn-arrow hover-light\"><span class=\"line\"><\/span><span class=\"url\">Voir les d\u00e9tails<\/span><\/a>\n            \t            <\/div>\n        <\/div>\n            \n\t\t<div class=\"box-service box-four-columns\" >\n            <div class=\"bg-color-fx padding-5 text-center\">\n                <h3>Transport d'entreprise<\/h3>\n                <div class=\"tiny-border margintop10 marginbottom10\"><\/div>\n                <img decoding=\"async\" src=\"https:\/\/slotslogistic.com\/wp-content\/uploads\/2016\/06\/7-1.png\" class=\"img-responsive margintop20 marginbottom20 wow fadeInRight\" data-wow-delay=\"2.4s\" alt=\"Corporate Transportation\" \/>\n                <p>Chez Slots, nous sommes sp\u00e9cialis\u00e9s dans la fourniture de solutions de transport d'entreprise pr\u00e9cises, fiables et professionnelles, adapt\u00e9es aux besoins de votre entreprise. Notre \u00e9quipe d\u00e9vou\u00e9e vous garantit l'excellence en mati\u00e8re de voyages d'affaires, de transports de groupes pour des \u00e9v\u00e9nements et de services r\u00e9guliers de navettes pour les employ\u00e9s.\r\n\r\nAvec des chauffeurs soigneusement s\u00e9lectionn\u00e9s qui servent d'ambassadeurs de la marque, nous garantissons un service de premier ordre. Le suivi en temps r\u00e9el et l'assistance personnalis\u00e9e \u00e0 la client\u00e8le offrent transparence et tranquillit\u00e9 d'esprit.\r\n\r\nFaites confiance \u00e0 Slots pour un transport d'entreprise efficace, responsable et confortable. Faites l'exp\u00e9rience de l'excellence \u00e0 chaque voyage avec les services de transport d'entreprise de Slots.\r\n<\/p>\n                                \t<a href=\"https:\/\/slotslogistic.com\/fr\/services\/corporate-transportation\/\" class=\"btn-arrow hover-light\"><span class=\"line\"><\/span><span class=\"url\">Voir les d\u00e9tails<\/span><\/a>\n            \t            <\/div>\n        <\/div>\n        <div class=\"divider0\" style=\"clear: both;height: 1px;\"><\/div>        \n\n<\/div><\/div><\/div><\/div><div class=\"clearfix\"><\/div><\/section><section data-stellar-background-ratio=\".3\" style=\"background: url(https:\/\/slotslogistic.com\/wp-content\/uploads\/2016\/05\/bg-5-1.jpg);fixed; background-size:cover;\" class=\"wpb_row vc_row-fluid cta light-text vc_custom_1465289482821\"><div class=\"container\"><div class=\"row\"><div class=\"wpb_column vc_column_container vc_col-sm-12\"><div class=\"vc_column-inner\"><div class=\"wpb_wrapper\"  >\n    <div class=\"padding30 overlaydark80 wow fadeIn\">\n    \t<div class=\"row\">\n    \t\t<div class=\"col-md-10\">\n\t        \t\t            \t<h2 class=\"mb0 mt10\">Contactez-nous d\u00e8s maintenant pour obtenir un devis pour tous vos besoins en mati\u00e8re d'exp\u00e9dition internationale.<\/h2>\n\t            \t\t                \t                                    \n\t        <\/div>\n\n\t        <div class=\"col-md-2\">\n\t            <a class=\"btn btn-custom\" href=\"#\" title=\"Contactez nous\" target=\"_self\">Contactez nous<\/a>\t        <\/div>\n    \t<\/div>\n    <\/div>          \n\t\n<\/div><\/div><\/div><\/div><\/div><div class=\"clearfix\"><\/div><\/section>\n<\/div>","protected":false},"excerpt":{"rendered":"Services Details Aenean sollicitudin, lorem quis bibendum auctor, nisi elit consequat ipsum, nec sagittis sem nibh id elit. Duis sed odio sit amet nibh vulputate cursus a sit amet mauris. Morbi accumsan ipsum velit. Nam nec tellus Aenean sollicitudin, lorem quis bibendum auctor, nisi elit consequat ipsum, nec sagittis sem nibh id elit. Duis sed [...]","protected":false},"author":1,"featured_media":0,"parent":0,"menu_order":0,"comment_status":"closed","ping_status":"closed","template":"page-templates\/template-fullwidth.php","meta":{"footnotes":""},"class_list":["post-14","page","type-page","status-publish","hentry"],"yoast_head":"<!-- This site is optimized with the Yoast SEO Premium plugin v23.0 (Yoast SEO v27.4) - https:\/\/yoast.com\/product\/yoast-seo-premium-wordpress\/ -->\n<title>Services - SLOTS<\/title>\n<meta name=\"robots\" content=\"index, follow, max-snippet:-1, max-image-preview:large, max-video-preview:-1\" \/>\n<link rel=\"canonical\" href=\"https:\/\/slotslogistic.com\/fr\/all-services-1\/\" \/>\n<meta property=\"og:locale\" content=\"fr_FR\" \/>\n<meta property=\"og:type\" content=\"article\" \/>\n<meta property=\"og:title\" content=\"Services\" \/>\n<meta property=\"og:url\" content=\"https:\/\/slotslogistic.com\/fr\/all-services-1\/\" \/>\n<meta property=\"og:site_name\" content=\"SLOTS\" \/>\n<meta name=\"twitter:card\" content=\"summary_large_image\" \/>\n<script type=\"application\/ld+json\" class=\"yoast-schema-graph\">{\"@context\":\"https:\\\/\\\/schema.org\",\"@graph\":[{\"@type\":\"WebPage\",\"@id\":\"https:\\\/\\\/slotslogistic.com\\\/all-services-1\\\/\",\"url\":\"https:\\\/\\\/slotslogistic.com\\\/all-services-1\\\/\",\"name\":\"Services - SLOTS\",\"isPartOf\":{\"@id\":\"https:\\\/\\\/slotslogistic.com\\\/#website\"},\"datePublished\":\"2016-05-30T09:51:09+00:00\",\"breadcrumb\":{\"@id\":\"https:\\\/\\\/slotslogistic.com\\\/all-services-1\\\/#breadcrumb\"},\"inLanguage\":\"fr-FR\",\"potentialAction\":[{\"@type\":\"ReadAction\",\"target\":[\"https:\\\/\\\/slotslogistic.com\\\/all-services-1\\\/\"]}]},{\"@type\":\"BreadcrumbList\",\"@id\":\"https:\\\/\\\/slotslogistic.com\\\/all-services-1\\\/#breadcrumb\",\"itemListElement\":[{\"@type\":\"ListItem\",\"position\":1,\"name\":\"Home\",\"item\":\"https:\\\/\\\/slotslogistic.com\\\/\"},{\"@type\":\"ListItem\",\"position\":2,\"name\":\"Services\"}]},{\"@type\":\"WebSite\",\"@id\":\"https:\\\/\\\/slotslogistic.com\\\/#website\",\"url\":\"https:\\\/\\\/slotslogistic.com\\\/\",\"name\":\"SLOTS\",\"description\":\"Logistics &amp; Transportation\",\"potentialAction\":[{\"@type\":\"SearchAction\",\"target\":{\"@type\":\"EntryPoint\",\"urlTemplate\":\"https:\\\/\\\/slotslogistic.com\\\/?s={search_term_string}\"},\"query-input\":{\"@type\":\"PropertyValueSpecification\",\"valueRequired\":true,\"valueName\":\"search_term_string\"}}],\"inLanguage\":\"fr-FR\"}]}<\/script>\n<!-- \/ Yoast SEO Premium plugin. -->","yoast_head_json":{"title":"Services - SLOTS","robots":{"index":"index","follow":"follow","max-snippet":"max-snippet:-1","max-image-preview":"max-image-preview:large","max-video-preview":"max-video-preview:-1"},"canonical":"https:\/\/slotslogistic.com\/fr\/all-services-1\/","og_locale":"fr_FR","og_type":"article","og_title":"Services","og_url":"https:\/\/slotslogistic.com\/fr\/all-services-1\/","og_site_name":"SLOTS","twitter_card":"summary_large_image","schema":{"@context":"https:\/\/schema.org","@graph":[{"@type":"WebPage","@id":"https:\/\/slotslogistic.com\/all-services-1\/","url":"https:\/\/slotslogistic.com\/all-services-1\/","name":"Services - SLOTS","isPartOf":{"@id":"https:\/\/slotslogistic.com\/#website"},"datePublished":"2016-05-30T09:51:09+00:00","breadcrumb":{"@id":"https:\/\/slotslogistic.com\/all-services-1\/#breadcrumb"},"inLanguage":"fr-FR","potentialAction":[{"@type":"ReadAction","target":["https:\/\/slotslogistic.com\/all-services-1\/"]}]},{"@type":"BreadcrumbList","@id":"https:\/\/slotslogistic.com\/all-services-1\/#breadcrumb","itemListElement":[{"@type":"ListItem","position":1,"name":"Home","item":"https:\/\/slotslogistic.com\/"},{"@type":"ListItem","position":2,"name":"Services"}]},{"@type":"WebSite","@id":"https:\/\/slotslogistic.com\/#website","url":"https:\/\/slotslogistic.com\/","name":"SLOTS","description":"Logistics &amp; Transportation","potentialAction":[{"@type":"SearchAction","target":{"@type":"EntryPoint","urlTemplate":"https:\/\/slotslogistic.com\/?s={search_term_string}"},"query-input":{"@type":"PropertyValueSpecification","valueRequired":true,"valueName":"search_term_string"}}],"inLanguage":"fr-FR"}]}},"_links":{"self":[{"href":"https:\/\/slotslogistic.com\/fr\/wp-json\/wp\/v2\/pages\/14","targetHints":{"allow":["GET"]}}],"collection":[{"href":"https:\/\/slotslogistic.com\/fr\/wp-json\/wp\/v2\/pages"}],"about":[{"href":"https:\/\/slotslogistic.com\/fr\/wp-json\/wp\/v2\/types\/page"}],"author":[{"embeddable":true,"href":"https:\/\/slotslogistic.com\/fr\/wp-json\/wp\/v2\/users\/1"}],"replies":[{"embeddable":true,"href":"https:\/\/slotslogistic.com\/fr\/wp-json\/wp\/v2\/comments?post=14"}],"version-history":[{"count":0,"href":"https:\/\/slotslogistic.com\/fr\/wp-json\/wp\/v2\/pages\/14\/revisions"}],"wp:attachment":[{"href":"https:\/\/slotslogistic.com\/fr\/wp-json\/wp\/v2\/media?parent=14"}],"curies":[{"name":"wp","href":"https:\/\/api.w.org\/{rel}","templated":true}]}}