{"id":12,"date":"2016-05-30T09:49:33","date_gmt":"2016-05-30T09:49:33","guid":{"rendered":"http:\/\/localhost\/gocargo\/demo3\/?page_id=8"},"modified":"2016-05-30T09:49:33","modified_gmt":"2016-05-30T09:49:33","slug":"home-2","status":"publish","type":"page","link":"https:\/\/slotslogistic.com\/fr\/home-2\/","title":{"rendered":"Home 2"},"content":{"rendered":"<div class=\"wpb-content-wrapper\"><section id=\"section-welcome-2\" data-stellar-background-ratio=\".3\" style=\"background: url(https:\/\/slotslogistic.com\/wp-content\/uploads\/2016\/05\/bg_slider_2-1.jpg);fixed; background-size:cover;\" class=\"wpb_row vc_row-fluid light-text vc_custom_1465286225298 autoheight\"><div class=\"row\"><div class=\"wpb_column vc_column_container vc_col-sm-12\"><div class=\"vc_column-inner\"><div class=\"wpb_wrapper\"  >\t\n\t\n    <div class=\"center-y\">\n        <div class=\"inner\">\n        \t<div class=\"container\">\n                <div class=\"row\">\n                    <div class=\"col-md-12\">\n                        <h1 class=\"text-ultra-big wow fadeInRight\" data-wow-duration=\"1.5s\">\n                            <span class=\"id-color\">Nous sommes le chef de file<\/span><br>                            WORLDWIDE<br \/>\nFREIGHT FORWARD \t\n\t\t\t\t\t\t<\/h1>\n\t\t\t\t\t\t<a href=\"#\" class=\"btn btn-custom wow fadeInUp\" data-wow-duration=\"2s\" title=\"Obtenir un devis\" target=\"_self\">Obtenir un devis<\/a> \n                    <\/div>\n                    <div class=\"divider-double\"><\/div>\n                <\/div>\n            <\/div>\n        <\/div>\n    <\/div>\n    \n<\/div><\/div><\/div><\/div><div class=\"clearfix\"><\/div><\/section><section class=\"wpb_row vc_row-fluid vc_custom_1465286292858 side-bg\"><div class=\"image-container col-md-6 col-md-offset-6 pull-right\"><div class=\"background-image\" style=\"background: url(https:\/\/slotslogistic.com\/wp-content\/uploads\/2016\/05\/bg-2-1.jpg) ;\"><\/div><\/div><div class=\"container\"><div class=\"row\"><div class=\"text-center wpb_column vc_column_container vc_col-sm-6 vc_col-md-5\"><div class=\"vc_column-inner\"><div class=\"wpb_wrapper\"  >\n\t<div class=\"text-center\">\n\t\t \n\t\t\t <h2>The Most Progressive Company<\/h2>\t        <p class=\"lead\">Aenean sollicitudin, lorem quis bibendum auctor, nisi elit consequat ipsum, nec sagittis sem nibh id elit. Duis sed odio sit amet nibh vulputate s<\/p>\t\t\t<div class=\"divider-deco\"><span><\/span><\/div>\t\t\t\n\t\t    <\/div>\t\n\t\n\n\t<div class=\"wpb_text_column wpb_content_element  vc_custom_1464940379371 text-center\" >\n\t\t<div class=\"wpb_wrapper\">\n\t\t\t<p>Aenean sollicitudin, lorem quis bibendum auctor, nisi elit consequat ipsum, nec sagittis sem nibh id elit. Duis sed odio sit amet nibh vulputate cursus a sit amet mauris. Morbi accumsan ipsum velit. Nam nec tellus a odio tincidunt auctor a ornare odio. Sed non mauris vitae erat consequat auctor eu in elit. Class aptent taciti sociosqu ad litora torquent per conubia nostra, per inceptos himenaeos. Mauris in erat justo. Nullam ac urna. Nam nec tellus a odio tincidunt auctor a<\/p>\n\n\t\t<\/div>\n\t<\/div>\n\t\t\t\n\t<a class=\"btn btn-custom\" href=\"#\" title=\"Voir les d\u00e9tails\" target=\"_self\">Voir les d\u00e9tails<\/a>\t\n<\/div><\/div><\/div><div class=\"wpb_column vc_column_container vc_col-sm-12 vc_col-md-offset-2 vc_col-md-5\"><div class=\"vc_column-inner\"><div class=\"wpb_wrapper\"  >\n\t<div  class=\"wpb_single_image wpb_content_element vc_align_center\">\n\t\t\n\t\t<figure class=\"wpb_wrapper vc_figure\">\n\t\t\t<div class=\"vc_single_image-wrapper   vc_box_border_grey\"><img loading=\"lazy\" decoding=\"async\" width=\"435\" height=\"402\" src=\"https:\/\/slotslogistic.com\/wp-content\/uploads\/2016\/05\/imac-1.png\" class=\"vc_single_image-img attachment-full\" alt=\"\" title=\"imac\" srcset=\"https:\/\/slotslogistic.com\/wp-content\/uploads\/2016\/05\/imac-1.png 435w, https:\/\/slotslogistic.com\/wp-content\/uploads\/2016\/05\/imac-1-300x277.png 300w\" sizes=\"auto, (max-width: 435px) 100vw, 435px\" \/><\/div>\n\t\t<\/figure>\n\t<\/div>\n<\/div><\/div><\/div><\/div><\/div><div class=\"clearfix\"><\/div><\/section><section data-stellar-background-ratio=\".3\" style=\"background: url(https:\/\/slotslogistic.com\/wp-content\/uploads\/2016\/05\/bg-3-1.jpg);fixed; background-size:cover;\" class=\"wpb_row vc_row-fluid\"><div class=\"container\"><div class=\"row\"><div class=\"wpb_column vc_column_container vc_col-sm-12\"><div class=\"vc_column-inner\"><div class=\"wpb_wrapper\"  >\n\t<div class=\"text-left light-text\">\n\t\t \n\t\t\t <h2>Conseil d'administration<\/h2>\t        \t\t\t<div class=\"divider-deco\"><span><\/span><\/div>\t\t\t\n\t\t    <\/div>\t\n\t\n<\/div><\/div><\/div><div class=\"text-center wpb_column vc_column_container vc_col-sm-4\"><div class=\"vc_column-inner\"><div class=\"wpb_wrapper\"  >\n\t<div class=\"vc_custom_1465286636290\">\n        <div class=\"row\">\n            <div class=\"col-md-6 pr0\">\n                <img loading=\"lazy\" decoding=\"async\" width=\"400\" height=\"586\" src=\"https:\/\/slotslogistic.com\/wp-content\/uploads\/2016\/05\/team_1-1.jpg\" class=\"img-responsive\" alt=\"\" srcset=\"https:\/\/slotslogistic.com\/wp-content\/uploads\/2016\/05\/team_1-1.jpg 400w, https:\/\/slotslogistic.com\/wp-content\/uploads\/2016\/05\/team_1-1-205x300.jpg 205w, https:\/\/slotslogistic.com\/wp-content\/uploads\/2016\/05\/team_1-1-300x440.jpg 300w\" sizes=\"auto, (max-width: 400px) 100vw, 400px\" \/>            <\/div>\n            <div class=\"col-md-6\">\n                <div class=\"p20 pl10 pt30\">\n                    <div class=\"id-color font2\"><i>Dave Smith<\/i><\/div>\n                    <div class=\"font2 mb10 text-white\"><i>Regional Director<\/i><\/div>                    Aenean sollicitudin, lorem quis bibendum auctor, nisi elit consequat ipsum, nec sagittis sem.\t\t\t\t\n\t\t\t\t\t<!-- social icons -->\n                    <div class=\"social hspace10 mt10\">\n                        <a href=\"#\" target=\"_blank\"><i class=\"fa fa-facebook\"><\/i><\/a>\t\t\t            <a href=\"#\" target=\"_blank\"><i class=\"fa fa-twitter\"><\/i><\/a>\t\t\t            <a href=\"#\" target=\"_blank\"><i class=\"fa fa-google-plus\"><\/i><\/a>\t\t\t            <a href=\"#\" target=\"_blank\"><i class=\"fa fa-pinterest\"><\/i><\/a>\t\t\t            \t\t\t                                <\/div>\n                    <!-- social icons close -->\n                <\/div>\n            <\/div>\n        <\/div>\n    <\/div>\n\n<\/div><\/div><\/div><div class=\"text-center wpb_column vc_column_container vc_col-sm-4\"><div class=\"vc_column-inner\"><div class=\"wpb_wrapper\"  >\n\t<div class=\"vc_custom_1465286652306\">\n        <div class=\"row\">\n            <div class=\"col-md-6 pr0\">\n                <img loading=\"lazy\" decoding=\"async\" width=\"400\" height=\"586\" src=\"https:\/\/slotslogistic.com\/wp-content\/uploads\/2016\/05\/team_2-1.jpg\" class=\"img-responsive\" alt=\"\" srcset=\"https:\/\/slotslogistic.com\/wp-content\/uploads\/2016\/05\/team_2-1.jpg 400w, https:\/\/slotslogistic.com\/wp-content\/uploads\/2016\/05\/team_2-1-205x300.jpg 205w, https:\/\/slotslogistic.com\/wp-content\/uploads\/2016\/05\/team_2-1-300x440.jpg 300w\" sizes=\"auto, (max-width: 400px) 100vw, 400px\" \/>            <\/div>\n            <div class=\"col-md-6\">\n                <div class=\"p20 pl10 pt30\">\n                    <div class=\"id-color font2\"><i>Milla Kohl<\/i><\/div>\n                    <div class=\"font2 mb10 text-white\"><i>Finance Director<\/i><\/div>                    Aenean sollicitudin, lorem quis bibendum auctor, nisi elit consequat ipsum, nec sagittis sem.\t\t\t\t\n\t\t\t\t\t<!-- social icons -->\n                    <div class=\"social hspace10 mt10\">\n                        <a href=\"#\" target=\"_blank\"><i class=\"fa fa-facebook\"><\/i><\/a>\t\t\t            <a href=\"#\" target=\"_blank\"><i class=\"fa fa-twitter\"><\/i><\/a>\t\t\t            <a href=\"#\" target=\"_blank\"><i class=\"fa fa-google-plus\"><\/i><\/a>\t\t\t            <a href=\"#\" target=\"_blank\"><i class=\"fa fa-pinterest\"><\/i><\/a>\t\t\t            \t\t\t                                <\/div>\n                    <!-- social icons close -->\n                <\/div>\n            <\/div>\n        <\/div>\n    <\/div>\n\n<\/div><\/div><\/div><div class=\"text-center wpb_column vc_column_container vc_col-sm-4\"><div class=\"vc_column-inner\"><div class=\"wpb_wrapper\"  >\n\t<div class=\"vc_custom_1465286669454\">\n        <div class=\"row\">\n            <div class=\"col-md-6 pr0\">\n                <img loading=\"lazy\" decoding=\"async\" width=\"400\" height=\"586\" src=\"https:\/\/slotslogistic.com\/wp-content\/uploads\/2016\/05\/team_3-1.jpg\" class=\"img-responsive\" alt=\"\" srcset=\"https:\/\/slotslogistic.com\/wp-content\/uploads\/2016\/05\/team_3-1.jpg 400w, https:\/\/slotslogistic.com\/wp-content\/uploads\/2016\/05\/team_3-1-205x300.jpg 205w, https:\/\/slotslogistic.com\/wp-content\/uploads\/2016\/05\/team_3-1-300x440.jpg 300w\" sizes=\"auto, (max-width: 400px) 100vw, 400px\" \/>            <\/div>\n            <div class=\"col-md-6\">\n                <div class=\"p20 pl10 pt30\">\n                    <div class=\"id-color font2\"><i>Alexa Mendez<\/i><\/div>\n                    <div class=\"font2 mb10 text-white\"><i>Marketing Director<\/i><\/div>                    Aenean sollicitudin, lorem quis bibendum auctor, nisi elit consequat ipsum, nec sagittis sem.\t\t\t\t\n\t\t\t\t\t<!-- social icons -->\n                    <div class=\"social hspace10 mt10\">\n                        <a href=\"#\" target=\"_blank\"><i class=\"fa fa-facebook\"><\/i><\/a>\t\t\t            <a href=\"#\" target=\"_blank\"><i class=\"fa fa-twitter\"><\/i><\/a>\t\t\t            <a href=\"#\" target=\"_blank\"><i class=\"fa fa-google-plus\"><\/i><\/a>\t\t\t            <a href=\"#\" target=\"_blank\"><i class=\"fa fa-pinterest\"><\/i><\/a>\t\t\t            \t\t\t                                <\/div>\n                    <!-- social icons close -->\n                <\/div>\n            <\/div>\n        <\/div>\n    <\/div>\n\n<\/div><\/div><\/div><\/div><\/div><div class=\"clearfix\"><\/div><\/section><section class=\"wpb_row vc_row-fluid\"><div class=\"container\"><div class=\"row\"><div class=\"wpb_column vc_column_container vc_col-sm-4\"><div class=\"vc_column-inner\"><div class=\"wpb_wrapper wow fadeIn\" data-wow-delay=\".2s\" >\n\t<div class=\"text-left\">\n\t\t \n\t\t\t <h2>Company<\/h2>\t        \t\t\t<div class=\"divider-deco\"><span><\/span><\/div>\t\t\t\n\t\t    <\/div>\t\n\t\n\n<ul class=\"accordion style-2\">\n\t<li>\n\t        <a class=\"NoneActive\">Profil de l'entreprise<\/a>\n\t        <div class=\"content\">Lorem ipsum dolor sit amet, consectetur adipiscing elit, sed do eiusmod tempor incididunt ut labore et dolore magna aliqua. Ut enim ad minim veniam, quis nostrud exercitation ullamco laboris nisi ut aliquip ex ea commodo consequat. <\/div>\n\t    <\/li><li>\n\t        <a class=\"NoneActive\">Mission &amp; Vision<\/a>\n\t        <div class=\"content\">Lorem ipsum dolor sit amet, consectetur adipiscing elit, sed do eiusmod tempor incididunt ut labore et dolore magna aliqua. Ut enim ad minim veniam, quis nostrud exercitation ullamco laboris nisi ut aliquip ex ea commodo consequat. <\/div>\n\t    <\/li><li>\n\t        <a class=\"NoneActive\">Our Value<\/a>\n\t        <div class=\"content\">Lorem ipsum dolor sit amet, consectetur adipiscing elit, sed do eiusmod tempor incididunt ut labore et dolore magna aliqua. Ut enim ad minim veniam, quis nostrud exercitation ullamco laboris nisi ut aliquip ex ea commodo consequat. <\/div>\n\t    <\/li><li>\n\t        <a class=\"NoneActive\">Profil de l'entreprise<\/a>\n\t        <div class=\"content\">Lorem ipsum dolor sit amet, consectetur adipiscing elit, sed do eiusmod tempor incididunt ut labore et dolore magna aliqua. Ut enim ad minim veniam, quis nostrud exercitation ullamco laboris nisi ut aliquip ex ea commodo consequat. <\/div>\n\t    <\/li><li>\n\t        <a class=\"NoneActive\">Profil de l'entreprise<\/a>\n\t        <div class=\"content\">Lorem ipsum dolor sit amet, consectetur adipiscing elit, sed do eiusmod tempor incididunt ut labore et dolore magna aliqua. Ut enim ad minim veniam, quis nostrud exercitation ullamco laboris nisi ut aliquip ex ea commodo consequat. <\/div>\n\t    <\/li>    \n<\/ul>\n<\/div><\/div><\/div><div class=\"wpb_column vc_column_container vc_col-sm-4\"><div class=\"vc_column-inner\"><div class=\"wpb_wrapper wow fadeIn\" data-wow-delay=\".6s\" >\n\t<div class=\"text-left\">\n\t\t \n\t\t\t <h2>News<\/h2>\t        \t\t\t<div class=\"divider-deco\"><span><\/span><\/div>\t\t\t\n\t\t    <\/div>\t\n\t\n<div  class=\"wpb_widgetised_column wpb_content_element\">\n\t\t<div class=\"wpb_wrapper\">\n\t\t\t\n\t\t\t\n\t\t<\/div>\n\t<\/div>\n<\/div><\/div><\/div><div class=\"wpb_column vc_column_container vc_col-sm-4\"><div class=\"vc_column-inner\"><div class=\"wpb_wrapper wow fadeIn\" data-wow-delay=\".8s\" >\n\t<div class=\"text-left\">\n\t\t \n\t\t\t <h2>Ils disent<\/h2>\t        \t\t\t<div class=\"divider-deco\"><span><\/span><\/div>\t\t\t\n\t\t    <\/div>\t\n\t\n<div  class=\"wpb_widgetised_column wpb_content_element\">\n\t\t<div class=\"wpb_wrapper\">\n\t\t\t\n\t\t\t\n\t\t<\/div>\n\t<\/div>\n<\/div><\/div><\/div><\/div><\/div><div class=\"clearfix\"><\/div><\/section><section id=\"section-track\" data-stellar-background-ratio=\".3\" style=\"background: url(https:\/\/slotslogistic.com\/wp-content\/uploads\/2016\/05\/bg-3-1.jpg);fixed; background-size:cover;\" class=\"wpb_row vc_row-fluid no-padding light-text alt\"><div class=\"row\"><div class=\"wpb_column vc_column_container vc_col-sm-12\"><div class=\"vc_column-inner\"><div class=\"wpb_wrapper\"  >\n\t<div class=\"wpb_text_column wpb_content_element  vc_custom_1464861059871\" >\n\t\t<div class=\"wpb_wrapper\">\n\t\t\t    <div class=\"container\">\r\n        <div class=\"row\">\r\n            <form role=\"search\" method=\"POST\" id=\"searchform\" name=\"trackform\" action=\"\">\r\n                <div class=\"col-md-9\">\r\n                    <div class=\"row\">\r\n                        <div class=\"col-md-7 no-padding\">\r\n                            <div class=\"inner\">\r\n                                <h3>Suivre et tracer<\/h3>\r\n                                <span>Vous avez d\u00e9j\u00e0 un identifiant de chargement, veuillez l'ins\u00e9rer ci-dessous<\/span>\r\n                            <\/div>\r\n                        <\/div>\r\n                        <div class=\"col-md-5 no-padding\">\r\n                            <input class=\"input-fullwidth\" type=\"text\" value=\"\" name=\"s\" id=\"s\">\r\n                        <\/div>\r\n                    <\/div>\r\n                <\/div>                  \r\n                <div class=\"col-md-3\">\r\n                    <input class=\"btn-custom btn-fullwidth\" type=\"submit\" onclick=\"return IsEmpty();\" value=\"TRACK IT\" name=\"submit\">\r\n\t\t\t\t\t<img decoding=\"async\" class=\"ajax-loader\" src=\"https:\/\/slotslogistic.com\/wp-content\/plugins\/gocargo-shipment\/include\/admin\/assets\/images\/loader.gif\" alt=\"Sending ...\">\r\n                <\/div>\r\n                <input type=\"hidden\" name=\"post_type\" value=\"gocargo_shipment\" \/> \r\n            <input type=\"hidden\" name=\"trp-form-language\" value=\"fr\"\/><\/form>\r\n            <div class=\"clearfix\"><\/div>\r\n        <\/div>\r\n    <\/div>\r\n\r\n\n\n\t\t<\/div>\n\t<\/div>\n<\/div><\/div><\/div><\/div><div class=\"clearfix\"><\/div><\/section><section id=\"section-tracking-result\" class=\"wpb_row vc_row-fluid light-text vc_custom_1465438658504\"><div class=\"container\"><div class=\"row\"><div class=\"wpb_column vc_column_container vc_col-sm-12\"><div class=\"vc_column-inner\"><div class=\"wpb_wrapper\"  ><\/div><\/div><\/div><\/div><\/div><div class=\"clearfix\"><\/div><\/section>\n<\/div>","protected":false},"excerpt":{"rendered":"We are the leading WORLDWIDE FREIGHT FORWARD Get Rate Quote The Most Progressive Company Aenean sollicitudin, lorem quis bibendum auctor, nisi elit consequat ipsum, nec sagittis sem nibh id elit. Duis sed odio sit amet nibh vulputate s Aenean sollicitudin, lorem quis bibendum auctor, nisi elit consequat ipsum, nec sagittis sem nibh id elit. Duis [...]","protected":false},"author":1,"featured_media":0,"parent":0,"menu_order":0,"comment_status":"closed","ping_status":"closed","template":"page-templates\/template-canvas.php","meta":{"footnotes":""},"class_list":["post-12","page","type-page","status-publish","hentry"],"yoast_head":"<!-- This site is optimized with the Yoast SEO Premium plugin v23.0 (Yoast SEO v27.5) - https:\/\/yoast.com\/product\/yoast-seo-premium-wordpress\/ -->\n<title>Home 2 - SLOTS<\/title>\n<meta name=\"robots\" content=\"index, follow, max-snippet:-1, max-image-preview:large, max-video-preview:-1\" \/>\n<link rel=\"canonical\" href=\"https:\/\/slotslogistic.com\/fr\/home-2\/\" \/>\n<meta property=\"og:locale\" content=\"fr_FR\" \/>\n<meta property=\"og:type\" content=\"article\" \/>\n<meta property=\"og:title\" content=\"Home 2\" \/>\n<meta property=\"og:url\" content=\"https:\/\/slotslogistic.com\/fr\/home-2\/\" \/>\n<meta property=\"og:site_name\" content=\"SLOTS\" \/>\n<meta name=\"twitter:card\" content=\"summary_large_image\" \/>\n<meta name=\"twitter:label1\" content=\"Dur\u00e9e de lecture estim\u00e9e\" \/>\n\t<meta name=\"twitter:data1\" content=\"3 minutes\" \/>\n<script type=\"application\/ld+json\" class=\"yoast-schema-graph\">{\"@context\":\"https:\\\/\\\/schema.org\",\"@graph\":[{\"@type\":\"WebPage\",\"@id\":\"https:\\\/\\\/slotslogistic.com\\\/home-2\\\/\",\"url\":\"https:\\\/\\\/slotslogistic.com\\\/home-2\\\/\",\"name\":\"Home 2 - SLOTS\",\"isPartOf\":{\"@id\":\"https:\\\/\\\/slotslogistic.com\\\/#website\"},\"datePublished\":\"2016-05-30T09:49:33+00:00\",\"breadcrumb\":{\"@id\":\"https:\\\/\\\/slotslogistic.com\\\/home-2\\\/#breadcrumb\"},\"inLanguage\":\"fr-FR\",\"potentialAction\":[{\"@type\":\"ReadAction\",\"target\":[\"https:\\\/\\\/slotslogistic.com\\\/home-2\\\/\"]}]},{\"@type\":\"BreadcrumbList\",\"@id\":\"https:\\\/\\\/slotslogistic.com\\\/home-2\\\/#breadcrumb\",\"itemListElement\":[{\"@type\":\"ListItem\",\"position\":1,\"name\":\"Home\",\"item\":\"https:\\\/\\\/slotslogistic.com\\\/\"},{\"@type\":\"ListItem\",\"position\":2,\"name\":\"Home 2\"}]},{\"@type\":\"WebSite\",\"@id\":\"https:\\\/\\\/slotslogistic.com\\\/#website\",\"url\":\"https:\\\/\\\/slotslogistic.com\\\/\",\"name\":\"SLOTS\",\"description\":\"Logistics &amp; Transportation\",\"potentialAction\":[{\"@type\":\"SearchAction\",\"target\":{\"@type\":\"EntryPoint\",\"urlTemplate\":\"https:\\\/\\\/slotslogistic.com\\\/?s={search_term_string}\"},\"query-input\":{\"@type\":\"PropertyValueSpecification\",\"valueRequired\":true,\"valueName\":\"search_term_string\"}}],\"inLanguage\":\"fr-FR\"}]}<\/script>\n<!-- \/ Yoast SEO Premium plugin. -->","yoast_head_json":{"title":"Home 2 - SLOTS","robots":{"index":"index","follow":"follow","max-snippet":"max-snippet:-1","max-image-preview":"max-image-preview:large","max-video-preview":"max-video-preview:-1"},"canonical":"https:\/\/slotslogistic.com\/fr\/home-2\/","og_locale":"fr_FR","og_type":"article","og_title":"Home 2","og_url":"https:\/\/slotslogistic.com\/fr\/home-2\/","og_site_name":"SLOTS","twitter_card":"summary_large_image","twitter_misc":{"Dur\u00e9e de lecture estim\u00e9e":"3 minutes"},"schema":{"@context":"https:\/\/schema.org","@graph":[{"@type":"WebPage","@id":"https:\/\/slotslogistic.com\/home-2\/","url":"https:\/\/slotslogistic.com\/home-2\/","name":"Home 2 - SLOTS","isPartOf":{"@id":"https:\/\/slotslogistic.com\/#website"},"datePublished":"2016-05-30T09:49:33+00:00","breadcrumb":{"@id":"https:\/\/slotslogistic.com\/home-2\/#breadcrumb"},"inLanguage":"fr-FR","potentialAction":[{"@type":"ReadAction","target":["https:\/\/slotslogistic.com\/home-2\/"]}]},{"@type":"BreadcrumbList","@id":"https:\/\/slotslogistic.com\/home-2\/#breadcrumb","itemListElement":[{"@type":"ListItem","position":1,"name":"Home","item":"https:\/\/slotslogistic.com\/"},{"@type":"ListItem","position":2,"name":"Home 2"}]},{"@type":"WebSite","@id":"https:\/\/slotslogistic.com\/#website","url":"https:\/\/slotslogistic.com\/","name":"SLOTS","description":"Logistics &amp; Transportation","potentialAction":[{"@type":"SearchAction","target":{"@type":"EntryPoint","urlTemplate":"https:\/\/slotslogistic.com\/?s={search_term_string}"},"query-input":{"@type":"PropertyValueSpecification","valueRequired":true,"valueName":"search_term_string"}}],"inLanguage":"fr-FR"}]}},"_links":{"self":[{"href":"https:\/\/slotslogistic.com\/fr\/wp-json\/wp\/v2\/pages\/12","targetHints":{"allow":["GET"]}}],"collection":[{"href":"https:\/\/slotslogistic.com\/fr\/wp-json\/wp\/v2\/pages"}],"about":[{"href":"https:\/\/slotslogistic.com\/fr\/wp-json\/wp\/v2\/types\/page"}],"author":[{"embeddable":true,"href":"https:\/\/slotslogistic.com\/fr\/wp-json\/wp\/v2\/users\/1"}],"replies":[{"embeddable":true,"href":"https:\/\/slotslogistic.com\/fr\/wp-json\/wp\/v2\/comments?post=12"}],"version-history":[{"count":0,"href":"https:\/\/slotslogistic.com\/fr\/wp-json\/wp\/v2\/pages\/12\/revisions"}],"wp:attachment":[{"href":"https:\/\/slotslogistic.com\/fr\/wp-json\/wp\/v2\/media?parent=12"}],"curies":[{"name":"wp","href":"https:\/\/api.w.org\/{rel}","templated":true}]}}