{"id":462,"date":"2016-06-07T10:00:42","date_gmt":"2016-06-07T10:00:42","guid":{"rendered":"http:\/\/demo.vegatheme.com\/gocargo\/demo3\/?page_id=462"},"modified":"2024-11-10T13:48:29","modified_gmt":"2024-11-10T13:48:29","slug":"clients-2","status":"publish","type":"page","link":"https:\/\/slotslogistic.com\/de\/about\/clients-2\/","title":{"rendered":"CLIENTS &#038; PARTNERS 2"},"content":{"rendered":"<div class=\"wpb-content-wrapper\"><section class=\"wpb_row vc_row-fluid\"><div class=\"container\"><div class=\"row\"><div class=\"wpb_column vc_column_container vc_col-sm-12\"><div class=\"vc_column-inner\"><div class=\"wpb_wrapper\"  >\n<div class=\"vc_grid-container-wrapper vc_clearfix vc_grid-animation-none\">\n\t<div class=\"vc_grid-container vc_clearfix wpb_content_element vc_masonry_media_grid\" data-initial-loading-animation=\"none\" data-vc-grid-settings=\"{&quot;page_id&quot;:462,&quot;style&quot;:&quot;all-masonry&quot;,&quot;action&quot;:&quot;vc_get_vc_grid_data&quot;,&quot;shortcode_id&quot;:&quot;1731246387161-dc974991cb09dc93d06998de0728d93d-6&quot;,&quot;tag&quot;:&quot;vc_masonry_media_grid&quot;}\" data-vc-request=\"https:\/\/slotslogistic.com\/wp-admin\/admin-ajax.php\" data-vc-post-id=\"462\" data-vc-public-nonce=\"10b882db36\">\n\t\t\n\t<\/div>\n<\/div><\/div><\/div><\/div><\/div><\/div><div class=\"clearfix\"><\/div><\/section><section class=\"wpb_row vc_row-fluid vc_custom_1465399519920 vc_row-has-fill\"><div class=\"container\"><div class=\"row\"><div class=\"wpb_column vc_column_container vc_col-sm-6\"><div class=\"vc_column-inner\"><div class=\"wpb_wrapper\"  >\n\t<div class=\"text-left\">\n\t\t \n\t\t\t <h2>\u00dcber unser Unternehmen<\/h2>\t        <p class=\"lead\">Slots Logistics ist ein f\u00fchrender Anbieter von umfassenden Transport- und Logistikl\u00f6sungen, der es Unternehmen erm\u00f6glicht, in der dynamischen Welt des globalen Handels erfolgreich zu sein. Mit unserem Engagement f\u00fcr Spitzenleistungen, Innovation und Kundenzufriedenheit definieren wir die Standards f\u00fcr Logistikdienstleistungen neu und bieten Mehrwert in jeder Phase der Lieferkette.<\/p>\t\t\t<div class=\"divider-deco\"><span><\/span><\/div>\t\t\t\n\t\t    <\/div>\t\n\t\n\n\t<div class=\"wpb_text_column wpb_content_element  vc_custom_1713471534497\" >\n\t\t<div class=\"wpb_wrapper\">\n\t\t\t<p>Seit unserer Gr\u00fcndung haben wir uns verpflichtet, zuverl\u00e4ssige, kosteneffiziente und ma\u00dfgeschneiderte Logistikl\u00f6sungen anzubieten, die den sich wandelnden Bed\u00fcrfnissen unserer Kunden entsprechen. Mit unserem Fokus auf Transparenz, Integrit\u00e4t und Zusammenarbeit bauen wir starke Beziehungen zu unseren Kunden, Partnern und Stakeholdern auf und verdienen uns so ihr Vertrauen.<\/p>\n<p>Wir von Slots Logistics sind mehr als nur ein Logistikunternehmen - wir sind ein zuverl\u00e4ssiger Partner, der sich daf\u00fcr einsetzt, dass unsere Kunden auf dem heutigen wettbewerbsintensiven globalen Markt erfolgreich sind. Wir sind stolz darauf, mit unserem umfassenden Dienstleistungsangebot, unserem globalen Partnernetzwerk und unserem Engagement f\u00fcr Spitzenleistungen der Logistikdienstleister der Wahl f\u00fcr Unternehmen auf der ganzen Welt zu sein.<\/p>\n\n\t\t<\/div>\n\t<\/div>\n<\/div><\/div><\/div><\/div><\/div><div class=\"clearfix\"><\/div><\/section><section data-stellar-background-ratio=\".3\" style=\"background: url(https:\/\/slotslogistic.com\/wp-content\/uploads\/2016\/05\/bg-5-1.jpg);fixed; background-size:cover;\" class=\"wpb_row vc_row-fluid cta light-text vc_custom_1465286010233\"><div class=\"container\"><div class=\"row\"><div class=\"wpb_column vc_column_container vc_col-sm-12\"><div class=\"vc_column-inner\"><div class=\"wpb_wrapper\"  >\n    <div class=\"padding30 overlaydark80 wow fadeIn\">\n    \t<div class=\"row\">\n    \t\t<div class=\"col-md-10\">\n\t        \t\t            \t<h2 class=\"mb0 mt10\">Kontaktieren Sie uns jetzt, um ein Angebot f\u00fcr Ihren weltweiten Versand zu erhalten<\/h2>\n\t            \t\t                \t                                    \n\t        <\/div>\n\n\t        <div class=\"col-md-2\">\n\t            <a class=\"btn btn-custom\" href=\"#\" title=\"Kontaktieren Sie uns\" target=\"_self\">Kontaktieren Sie uns<\/a>\t        <\/div>\n    \t<\/div>\n    <\/div>          \n\t\n<\/div><\/div><\/div><\/div><\/div><div class=\"clearfix\"><\/div><\/section>\n<\/div>","protected":false},"excerpt":{"rendered":"About Our Company Slots Logistics is a leading provider of comprehensive transportation and logistics solutions, dedicated to empowering businesses to thrive in the dynamic world of global trade. With a commitment to excellence, innovation, and customer satisfaction, we redefine the standards of logistics services, delivering value at every step of the supply chain. Since our [...]","protected":false},"author":1,"featured_media":0,"parent":455,"menu_order":0,"comment_status":"closed","ping_status":"closed","template":"page-templates\/template-fullwidth.php","meta":{"footnotes":""},"class_list":["post-462","page","type-page","status-publish","hentry"],"yoast_head":"<!-- This site is optimized with the Yoast SEO Premium plugin v23.0 (Yoast SEO v27.5) - https:\/\/yoast.com\/product\/yoast-seo-premium-wordpress\/ -->\n<title>CLIENTS &amp; PARTNERS 2 - SLOTS<\/title>\n<meta name=\"robots\" content=\"index, follow, max-snippet:-1, max-image-preview:large, max-video-preview:-1\" \/>\n<link rel=\"canonical\" href=\"https:\/\/slotslogistic.com\/de\/about\/clients-2\/\" \/>\n<meta property=\"og:locale\" content=\"de_DE\" \/>\n<meta property=\"og:type\" content=\"article\" \/>\n<meta property=\"og:title\" content=\"CLIENTS &amp; PARTNERS 2\" \/>\n<meta property=\"og:url\" content=\"https:\/\/slotslogistic.com\/de\/about\/clients-2\/\" \/>\n<meta property=\"og:site_name\" content=\"SLOTS\" \/>\n<meta property=\"article:modified_time\" content=\"2024-11-10T13:48:29+00:00\" \/>\n<meta name=\"twitter:card\" content=\"summary_large_image\" \/>\n<meta name=\"twitter:label1\" content=\"Gesch\u00e4tzte Lesezeit\" \/>\n\t<meta name=\"twitter:data1\" content=\"4\u00a0Minuten\" \/>\n<script type=\"application\/ld+json\" class=\"yoast-schema-graph\">{\"@context\":\"https:\\\/\\\/schema.org\",\"@graph\":[{\"@type\":\"WebPage\",\"@id\":\"https:\\\/\\\/slotslogistic.com\\\/about\\\/clients-2\\\/\",\"url\":\"https:\\\/\\\/slotslogistic.com\\\/about\\\/clients-2\\\/\",\"name\":\"CLIENTS & PARTNERS 2 - SLOTS\",\"isPartOf\":{\"@id\":\"https:\\\/\\\/slotslogistic.com\\\/#website\"},\"datePublished\":\"2016-06-07T10:00:42+00:00\",\"dateModified\":\"2024-11-10T13:48:29+00:00\",\"breadcrumb\":{\"@id\":\"https:\\\/\\\/slotslogistic.com\\\/about\\\/clients-2\\\/#breadcrumb\"},\"inLanguage\":\"de\",\"potentialAction\":[{\"@type\":\"ReadAction\",\"target\":[\"https:\\\/\\\/slotslogistic.com\\\/about\\\/clients-2\\\/\"]}]},{\"@type\":\"BreadcrumbList\",\"@id\":\"https:\\\/\\\/slotslogistic.com\\\/about\\\/clients-2\\\/#breadcrumb\",\"itemListElement\":[{\"@type\":\"ListItem\",\"position\":1,\"name\":\"Home\",\"item\":\"https:\\\/\\\/slotslogistic.com\\\/\"},{\"@type\":\"ListItem\",\"position\":2,\"name\":\"About\",\"item\":\"https:\\\/\\\/slotslogistic.com\\\/about\\\/\"},{\"@type\":\"ListItem\",\"position\":3,\"name\":\"CLIENTS &#038; PARTNERS 2\"}]},{\"@type\":\"WebSite\",\"@id\":\"https:\\\/\\\/slotslogistic.com\\\/#website\",\"url\":\"https:\\\/\\\/slotslogistic.com\\\/\",\"name\":\"SLOTS\",\"description\":\"Logistics &amp; Transportation\",\"potentialAction\":[{\"@type\":\"SearchAction\",\"target\":{\"@type\":\"EntryPoint\",\"urlTemplate\":\"https:\\\/\\\/slotslogistic.com\\\/?s={search_term_string}\"},\"query-input\":{\"@type\":\"PropertyValueSpecification\",\"valueRequired\":true,\"valueName\":\"search_term_string\"}}],\"inLanguage\":\"de\"}]}<\/script>\n<!-- \/ Yoast SEO Premium plugin. -->","yoast_head_json":{"title":"CLIENTS & PARTNERS 2 - SLOTS","robots":{"index":"index","follow":"follow","max-snippet":"max-snippet:-1","max-image-preview":"max-image-preview:large","max-video-preview":"max-video-preview:-1"},"canonical":"https:\/\/slotslogistic.com\/de\/about\/clients-2\/","og_locale":"de_DE","og_type":"article","og_title":"CLIENTS & PARTNERS 2","og_url":"https:\/\/slotslogistic.com\/de\/about\/clients-2\/","og_site_name":"SLOTS","article_modified_time":"2024-11-10T13:48:29+00:00","twitter_card":"summary_large_image","twitter_misc":{"Gesch\u00e4tzte Lesezeit":"4\u00a0Minuten"},"schema":{"@context":"https:\/\/schema.org","@graph":[{"@type":"WebPage","@id":"https:\/\/slotslogistic.com\/about\/clients-2\/","url":"https:\/\/slotslogistic.com\/about\/clients-2\/","name":"CLIENTS & PARTNERS 2 - SLOTS","isPartOf":{"@id":"https:\/\/slotslogistic.com\/#website"},"datePublished":"2016-06-07T10:00:42+00:00","dateModified":"2024-11-10T13:48:29+00:00","breadcrumb":{"@id":"https:\/\/slotslogistic.com\/about\/clients-2\/#breadcrumb"},"inLanguage":"de","potentialAction":[{"@type":"ReadAction","target":["https:\/\/slotslogistic.com\/about\/clients-2\/"]}]},{"@type":"BreadcrumbList","@id":"https:\/\/slotslogistic.com\/about\/clients-2\/#breadcrumb","itemListElement":[{"@type":"ListItem","position":1,"name":"Home","item":"https:\/\/slotslogistic.com\/"},{"@type":"ListItem","position":2,"name":"About","item":"https:\/\/slotslogistic.com\/about\/"},{"@type":"ListItem","position":3,"name":"CLIENTS &#038; PARTNERS 2"}]},{"@type":"WebSite","@id":"https:\/\/slotslogistic.com\/#website","url":"https:\/\/slotslogistic.com\/","name":"SLOTS","description":"Logistics &amp; Transportation","potentialAction":[{"@type":"SearchAction","target":{"@type":"EntryPoint","urlTemplate":"https:\/\/slotslogistic.com\/?s={search_term_string}"},"query-input":{"@type":"PropertyValueSpecification","valueRequired":true,"valueName":"search_term_string"}}],"inLanguage":"de"}]}},"_links":{"self":[{"href":"https:\/\/slotslogistic.com\/de\/wp-json\/wp\/v2\/pages\/462","targetHints":{"allow":["GET"]}}],"collection":[{"href":"https:\/\/slotslogistic.com\/de\/wp-json\/wp\/v2\/pages"}],"about":[{"href":"https:\/\/slotslogistic.com\/de\/wp-json\/wp\/v2\/types\/page"}],"author":[{"embeddable":true,"href":"https:\/\/slotslogistic.com\/de\/wp-json\/wp\/v2\/users\/1"}],"replies":[{"embeddable":true,"href":"https:\/\/slotslogistic.com\/de\/wp-json\/wp\/v2\/comments?post=462"}],"version-history":[{"count":10,"href":"https:\/\/slotslogistic.com\/de\/wp-json\/wp\/v2\/pages\/462\/revisions"}],"predecessor-version":[{"id":1023,"href":"https:\/\/slotslogistic.com\/de\/wp-json\/wp\/v2\/pages\/462\/revisions\/1023"}],"up":[{"embeddable":true,"href":"https:\/\/slotslogistic.com\/de\/wp-json\/wp\/v2\/pages\/455"}],"wp:attachment":[{"href":"https:\/\/slotslogistic.com\/de\/wp-json\/wp\/v2\/media?parent=462"}],"curies":[{"name":"wp","href":"https:\/\/api.w.org\/{rel}","templated":true}]}}