{"id":459,"date":"2016-06-07T09:59:09","date_gmt":"2016-06-07T09:59:09","guid":{"rendered":"http:\/\/demo.vegatheme.com\/gocargo\/demo3\/?page_id=459"},"modified":"2024-07-24T11:27:38","modified_gmt":"2024-07-24T11:27:38","slug":"about-us","status":"publish","type":"page","link":"https:\/\/slotslogistic.com\/de\/about-us\/","title":{"rendered":"\u00dcber uns"},"content":{"rendered":"<div class=\"wpb-content-wrapper\"><section class=\"wpb_row vc_row-fluid vc_custom_1465396295524 side-bg\"><div class=\"image-container col-md-6 col-md-offset-6 pull-left\"><div class=\"background-image\" style=\"background: url(https:\/\/slotslogistic.com\/wp-content\/uploads\/2016\/06\/bg_side_2.jpg) ;\"><\/div><\/div><div class=\"container\"><div class=\"row\"><div class=\"wpb_column vc_column_container vc_col-sm-12 vc_col-md-5\"><div class=\"vc_column-inner\"><div class=\"wpb_wrapper\"  ><\/div><\/div><\/div><div class=\"wpb_column vc_column_container vc_col-sm-12 vc_col-md-offset-2 vc_col-md-5\"><div class=\"vc_column-inner\"><div class=\"wpb_wrapper\"  >\n\t<div class=\"text-left\">\n\t\t \n\t\t\t <h2>Wer wir sind<\/h2>\t        <p class=\"lead\">Wir sind mehr als nur ein Transport- und Logistikunternehmen. Wir sind ein zuverl\u00e4ssiger Partner, der es Unternehmen erm\u00f6glicht, in der dynamischen Welt des globalen Handels erfolgreich zu sein. Mit unserem Engagement f\u00fcr Spitzenleistungen, Innovation und Kundenzufriedenheit definieren wir die Standards f\u00fcr Logistikdienstleistungen neu und liefern auf jeder Stufe der Lieferkette einen Mehrwert.<\/p>\t\t\t<div class=\"divider-deco\"><span><\/span><\/div>\t\t\t\n\t\t    <\/div>\t\n\t\n\n\t<div class=\"wpb_text_column wpb_content_element  vc_custom_1713387086915\" >\n\t\t<div class=\"wpb_wrapper\">\n\t\t\t<p>Ob Sie ein kleines Unternehmen sind, das in neue M\u00e4rkte expandieren m\u00f6chte, oder ein multinationales Unternehmen, das seine Lieferkette optimieren m\u00f6chte - Slots Logistics ist Ihr zuverl\u00e4ssiger Partner f\u00fcr alle Ihre Logistikanforderungen. Erleben Sie den Unterschied mit Slots und erschlie\u00dfen Sie sich neue M\u00f6glichkeiten f\u00fcr Wachstum, Effizienz und Erfolg auf dem wettbewerbsintensiven globalen Markt von heute.<\/p>\n\n\t\t<\/div>\n\t<\/div>\n<\/div><\/div><\/div><\/div><\/div><div class=\"clearfix\"><\/div><\/section><section data-stellar-background-ratio=\".3\" style=\"background: url(https:\/\/slotslogistic.com\/wp-content\/uploads\/2016\/05\/bg-3-1.jpg);fixed; background-size:cover;\" class=\"wpb_row vc_row-fluid\"><div class=\"container\"><div class=\"row\"><div class=\"wpb_column vc_column_container vc_col-sm-12\"><div class=\"vc_column-inner\"><div class=\"wpb_wrapper\"  >\n\t<div class=\"text-left light-text\">\n\t\t \n\t\t\t <h2>Direktorium<\/h2>\t        \t\t\t<div class=\"divider-deco\"><span><\/span><\/div>\t\t\t\n\t\t    <\/div>\t\n\t\n<\/div><\/div><\/div><div class=\"text-center wpb_column vc_column_container vc_col-sm-6\"><div class=\"vc_column-inner\"><div class=\"wpb_wrapper\"  >\n\t<div class=\"vc_custom_1714255706401\">\n        <div class=\"row\">\n            <div class=\"col-md-6 pr0\">\n                <img loading=\"lazy\" decoding=\"async\" width=\"373\" height=\"585\" src=\"https:\/\/slotslogistic.com\/wp-content\/uploads\/2024\/04\/Anonymous-2048x2048-2.jpg\" class=\"img-responsive\" alt=\"\" srcset=\"https:\/\/slotslogistic.com\/wp-content\/uploads\/2024\/04\/Anonymous-2048x2048-2.jpg 373w, https:\/\/slotslogistic.com\/wp-content\/uploads\/2024\/04\/Anonymous-2048x2048-2-191x300.jpg 191w, https:\/\/slotslogistic.com\/wp-content\/uploads\/2024\/04\/Anonymous-2048x2048-2-300x471.jpg 300w\" sizes=\"auto, (max-width: 373px) 100vw, 373px\" \/>            <\/div>\n            <div class=\"col-md-6\">\n                <div class=\"p20 pl10 pt30\">\n                    <div class=\"id-color font2\"><i>Mumen Ismail<\/i><\/div>\n                    <div class=\"font2 mb10 text-white\"><i>Vorstandsvorsitzender<\/i><\/div>                    \t\t\t\t\n\t\t\t\t\t<!-- social icons -->\n                    <div class=\"social hspace10 mt10\">\n                        <a href=\"#\" target=\"_blank\"><i class=\"fab fa-facebook-square\"><\/i><\/a>\t\t\t            <a href=\"#\" target=\"_blank\"><i class=\"fab fa-instagram\"><\/i><\/a>\t\t\t            <a href=\"#\" target=\"_blank\"><i class=\"fab fa-linkedin\"><\/i><\/a>\t\t\t            <a href=\"#\" target=\"_blank\"><i class=\"fas fa-at\"><\/i><\/a>\t\t\t            \t\t\t                                <\/div>\n                    <!-- social icons close -->\n                <\/div>\n            <\/div>\n        <\/div>\n    <\/div>\n\n<\/div><\/div><\/div><div class=\"text-center wpb_column vc_column_container vc_col-sm-6\"><div class=\"vc_column-inner\"><div class=\"wpb_wrapper\"  >\n\t<div class=\"vc_custom_1714255685334\">\n        <div class=\"row\">\n            <div class=\"col-md-6 pr0\">\n                <img loading=\"lazy\" decoding=\"async\" width=\"373\" height=\"585\" src=\"https:\/\/slotslogistic.com\/wp-content\/uploads\/2024\/04\/Anonymous-2048x2048-2.jpg\" class=\"img-responsive\" alt=\"\" srcset=\"https:\/\/slotslogistic.com\/wp-content\/uploads\/2024\/04\/Anonymous-2048x2048-2.jpg 373w, https:\/\/slotslogistic.com\/wp-content\/uploads\/2024\/04\/Anonymous-2048x2048-2-191x300.jpg 191w, https:\/\/slotslogistic.com\/wp-content\/uploads\/2024\/04\/Anonymous-2048x2048-2-300x471.jpg 300w\" sizes=\"auto, (max-width: 373px) 100vw, 373px\" \/>            <\/div>\n            <div class=\"col-md-6\">\n                <div class=\"p20 pl10 pt30\">\n                    <div class=\"id-color font2\"><i>Nader Salama<\/i><\/div>\n                    <div class=\"font2 mb10 text-white\"><i>Leiter der Technologieabteilung<\/i><\/div>                    \t\t\t\t\n\t\t\t\t\t<!-- social icons -->\n                    <div class=\"social hspace10 mt10\">\n                        <a href=\"#\" target=\"_blank\"><i class=\"fab fa-facebook-square\"><\/i><\/a>\t\t\t            <a href=\"#\" target=\"_blank\"><i class=\"fab fa-instagram\"><\/i><\/a>\t\t\t            <a href=\"#\" target=\"_blank\"><i class=\"fab fa-linkedin\"><\/i><\/a>\t\t\t            <a href=\"#\" target=\"_blank\"><i class=\"fas fa-at\"><\/i><\/a>\t\t\t            \t\t\t                                <\/div>\n                    <!-- social icons close -->\n                <\/div>\n            <\/div>\n        <\/div>\n    <\/div>\n\n<\/div><\/div><\/div><\/div><\/div><div class=\"clearfix\"><\/div><\/section><section class=\"wpb_row vc_row-fluid vc_custom_1465396506643 side-bg\"><div class=\"image-container col-md-6 col-md-offset-6 pull-right\"><div class=\"background-image\" style=\"background: url(https:\/\/slotslogistic.com\/wp-content\/uploads\/2016\/06\/bg_side_3.jpg) ;\"><\/div><\/div><div class=\"container\"><div class=\"row\"><div class=\"wpb_column vc_column_container vc_col-sm-12 vc_col-md-5\"><div class=\"vc_column-inner\"><div class=\"wpb_wrapper\"  >\n\t<div class=\"text-left\">\n\t\t \n\t\t\t <h2>Unser Ansatz<\/h2>\t        <p class=\"lead\">Bei Slots Logistics steht der Kunde bei jedem Aspekt unseres Gesch\u00e4fts im Mittelpunkt. Von dem Moment an, in dem Sie sich mit uns in Verbindung setzen, k\u00f6nnen Sie pers\u00f6nliche Aufmerksamkeit, proaktive Kommunikation und ma\u00dfgeschneiderte L\u00f6sungen erwarten, die auf Ihre individuellen Anforderungen zugeschnitten sind.<\/p>\n<p><strong>Umfassende Dienstleistungen:<\/strong> Ganz gleich, ob Sie Luftfracht, Seefracht, Lagerhaltung, Zollabfertigung oder eine Kombination von Dienstleistungen ben\u00f6tigen, wir haben alles f\u00fcr Sie. Unser umfassendes Angebot an Logistikl\u00f6sungen stellt sicher, dass wir alle Ihre Transport- und Lieferkettenanforderungen unter einem Dach erf\u00fcllen k\u00f6nnen.<\/p>\n<p><strong>Globales Netzwerk:<\/strong> Mit einem umfangreichen Netzwerk von Partnern, Spediteuren und Agenten weltweit bieten wir nahtlose Verbindungen zu den wichtigsten M\u00e4rkten und Zielorten rund um den Globus. Wo auch immer Ihr Gesch\u00e4ft Sie hinf\u00fchrt, Slots Logistics ist f\u00fcr Sie da.<\/p>\n<p><strong>Au\u00dfergew\u00f6hnliche Unterst\u00fctzung:<\/strong> Unser engagiertes Team von Logistikexperten ist bestrebt, unseren Kunden bei jedem Schritt einen au\u00dfergew\u00f6hnlichen Support zu bieten. Von der fachkundigen Beratung und Unterst\u00fctzung bei der Dokumentation bis hin zur Nachverfolgung in Echtzeit und proaktiver Probleml\u00f6sung - wir sind f\u00fcr Sie da, um eine reibungslose und stressfreie Logistik zu gew\u00e4hrleisten.<\/p>\t\t\t<div class=\"divider-deco\"><span><\/span><\/div>\t\t\t\n\t\t    <\/div>\t\n\t\n\n\t<div class=\"wpb_text_column wpb_content_element  vc_custom_1713387825040\" >\n\t\t<div class=\"wpb_wrapper\">\n\t\t\t<p><strong>Exzellenz:<\/strong> Wir streben in allem, was wir tun, nach Exzellenz und sind bestrebt, erstklassigen Service, innovative L\u00f6sungen und messbare Ergebnisse zu liefern, die den Erfolg unserer Kunden und Partner f\u00f6rdern.<\/p>\n<p><strong>Integrit\u00e4t:<\/strong> Wir f\u00fchren unsere Gesch\u00e4fte mit den h\u00f6chsten ethischen Standards, Transparenz und Integrit\u00e4t und f\u00f6rdern so das Vertrauen und den gegenseitigen Respekt mit unseren Kunden, Mitarbeitern und Stakeholdern.<\/p>\n<p><strong>Kollaboration:<\/strong> Wir glauben an die Kraft der Zusammenarbeit und des Teamworks, indem wir die vielf\u00e4ltigen Kompetenzen unseres globalen Netzwerks nutzen, um komplexe Herausforderungen zu l\u00f6sen und gemeinsame Ziele zu erreichen.<\/p>\n<p><strong>Innovation:<\/strong> Wir sehen Innovation und Technologie als Triebfedern des Fortschritts und suchen st\u00e4ndig nach neuen M\u00f6glichkeiten, Prozesse zu optimieren, die Effizienz zu steigern und unseren Kunden L\u00f6sungen mit Mehrwert zu bieten.<\/p>\n\n\t\t<\/div>\n\t<\/div>\n<\/div><\/div><\/div><div class=\"wpb_column vc_column_container vc_col-sm-12 vc_col-md-offset-2 vc_col-md-5\"><div class=\"vc_column-inner\"><div class=\"wpb_wrapper\"  ><\/div><\/div><\/div><\/div><\/div><div class=\"clearfix\"><\/div><\/section><section data-stellar-background-ratio=\".3\" style=\"background: url(https:\/\/slotslogistic.com\/wp-content\/uploads\/2016\/05\/bg-5-1.jpg);fixed; background-size:cover;\" class=\"wpb_row vc_row-fluid cta light-text vc_custom_1465286010233\"><div class=\"container\"><div class=\"row\"><div class=\"wpb_column vc_column_container vc_col-sm-12\"><div class=\"vc_column-inner\"><div class=\"wpb_wrapper\"  >\n    <div class=\"padding30 overlaydark80 wow fadeIn\">\n    \t<div class=\"row\">\n    \t\t<div class=\"col-md-10\">\n\t        \t\t            \t<h2 class=\"mb0 mt10\">Kontaktieren Sie uns jetzt, um ein Angebot f\u00fcr Ihren weltweiten Versand zu erhalten<\/h2>\n\t            \t\t                \t                                    \n\t        <\/div>\n\n\t        <div class=\"col-md-2\">\n\t            <a class=\"btn btn-custom\" href=\"#\" title=\"Kontaktieren Sie uns\" target=\"_self\">Kontaktieren Sie uns<\/a>\t        <\/div>\n    \t<\/div>\n    <\/div>          \n\t\n<\/div><\/div><\/div><\/div><\/div><div class=\"clearfix\"><\/div><\/section>\n<\/div>","protected":false},"excerpt":{"rendered":"Who We Are We are more than just a transportation and logistics company. We are a trusted partner, dedicated to empowering businesses to thrive in the dynamic world of global trade. With a commitment to excellence, innovation, and customer satisfaction, we redefine the standards of logistics services, delivering value at every step of the supply [...]","protected":false},"author":1,"featured_media":0,"parent":0,"menu_order":0,"comment_status":"closed","ping_status":"closed","template":"page-templates\/template-fullwidth.php","meta":{"footnotes":""},"class_list":["post-459","page","type-page","status-publish","hentry"],"yoast_head":"<!-- This site is optimized with the Yoast SEO Premium plugin v23.0 (Yoast SEO v27.4) - https:\/\/yoast.com\/product\/yoast-seo-premium-wordpress\/ -->\n<title>About Us - SLOTS<\/title>\n<meta name=\"robots\" content=\"index, follow, max-snippet:-1, max-image-preview:large, max-video-preview:-1\" \/>\n<link rel=\"canonical\" href=\"https:\/\/slotslogistic.com\/de\/about-us\/\" \/>\n<meta property=\"og:locale\" content=\"de_DE\" \/>\n<meta property=\"og:type\" content=\"article\" \/>\n<meta property=\"og:title\" content=\"About Us\" \/>\n<meta property=\"og:url\" content=\"https:\/\/slotslogistic.com\/de\/about-us\/\" \/>\n<meta property=\"og:site_name\" content=\"SLOTS\" \/>\n<meta property=\"article:modified_time\" content=\"2024-07-24T11:27:38+00:00\" \/>\n<meta name=\"twitter:card\" content=\"summary_large_image\" \/>\n<meta name=\"twitter:label1\" content=\"Gesch\u00e4tzte Lesezeit\" \/>\n\t<meta name=\"twitter:data1\" content=\"3\u00a0Minuten\" \/>\n<script type=\"application\/ld+json\" class=\"yoast-schema-graph\">{\"@context\":\"https:\\\/\\\/schema.org\",\"@graph\":[{\"@type\":\"WebPage\",\"@id\":\"https:\\\/\\\/slotslogistic.com\\\/about-us\\\/\",\"url\":\"https:\\\/\\\/slotslogistic.com\\\/about-us\\\/\",\"name\":\"About Us - SLOTS\",\"isPartOf\":{\"@id\":\"https:\\\/\\\/slotslogistic.com\\\/#website\"},\"datePublished\":\"2016-06-07T09:59:09+00:00\",\"dateModified\":\"2024-07-24T11:27:38+00:00\",\"breadcrumb\":{\"@id\":\"https:\\\/\\\/slotslogistic.com\\\/about-us\\\/#breadcrumb\"},\"inLanguage\":\"de\",\"potentialAction\":[{\"@type\":\"ReadAction\",\"target\":[\"https:\\\/\\\/slotslogistic.com\\\/about-us\\\/\"]}]},{\"@type\":\"BreadcrumbList\",\"@id\":\"https:\\\/\\\/slotslogistic.com\\\/about-us\\\/#breadcrumb\",\"itemListElement\":[{\"@type\":\"ListItem\",\"position\":1,\"name\":\"Home\",\"item\":\"https:\\\/\\\/slotslogistic.com\\\/\"},{\"@type\":\"ListItem\",\"position\":2,\"name\":\"About Us\"}]},{\"@type\":\"WebSite\",\"@id\":\"https:\\\/\\\/slotslogistic.com\\\/#website\",\"url\":\"https:\\\/\\\/slotslogistic.com\\\/\",\"name\":\"SLOTS\",\"description\":\"Logistics &amp; Transportation\",\"potentialAction\":[{\"@type\":\"SearchAction\",\"target\":{\"@type\":\"EntryPoint\",\"urlTemplate\":\"https:\\\/\\\/slotslogistic.com\\\/?s={search_term_string}\"},\"query-input\":{\"@type\":\"PropertyValueSpecification\",\"valueRequired\":true,\"valueName\":\"search_term_string\"}}],\"inLanguage\":\"de\"}]}<\/script>\n<!-- \/ Yoast SEO Premium plugin. -->","yoast_head_json":{"title":"About Us - SLOTS","robots":{"index":"index","follow":"follow","max-snippet":"max-snippet:-1","max-image-preview":"max-image-preview:large","max-video-preview":"max-video-preview:-1"},"canonical":"https:\/\/slotslogistic.com\/de\/about-us\/","og_locale":"de_DE","og_type":"article","og_title":"About Us","og_url":"https:\/\/slotslogistic.com\/de\/about-us\/","og_site_name":"SLOTS","article_modified_time":"2024-07-24T11:27:38+00:00","twitter_card":"summary_large_image","twitter_misc":{"Gesch\u00e4tzte Lesezeit":"3\u00a0Minuten"},"schema":{"@context":"https:\/\/schema.org","@graph":[{"@type":"WebPage","@id":"https:\/\/slotslogistic.com\/about-us\/","url":"https:\/\/slotslogistic.com\/about-us\/","name":"About Us - SLOTS","isPartOf":{"@id":"https:\/\/slotslogistic.com\/#website"},"datePublished":"2016-06-07T09:59:09+00:00","dateModified":"2024-07-24T11:27:38+00:00","breadcrumb":{"@id":"https:\/\/slotslogistic.com\/about-us\/#breadcrumb"},"inLanguage":"de","potentialAction":[{"@type":"ReadAction","target":["https:\/\/slotslogistic.com\/about-us\/"]}]},{"@type":"BreadcrumbList","@id":"https:\/\/slotslogistic.com\/about-us\/#breadcrumb","itemListElement":[{"@type":"ListItem","position":1,"name":"Home","item":"https:\/\/slotslogistic.com\/"},{"@type":"ListItem","position":2,"name":"About Us"}]},{"@type":"WebSite","@id":"https:\/\/slotslogistic.com\/#website","url":"https:\/\/slotslogistic.com\/","name":"SLOTS","description":"Logistics &amp; Transportation","potentialAction":[{"@type":"SearchAction","target":{"@type":"EntryPoint","urlTemplate":"https:\/\/slotslogistic.com\/?s={search_term_string}"},"query-input":{"@type":"PropertyValueSpecification","valueRequired":true,"valueName":"search_term_string"}}],"inLanguage":"de"}]}},"_links":{"self":[{"href":"https:\/\/slotslogistic.com\/de\/wp-json\/wp\/v2\/pages\/459","targetHints":{"allow":["GET"]}}],"collection":[{"href":"https:\/\/slotslogistic.com\/de\/wp-json\/wp\/v2\/pages"}],"about":[{"href":"https:\/\/slotslogistic.com\/de\/wp-json\/wp\/v2\/types\/page"}],"author":[{"embeddable":true,"href":"https:\/\/slotslogistic.com\/de\/wp-json\/wp\/v2\/users\/1"}],"replies":[{"embeddable":true,"href":"https:\/\/slotslogistic.com\/de\/wp-json\/wp\/v2\/comments?post=459"}],"version-history":[{"count":14,"href":"https:\/\/slotslogistic.com\/de\/wp-json\/wp\/v2\/pages\/459\/revisions"}],"predecessor-version":[{"id":910,"href":"https:\/\/slotslogistic.com\/de\/wp-json\/wp\/v2\/pages\/459\/revisions\/910"}],"wp:attachment":[{"href":"https:\/\/slotslogistic.com\/de\/wp-json\/wp\/v2\/media?parent=459"}],"curies":[{"name":"wp","href":"https:\/\/api.w.org\/{rel}","templated":true}]}}