{"id":451,"date":"2016-06-07T09:57:48","date_gmt":"2016-06-07T09:57:48","guid":{"rendered":"http:\/\/demo.vegatheme.com\/gocargo\/demo3\/?page_id=451"},"modified":"2024-04-20T02:53:45","modified_gmt":"2024-04-20T02:53:45","slug":"careers","status":"publish","type":"page","link":"https:\/\/slotslogistic.com\/de\/about\/careers\/","title":{"rendered":"Karriere"},"content":{"rendered":"<div class=\"wpb-content-wrapper\"><section class=\"wpb_row vc_row-fluid\"><div class=\"container\"><div class=\"row\"><div class=\"wpb_column vc_column_container vc_col-sm-8\"><div class=\"vc_column-inner\"><div class=\"wpb_wrapper\"  >\n\t<div class=\"text-left\">\n\t\t \n\t\t\t <h2>Strahlende Zukunft mit uns<\/h2>\t        \t\t\t<div class=\"divider-deco\"><span><\/span><\/div>\t\t\t\n\t\t    <\/div>\t\n\t\n\n\t<div class=\"wpb_text_column wpb_content_element\" >\n\t\t<div class=\"wpb_wrapper\">\n\t\t\t<h3>Wir bei Slots Logistics glauben daran, dass wir unseren Teammitgliedern eine gute Zukunft bieten k\u00f6nnen. Wenn Sie zu uns kommen, werden Sie Teil eines dynamischen und innovativen Unternehmens, das die Zukunft der globalen Logistik mitgestaltet.<\/h3>\n\n\t\t<\/div>\n\t<\/div>\n\n\t<div class=\"text-left\">\n\t\t \n\t\t\t <h2>Offene Stellen<\/h2>\t        \t\t\t<div class=\"divider-deco\"><span><\/span><\/div>\t\t\t\n\t\t    <\/div>\t\n\t\n\t<div class=\"list-careers\">\n\t\t\t\t<div class=\"expand-box\">\n            <div class=\"inner\">\n                <span class=\"btn-expand\"><\/span>\n                <div class=\"row\">\n                    <div class=\"col-md-6\">\n                        <img loading=\"lazy\" decoding=\"async\" width=\"70\" height=\"82\" src=\"https:\/\/slotslogistic.com\/wp-content\/uploads\/2016\/03\/pic-small-c3-70x82.jpg\" class=\"pull-left wp-post-image\" alt=\"\" srcset=\"https:\/\/slotslogistic.com\/wp-content\/uploads\/2016\/03\/pic-small-c3-70x82.jpg 70w, https:\/\/slotslogistic.com\/wp-content\/uploads\/2016\/03\/pic-small-c3.jpg 140w\" sizes=\"auto, (max-width: 70px) 100vw, 70px\" \/>                        <h4>Sales<\/h4>\n                        Proin gravida nibh vel velit auctor aliquet. Aenean sollicitudin, lorem                     <\/div>\n                    <div class=\"col-md-3\">\n                        <div class=\"divider\"><\/div>\n                        <strong>Business Sector:<\/strong><br>\n                        Shipping-receiving                    <\/div>\n                    <div class=\"col-md-3\">\n                        <div class=\"divider\"><\/div>\n                        <strong>End Date:<\/strong><br>\n                        <span class=\"id-color\">Jun 21 2025<\/span>\n                    <\/div>\n\n\n                    <div class=\"hide-content\">\n                        <div class=\"divider-single\"><\/div>\n                        <div class=\"wpb-content-wrapper\"><section class=\"wpb_row vc_row-fluid vc_custom_1456988277966\"><div class=\"row\"><div class=\"wpb_column vc_column_container vc_col-sm-6\"><div class=\"vc_column-inner\"><div class=\"wpb_wrapper\"  >\n\t<div class=\"wpb_text_column wpb_content_element\" >\n\t\t<div class=\"wpb_wrapper\">\n\t\t\t<div class=\"req\"><strong>Job ID :<\/strong><span class=\"pull-right\">DV &#8211; WH -12302015<\/span><\/div>\n<div class=\"req\"><strong>Education :<\/strong><span class=\"pull-right\">Bachelor Degree<\/span><\/div>\n<div class=\"req\"><strong>Years Experience :<\/strong><span class=\"pull-right\">3+<\/span><\/div>\n<div class=\"req\"><strong>Work Location :<\/strong><span class=\"pull-right\">Madrid, Spanish<\/span><\/div>\n<div class=\"req\"><strong>Maximum Age :<\/strong><span class=\"pull-right\">40 Jahre alt<\/span><\/div>\n<div class=\"req\"><strong>Language Skill :<\/strong><span class=\"pull-right\">Latin, English<\/span><\/div>\n<div class=\"req\"><strong>Computer Skill :<\/strong><span class=\"pull-right\">Internet<\/span><\/div>\n\n\t\t<\/div>\n\t<\/div>\n<\/div><\/div><\/div><div class=\"wpb_column vc_column_container vc_col-sm-6\"><div class=\"vc_column-inner\"><div class=\"wpb_wrapper\"  >\n\t<div class=\"wpb_text_column wpb_content_element\" >\n\t\t<div class=\"wpb_wrapper\">\n\t\t\t<p><strong>Stellenbeschreibung<\/strong>Proin gravida nibh vel velit auctor aliquet. Aenean sollicitudin, lorem quis bibendum auctor, nisi elit consequat ipsum, nec sagittis sem nibh id elit. Duis sed odio sit amet nibh vulputate cursus a sit amet mauris.<\/p>\n<p><strong>Zust\u00e4ndigkeiten<\/strong>Aenean sollicitudin, lorem quis bibendum auctor, nisi elit consequat ipsum, nec sagittis sem nibh id elit.<\/p>\n<ul class=\"icon-list arrow\">\n<li>Duis sed odio sit amet nibh vulputate cursus a sit<\/li>\n<li>Class aptent taciti sociosqu ad litora torquent per<\/li>\n<li>Proin gravida nibh vel velit auctor aliquet. Aenean<\/li>\n<\/ul>\n\n\t\t<\/div>\n\t<\/div>\n<\/div><\/div><\/div><\/div><div class=\"clearfix\"><\/div><\/section>\n<\/div>                    <\/div>\n                <\/div>\n            <\/div>\n                        \t<a href=\"#\" class=\"btn-custom btn-fullwidth\">Apply Now<\/a>\n                        \n        <\/div>\n        \t\t<div class=\"expand-box\">\n            <div class=\"inner\">\n                <span class=\"btn-expand\"><\/span>\n                <div class=\"row\">\n                    <div class=\"col-md-6\">\n                        <img loading=\"lazy\" decoding=\"async\" width=\"70\" height=\"82\" src=\"https:\/\/slotslogistic.com\/wp-content\/uploads\/2016\/03\/pic-small-c2-70x82.jpg\" class=\"pull-left wp-post-image\" alt=\"\" srcset=\"https:\/\/slotslogistic.com\/wp-content\/uploads\/2016\/03\/pic-small-c2-70x82.jpg 70w, https:\/\/slotslogistic.com\/wp-content\/uploads\/2016\/03\/pic-small-c2.jpg 140w\" sizes=\"auto, (max-width: 70px) 100vw, 70px\" \/>                        <h4>Lagerverwalter<\/h4>\n                        Beaufsichtigen Sie den Lagerbetrieb, verwalten Sie den Bestand und sorgen Sie f\u00fcr effiziente Logistikprozesse im 6. Oktober, \u00c4gypten.                    <\/div>\n                    <div class=\"col-md-3\">\n                        <div class=\"divider\"><\/div>\n                        <strong>Business Sector:<\/strong><br>\n                        Lagerhaus                    <\/div>\n                    <div class=\"col-md-3\">\n                        <div class=\"divider\"><\/div>\n                        <strong>End Date:<\/strong><br>\n                        <span class=\"id-color\">Mai 16 2025<\/span>\n                    <\/div>\n\n\n                    <div class=\"hide-content\">\n                        <div class=\"divider-single\"><\/div>\n                        <div class=\"wpb-content-wrapper\"><section class=\"wpb_row vc_row-fluid vc_custom_1456988321920\"><div class=\"row\"><div class=\"wpb_column vc_column_container vc_col-sm-6\"><div class=\"vc_column-inner\"><div class=\"wpb_wrapper\"  >\n\t<div class=\"wpb_text_column wpb_content_element\" >\n\t\t<div class=\"wpb_wrapper\">\n\t\t\t<div class=\"req\">\n<p><strong>Job ID: DV-WH-12302015<\/strong> <strong>Position: Lagerverwalter<\/strong><\/p>\n<ul>\n<li><strong>Jahre der Erfahrung:<\/strong> 3+<\/li>\n<li><strong>Arbeitsort:<\/strong> 6. Oktober, \u00c4gypten<\/li>\n<li><strong>H\u00f6chstalter:<\/strong> 40 Jahre alt<\/li>\n<li><strong>Sprachkenntnisse:<\/strong> Arabisch, Englisch<\/li>\n<li><strong>Computerkenntnisse:<\/strong> Beherrschung der Internetnutzung<\/li>\n<\/ul>\n<\/div>\n\n\t\t<\/div>\n\t<\/div>\n<\/div><\/div><\/div><div class=\"wpb_column vc_column_container vc_col-sm-6\"><div class=\"vc_column-inner\"><div class=\"wpb_wrapper\"  >\n\t<div class=\"wpb_text_column wpb_content_element\" >\n\t\t<div class=\"wpb_wrapper\">\n\t\t\t<p><strong>Stellenbeschreibung Als Warehouse Officer sind Sie f\u00fcr die \u00dcberwachung der t\u00e4glichen Abl\u00e4ufe in unserem Lager verantwortlich. Dazu geh\u00f6ren die Verwaltung des Inventars, die Koordinierung von Sendungen und die Gew\u00e4hrleistung der Einhaltung von Sicherheitsverfahren. Sie werden eng mit unserem Team zusammenarbeiten, um Prozesse zu optimieren und effiziente Abl\u00e4ufe zu gew\u00e4hrleisten.<\/strong><\/p>\n<p><strong>Zust\u00e4ndigkeiten <\/strong><\/p>\n<ul>\n<li>Beaufsichtigen Sie das Lagerpersonal und sorgen Sie f\u00fcr einen reibungslosen Ablauf der t\u00e4glichen Aktivit\u00e4ten.<\/li>\n<li>Verwalten Sie die Lagerbest\u00e4nde und f\u00fchren Sie regelm\u00e4\u00dfige Bestandskontrollen durch.<\/li>\n<li>Koordinieren Sie sich mit Lieferanten und Spediteuren, um eingehende und ausgehende Sendungen zu planen.<\/li>\n<li>Sorgen Sie f\u00fcr eine sichere und saubere Arbeitsumgebung und halten Sie sich an die Gesundheits- und Sicherheitsvorschriften.<\/li>\n<li>Nutzen Sie Lagerverwaltungssysteme, um den Bestand zu verfolgen und Bestellungen effizient zu bearbeiten.<\/li>\n<\/ul>\n\n\t\t<\/div>\n\t<\/div>\n<\/div><\/div><\/div><\/div><div class=\"clearfix\"><\/div><\/section>\n<\/div>                    <\/div>\n                <\/div>\n            <\/div>\n                        \t<a href=\"#\" class=\"btn-custom btn-fullwidth\">Apply Now<\/a>\n                        \n        <\/div>\n        \t\t<div class=\"expand-box\">\n            <div class=\"inner\">\n                <span class=\"btn-expand\"><\/span>\n                <div class=\"row\">\n                    <div class=\"col-md-6\">\n                        <img loading=\"lazy\" decoding=\"async\" width=\"70\" height=\"82\" src=\"https:\/\/slotslogistic.com\/wp-content\/uploads\/2016\/03\/pic-small-c1-70x82.jpg\" class=\"pull-left wp-post-image\" alt=\"\" srcset=\"https:\/\/slotslogistic.com\/wp-content\/uploads\/2016\/03\/pic-small-c1-70x82.jpg 70w, https:\/\/slotslogistic.com\/wp-content\/uploads\/2016\/03\/pic-small-c1.jpg 140w\" sizes=\"auto, (max-width: 70px) 100vw, 70px\" \/>                        <h4>Analyst der Lieferkette<\/h4>\n                        Analysieren Sie Daten, optimieren Sie Lieferkettenprozesse und treiben Sie Effizienzverbesserungen in 6. Oktober, \u00c4gypten, voran.                    <\/div>\n                    <div class=\"col-md-3\">\n                        <div class=\"divider\"><\/div>\n                        <strong>Business Sector:<\/strong><br>\n                        Luftfracht                    <\/div>\n                    <div class=\"col-md-3\">\n                        <div class=\"divider\"><\/div>\n                        <strong>End Date:<\/strong><br>\n                        <span class=\"id-color\">Mai 16 2024<\/span>\n                    <\/div>\n\n\n                    <div class=\"hide-content\">\n                        <div class=\"divider-single\"><\/div>\n                        <div class=\"wpb-content-wrapper\"><section class=\"wpb_row vc_row-fluid vc_custom_1456988166492\"><div class=\"row\"><div class=\"wpb_column vc_column_container vc_col-sm-6\"><div class=\"vc_column-inner\"><div class=\"wpb_wrapper\"  >\n\t<div class=\"wpb_text_column wpb_content_element\" >\n\t\t<div class=\"wpb_wrapper\">\n\t\t\t<div class=\"req\">\n<p><strong>Job ID: DV-SCA-12302015<\/strong><br \/>\n<strong>Position: Analyst der Lieferkette<\/strong><\/p>\n<ul>\n<li><strong>Bildung:<\/strong> Bachelor-Abschluss<\/li>\n<li><strong>Jahre der Erfahrung:<\/strong> 3+<\/li>\n<li><strong>Arbeitsort:<\/strong> 6. Oktober, \u00c4gypten<\/li>\n<li><strong>H\u00f6chstalter:<\/strong> 40 Jahre alt<\/li>\n<li><strong>Sprachkenntnisse:<\/strong> Arabisch, Englisch<\/li>\n<li><strong>Computerkenntnisse:<\/strong> Beherrschung der Internetnutzung<\/li>\n<\/ul>\n<\/div>\n\n\t\t<\/div>\n\t<\/div>\n<\/div><\/div><\/div><div class=\"wpb_column vc_column_container vc_col-sm-6\"><div class=\"vc_column-inner\"><div class=\"wpb_wrapper\"  >\n\t<div class=\"wpb_text_column wpb_content_element\" >\n\t\t<div class=\"wpb_wrapper\">\n\t\t\t<p><strong>Stellenbeschreibung Als Supply Chain Analyst (m\/w) sind Sie f\u00fcr die Analyse von Daten und die Identifizierung von M\u00f6glichkeiten zur Optimierung unserer Lieferkettenabl\u00e4ufe verantwortlich. Dazu geh\u00f6rt die \u00dcberwachung wichtiger Leistungsindikatoren, die Identifizierung von Trends und die Bereitstellung von Erkenntnissen zur Verbesserung der Effizienz und zur Kostensenkung. Sie werden eng mit unseren Logistik- und Betriebsteams zusammenarbeiten, um Prozessverbesserungen zu implementieren und Initiativen zur kontinuierlichen Verbesserung voranzutreiben.<\/strong><\/p>\n<p><strong>Zust\u00e4ndigkeiten<br \/>\n<\/strong><\/p>\n<ul>\n<li>Analysieren Sie Lieferkettendaten, um Trends und Verbesserungsm\u00f6glichkeiten zu erkennen.<\/li>\n<li>Entwickeln Sie Berichte und Dashboards, um wichtige Leistungsindikatoren zu verfolgen und die Leistung im Vergleich zu den Zielen zu \u00fcberwachen.<\/li>\n<li>Arbeiten Sie mit funktions\u00fcbergreifenden Teams zusammen, um Prozessverbesserungen zu implementieren und die operative Leistung zu steigern.<\/li>\n<li>Geben Sie dem Management Empfehlungen auf der Grundlage von Datenanalysen und Erkenntnissen.<\/li>\n<li>Beobachten Sie Markttrends und Branchenentwicklungen, um M\u00f6glichkeiten f\u00fcr Innovationen und Optimierungen zu erkennen.<\/li>\n<\/ul>\n\n\t\t<\/div>\n\t<\/div>\n<\/div><\/div><\/div><\/div><div class=\"clearfix\"><\/div><\/section>\n<\/div>                    <\/div>\n                <\/div>\n            <\/div>\n                        \t<a href=\"#\" class=\"btn-custom btn-fullwidth\">Apply Now<\/a>\n                        \n        <\/div>\n        \t\t<div class=\"expand-box\">\n            <div class=\"inner\">\n                <span class=\"btn-expand\"><\/span>\n                <div class=\"row\">\n                    <div class=\"col-md-6\">\n                        <img loading=\"lazy\" decoding=\"async\" width=\"70\" height=\"82\" src=\"https:\/\/slotslogistic.com\/wp-content\/uploads\/2016\/03\/pic-small-c1-70x82.jpg\" class=\"pull-left wp-post-image\" alt=\"\" srcset=\"https:\/\/slotslogistic.com\/wp-content\/uploads\/2016\/03\/pic-small-c1-70x82.jpg 70w, https:\/\/slotslogistic.com\/wp-content\/uploads\/2016\/03\/pic-small-c1.jpg 140w\" sizes=\"auto, (max-width: 70px) 100vw, 70px\" \/>                        <h4>Line Haul Contarctors<\/h4>\n                        Transportieren Sie Fracht \u00fcber gro\u00dfe Entfernungen zwischen Distributionszentren und sorgen Sie f\u00fcr eine p\u00fcnktliche und sichere Lieferung. Halten Sie das Fahrzeug instand und halten Sie die zugewiesenen Routen ein.                    <\/div>\n                    <div class=\"col-md-3\">\n                        <div class=\"divider\"><\/div>\n                        <strong>Business Sector:<\/strong><br>\n                        Treiber                    <\/div>\n                    <div class=\"col-md-3\">\n                        <div class=\"divider\"><\/div>\n                        <strong>End Date:<\/strong><br>\n                        <span class=\"id-color\">31. Dezember 2024<\/span>\n                    <\/div>\n\n\n                    <div class=\"hide-content\">\n                        <div class=\"divider-single\"><\/div>\n                        <div class=\"wpb-content-wrapper\"><section class=\"wpb_row vc_row-fluid vc_custom_1456988321920\"><div class=\"row\"><br \/>\n  <div class=\"wpb_column vc_column_container vc_col-sm-6\"><div class=\"vc_column-inner\"><div class=\"wpb_wrapper\"  ><br \/>\n    \n\t<div class=\"wpb_text_column wpb_content_element\" >\n\t\t<div class=\"wpb_wrapper\">\n\t\t\t<div class=\"req\">\n        <strong>Job ID: LH-DV-07242024<\/strong> <strong>Position: Line Haul Fahrer<\/strong><\/p>\n<ul>\n<li><strong>Jahre der Erfahrung:<\/strong> 3+<\/li>\n<li><strong>Arbeitsort:<\/strong> Landesweit<\/li>\n<li><strong>H\u00f6chstalter:<\/strong> 40 Jahre alt<\/li>\n<li><strong>Sprachkenntnisse:<\/strong> Englisch &amp; Arabisch<\/li>\n<li><strong>Computerkenntnisse:<\/strong> Grundkenntnisse in Navigation und Berichterstattung<\/li>\n<\/ul>\n<\/div>\n\n\t\t<\/div>\n\t<\/div>\n<br \/>\n  <\/div><\/div><\/div><br \/>\n  <div class=\"wpb_column vc_column_container vc_col-sm-6\"><div class=\"vc_column-inner\"><div class=\"wpb_wrapper\"  ><br \/>\n    \n\t<div class=\"wpb_text_column wpb_content_element\" >\n\t\t<div class=\"wpb_wrapper\">\n\t\t\t<p>\n      <strong>Stellenbeschreibung<\/strong><\/p>\n<p>Als Line Haul Driver sind Sie f\u00fcr den Transport von G\u00fctern \u00fcber lange Strecken zwischen Distributionszentren oder Hubs verantwortlich. Diese Aufgabe erfordert ein hohes Ma\u00df an Sicherheit, P\u00fcnktlichkeit und effektiver Kommunikation, um eine p\u00fcnktliche und effiziente Auslieferung der Waren zu gew\u00e4hrleisten.<\/p>\n<p>      <strong>Verantwortlichkeiten<\/strong><\/p>\n<ul>\n<li>Bedienen Sie schwere Lastwagen oder andere Fahrzeuge f\u00fcr den Langstreckentransport von Waren.<\/li>\n<li>Befolgen Sie vorgegebene Routen und Fahrpl\u00e4ne und achten Sie dabei auf die Einhaltung von Verkehrsgesetzen und -vorschriften.<\/li>\n<li>Inspizieren und warten Sie den Zustand des Fahrzeugs, f\u00fchren Sie Routinekontrollen durch und f\u00fchren Sie bei Bedarf kleinere Reparaturen durch.<\/li>\n<li>Kommunizieren Sie effektiv mit den Disponenten und anderen Teammitgliedern \u00fcber den Lieferstatus und alle aufgetretenen Probleme.<\/li>\n<li>Sorgen Sie f\u00fcr eine ordnungsgem\u00e4\u00dfe Handhabung und Sicherung der Fracht, um Sch\u00e4den w\u00e4hrend des Transports zu vermeiden.<\/li>\n<li>Vervollst\u00e4ndigen Sie die erforderliche Dokumentation, einschlie\u00dflich Lieferprotokolle und Inspektionsberichte.<\/li>\n<\/ul>\n\n\t\t<\/div>\n\t<\/div>\n<br \/>\n  <\/div><\/div><\/div><br \/>\n<\/div><div class=\"clearfix\"><\/div><\/section>\n<\/div>                    <\/div>\n                <\/div>\n            <\/div>\n                        \t<a href=\"#\" class=\"btn-custom btn-fullwidth\">Apply Now<\/a>\n                        \n        <\/div>\n        \t\n    <\/div>\n\n<\/div><\/div><\/div><div class=\"wpb_column vc_column_container vc_col-sm-4\"><div class=\"vc_column-inner\"><div class=\"wpb_wrapper\"  ><div  class=\"wpb_widgetised_column wpb_content_element\">\n\t\t<div class=\"wpb_wrapper\">\n\t\t\t\n\t\t\t\n\t\t<\/div>\n\t<\/div>\n<\/div><\/div><\/div><\/div><\/div><div class=\"clearfix\"><\/div><\/section>\n<\/div>","protected":false},"excerpt":{"rendered":"Job ID: LH-DV-07242024 Position: Line Haul Driver Years of Experience: 3+ Work Location: Nationwide Maximum Age: 40 Years Old Language Skill: English & arabic Computer Skill: Basic navigation and reporting skills Job Description As a Line Haul Driver, you will be responsible for transporting freight over long distances between distribution centers or hubs. This role [...]","protected":false},"author":1,"featured_media":0,"parent":455,"menu_order":0,"comment_status":"closed","ping_status":"closed","template":"page-templates\/template-fullwidth.php","meta":{"footnotes":""},"class_list":["post-451","page","type-page","status-publish","hentry"],"yoast_head":"<!-- This site is optimized with the Yoast SEO Premium plugin v23.0 (Yoast SEO v27.4) - https:\/\/yoast.com\/product\/yoast-seo-premium-wordpress\/ -->\n<title>Careers - SLOTS<\/title>\n<meta name=\"robots\" content=\"index, follow, max-snippet:-1, max-image-preview:large, max-video-preview:-1\" \/>\n<link rel=\"canonical\" href=\"https:\/\/slotslogistic.com\/de\/about\/careers\/\" \/>\n<meta property=\"og:locale\" content=\"de_DE\" \/>\n<meta property=\"og:type\" content=\"article\" \/>\n<meta property=\"og:title\" content=\"Careers\" \/>\n<meta property=\"og:url\" content=\"https:\/\/slotslogistic.com\/de\/about\/careers\/\" \/>\n<meta property=\"og:site_name\" content=\"SLOTS\" \/>\n<meta property=\"article:modified_time\" content=\"2024-04-20T02:53:45+00:00\" \/>\n<meta name=\"twitter:card\" content=\"summary_large_image\" \/>\n<script type=\"application\/ld+json\" class=\"yoast-schema-graph\">{\"@context\":\"https:\\\/\\\/schema.org\",\"@graph\":[{\"@type\":\"WebPage\",\"@id\":\"https:\\\/\\\/slotslogistic.com\\\/about\\\/careers\\\/\",\"url\":\"https:\\\/\\\/slotslogistic.com\\\/about\\\/careers\\\/\",\"name\":\"Careers - SLOTS\",\"isPartOf\":{\"@id\":\"https:\\\/\\\/slotslogistic.com\\\/#website\"},\"datePublished\":\"2016-06-07T09:57:48+00:00\",\"dateModified\":\"2024-04-20T02:53:45+00:00\",\"breadcrumb\":{\"@id\":\"https:\\\/\\\/slotslogistic.com\\\/about\\\/careers\\\/#breadcrumb\"},\"inLanguage\":\"de\",\"potentialAction\":[{\"@type\":\"ReadAction\",\"target\":[\"https:\\\/\\\/slotslogistic.com\\\/about\\\/careers\\\/\"]}]},{\"@type\":\"BreadcrumbList\",\"@id\":\"https:\\\/\\\/slotslogistic.com\\\/about\\\/careers\\\/#breadcrumb\",\"itemListElement\":[{\"@type\":\"ListItem\",\"position\":1,\"name\":\"Home\",\"item\":\"https:\\\/\\\/slotslogistic.com\\\/\"},{\"@type\":\"ListItem\",\"position\":2,\"name\":\"About\",\"item\":\"https:\\\/\\\/slotslogistic.com\\\/about\\\/\"},{\"@type\":\"ListItem\",\"position\":3,\"name\":\"Careers\"}]},{\"@type\":\"WebSite\",\"@id\":\"https:\\\/\\\/slotslogistic.com\\\/#website\",\"url\":\"https:\\\/\\\/slotslogistic.com\\\/\",\"name\":\"SLOTS\",\"description\":\"Logistics &amp; Transportation\",\"potentialAction\":[{\"@type\":\"SearchAction\",\"target\":{\"@type\":\"EntryPoint\",\"urlTemplate\":\"https:\\\/\\\/slotslogistic.com\\\/?s={search_term_string}\"},\"query-input\":{\"@type\":\"PropertyValueSpecification\",\"valueRequired\":true,\"valueName\":\"search_term_string\"}}],\"inLanguage\":\"de\"}]}<\/script>\n<!-- \/ Yoast SEO Premium plugin. -->","yoast_head_json":{"title":"Careers - SLOTS","robots":{"index":"index","follow":"follow","max-snippet":"max-snippet:-1","max-image-preview":"max-image-preview:large","max-video-preview":"max-video-preview:-1"},"canonical":"https:\/\/slotslogistic.com\/de\/about\/careers\/","og_locale":"de_DE","og_type":"article","og_title":"Careers","og_url":"https:\/\/slotslogistic.com\/de\/about\/careers\/","og_site_name":"SLOTS","article_modified_time":"2024-04-20T02:53:45+00:00","twitter_card":"summary_large_image","schema":{"@context":"https:\/\/schema.org","@graph":[{"@type":"WebPage","@id":"https:\/\/slotslogistic.com\/about\/careers\/","url":"https:\/\/slotslogistic.com\/about\/careers\/","name":"Careers - SLOTS","isPartOf":{"@id":"https:\/\/slotslogistic.com\/#website"},"datePublished":"2016-06-07T09:57:48+00:00","dateModified":"2024-04-20T02:53:45+00:00","breadcrumb":{"@id":"https:\/\/slotslogistic.com\/about\/careers\/#breadcrumb"},"inLanguage":"de","potentialAction":[{"@type":"ReadAction","target":["https:\/\/slotslogistic.com\/about\/careers\/"]}]},{"@type":"BreadcrumbList","@id":"https:\/\/slotslogistic.com\/about\/careers\/#breadcrumb","itemListElement":[{"@type":"ListItem","position":1,"name":"Home","item":"https:\/\/slotslogistic.com\/"},{"@type":"ListItem","position":2,"name":"About","item":"https:\/\/slotslogistic.com\/about\/"},{"@type":"ListItem","position":3,"name":"Careers"}]},{"@type":"WebSite","@id":"https:\/\/slotslogistic.com\/#website","url":"https:\/\/slotslogistic.com\/","name":"SLOTS","description":"Logistics &amp; Transportation","potentialAction":[{"@type":"SearchAction","target":{"@type":"EntryPoint","urlTemplate":"https:\/\/slotslogistic.com\/?s={search_term_string}"},"query-input":{"@type":"PropertyValueSpecification","valueRequired":true,"valueName":"search_term_string"}}],"inLanguage":"de"}]}},"_links":{"self":[{"href":"https:\/\/slotslogistic.com\/de\/wp-json\/wp\/v2\/pages\/451","targetHints":{"allow":["GET"]}}],"collection":[{"href":"https:\/\/slotslogistic.com\/de\/wp-json\/wp\/v2\/pages"}],"about":[{"href":"https:\/\/slotslogistic.com\/de\/wp-json\/wp\/v2\/types\/page"}],"author":[{"embeddable":true,"href":"https:\/\/slotslogistic.com\/de\/wp-json\/wp\/v2\/users\/1"}],"replies":[{"embeddable":true,"href":"https:\/\/slotslogistic.com\/de\/wp-json\/wp\/v2\/comments?post=451"}],"version-history":[{"count":1,"href":"https:\/\/slotslogistic.com\/de\/wp-json\/wp\/v2\/pages\/451\/revisions"}],"predecessor-version":[{"id":873,"href":"https:\/\/slotslogistic.com\/de\/wp-json\/wp\/v2\/pages\/451\/revisions\/873"}],"up":[{"embeddable":true,"href":"https:\/\/slotslogistic.com\/de\/wp-json\/wp\/v2\/pages\/455"}],"wp:attachment":[{"href":"https:\/\/slotslogistic.com\/de\/wp-json\/wp\/v2\/media?parent=451"}],"curies":[{"name":"wp","href":"https:\/\/api.w.org\/{rel}","templated":true}]}}