{"id":443,"date":"2016-06-07T09:56:00","date_gmt":"2016-06-07T09:56:00","guid":{"rendered":"http:\/\/demo.vegatheme.com\/gocargo\/demo3\/?page_id=443"},"modified":"2016-06-07T09:56:00","modified_gmt":"2016-06-07T09:56:00","slug":"company","status":"publish","type":"page","link":"https:\/\/slotslogistic.com\/de\/about\/company\/","title":{"rendered":"Company"},"content":{"rendered":"<div class=\"wpb-content-wrapper\"><section class=\"wpb_row vc_row-fluid\"><div class=\"container\"><div class=\"row\"><div class=\"wpb_column vc_column_container vc_col-sm-8\"><div class=\"vc_column-inner\"><div class=\"wpb_wrapper\"  >\n\t<div class=\"text-left\">\n\t\t \n\t\t\t <h2>Firmenprofil<\/h2>\t        \t\t\t<div class=\"divider-deco\"><span><\/span><\/div>\t\t\t\n\t\t    <\/div>\t\n\t\n\n\t<div class=\"wpb_text_column wpb_content_element\" >\n\t\t<div class=\"wpb_wrapper\">\n\t\t\t<p><img loading=\"lazy\" decoding=\"async\" class=\"size-medium wp-image-527 alignright pull-right\" src=\"http:\/\/demo.vegatheme.com\/gocargo\/demo2\/wp-content\/uploads\/sites\/2\/2016\/02\/small-14.jpg\" alt=\"small-14\" width=\"170\" height=\"190\" \/><strong><i>Aenean sollicitudin, lorem quis bibendum auctor, nisi elit consequat ipsum, nec sagittis sem nibh id elit. Duis sed odio sit amet nibh vulputate cursus a sit amet mauris. Morbi accumsan ipsum velit. Nam nec tellus<\/i><\/strong><\/p>\n<p>Aenean sollicitudin, lorem quis bibendum auctor, nisi elit consequat ipsum, nec sagittis sem nibh id elit. Duis sed odio sit amet nibh vulputate cursus a sit amet mauris. Morbi accumsan ipsum velit. Nam nec tellus a odio tincidunt auctor a ornare odio. Sed non mauris vitae erat consequat auctor eu in elit. Class aptent taciti sociosqu ad litora torquent per conubia nostra, per inceptos himenaeos. Mauris in erat justo. Nullam ac urna<\/p>\n<p>Aenean sollicitudin, lorem quis bibendum auctor, nisi elit consequat ipsum, nec sagittis sem nibh id elit. Duis sed odio sit amet nibh vulputate cursus a sit amet mauris. Morbi accumsan ipsum velit. Nam nec tellus a odio tincidunt auctor a ornare odio. Sed non mauris vitae erat consequat auctor eu in elit. Class aptent taciti sociosqu ad litora torquent per conubia nostra, per inceptos himenaeos. Mauris in erat justo. Nullam ac urna eu felis dapibus condimentum sit amet a augue. Sed non neque elit. Sed ut imperdiet nisi. Proin condimentum fermentum nunc.<\/p>\n\n\t\t<\/div>\n\t<\/div>\n\n\t<div class=\"text-left\">\n\t\t \n\t\t\t <h2>Founder & Directors<\/h2>\t        \t\t\t<div class=\"divider-deco\"><span><\/span><\/div>\t\t\t\n\t\t    <\/div>\t\n\t\n\t\n\n\t<div class=\"owl-custom-nav\">\n        <a class=\"btn-next\"><\/a>\n        <a class=\"btn-prev\"><\/a>\n    <\/div>\n\n    <ul class=\"single-carousel-arrow-nav\">\n    \t\t\n    <\/ul>\n\n<div class=\"vc_row wpb_row vc_inner vc_row-fluid vc_custom_1457066000288\"><div class=\"wpb_column vc_column_container vc_col-sm-6\"><div class=\"vc_column-inner\"><div class=\"wpb_wrapper\">\n\t<div class=\"text-left\">\n\t\t \n\t\t\t <h2>Mission &amp; Vision<\/h2>\t        \t\t\t<div class=\"divider-deco\"><span><\/span><\/div>\t\t\t\n\t\t    <\/div>\t\n\t\n\n\t<div class=\"wpb_text_column wpb_content_element\" >\n\t\t<div class=\"wpb_wrapper\">\n\t\t\t<h4>Mission<\/h4>\n<p>Aenean sollicitudin, lorem quis bibendum auctor, nisi elit consequat ipsum, nec sagittis sem nibh id elit. Duis sed odio sit amet nibh vulputate cursus a sit amet mauris. Morbi<\/p>\n<h4>Vision<\/h4>\n<p>Aenean sollicitudin, lorem quis bibendum auctor, nisi elit consequat ipsum, nec sagittis sem nibh id elit.<\/p>\n\n\t\t<\/div>\n\t<\/div>\n<\/div><\/div><\/div><div class=\"wpb_column vc_column_container vc_col-sm-6\"><div class=\"vc_column-inner\"><div class=\"wpb_wrapper\">\n\t<div class=\"text-left\">\n\t\t \n\t\t\t <h2>Quality Policy<\/h2>\t        \t\t\t<div class=\"divider-deco\"><span><\/span><\/div>\t\t\t\n\t\t    <\/div>\t\n\t\n\n\t<div class=\"wpb_text_column wpb_content_element\" >\n\t\t<div class=\"wpb_wrapper\">\n\t\t\t<p>Aenean sollicitudin, lorem quis bibendum auctor, nisi elit consequat ipsum, nec sagittis sem nibh id elit. Duis sed odio<\/p>\n<ul class=\"icon-list arrow\">\n<li>Aenean sollicitudin, lorem quis bibendum auctor, nisi<\/li>\n<li>Duis sed odio sit amet nibh vulputate cursus a sit<\/li>\n<li>Class aptent taciti sociosqu ad litora torquent per<\/li>\n<li>Sed non mauris vitae erat consequat auctor eu in elit<\/li>\n<li>Proin gravida nibh vel velit auctor aliquet. Aenean<\/li>\n<li>Class aptent taciti sociosqu ad litora torquent per<\/li>\n<\/ul>\n\n\t\t<\/div>\n\t<\/div>\n<\/div><\/div><\/div><\/div><div class=\"vc_row wpb_row vc_inner vc_row-fluid vc_custom_1457067281562\"><div class=\"wpb_column vc_column_container vc_col-sm-6\"><div class=\"vc_column-inner\"><div class=\"wpb_wrapper\">\n\t<div class=\"text-left\">\n\t\t \n\t\t\t <h2>Unser Ziel<\/h2>\t        \t\t\t<div class=\"divider-deco\"><span><\/span><\/div>\t\t\t\n\t\t    <\/div>\t\n\t\n\n\t<div class=\"wpb_text_column wpb_content_element\" >\n\t\t<div class=\"wpb_wrapper\">\n\t\t\t<ul class=\"icon-list arrow\">\n<li>Aenean sollicitudin, lorem quis bibendum auctor, nisi<\/li>\n<li>Duis sed odio sit amet nibh vulputate cursus a sit<\/li>\n<li>Class aptent taciti sociosqu ad litora torquent per<\/li>\n<li>Sed non mauris vitae erat consequat auctor eu in elit<\/li>\n<li>Proin gravida nibh vel velit auctor aliquet. Aenean<\/li>\n<li>Class aptent taciti sociosqu ad litora torquent per<\/li>\n<\/ul>\n\n\t\t<\/div>\n\t<\/div>\n<\/div><\/div><\/div><div class=\"wpb_column vc_column_container vc_col-sm-6\"><div class=\"vc_column-inner\"><div class=\"wpb_wrapper\">\n\t<div class=\"text-left\">\n\t\t \n\t\t\t <h2>Unsere Werte<\/h2>\t        \t\t\t<div class=\"divider-deco\"><span><\/span><\/div>\t\t\t\n\t\t    <\/div>\t\n\t\n\n\t<div class=\"wpb_text_column wpb_content_element\" >\n\t\t<div class=\"wpb_wrapper\">\n\t\t\t<p>Benean sollicitudin, lorem quis bibendum auctor, nisi elit consequat ipsum, nec sagittis sem nibh id elit. Duis sed odio sit amet nibh vulputate cursus a sit amet mauris. Morbi accumsan ipsum velit. Nam nec tellus a odio<\/p>\n<p>Aenean sollicitudin, lorem quis bibendum auctor, nisi elit consequat ipsum, nec sagittis sem nibh id elit. Duis sed odio<\/p>\n\n\t\t<\/div>\n\t<\/div>\n<\/div><\/div><\/div><\/div>\t\t\t\n\t<div class=\"vc_custom_1465400799159  bg-1 light-text\"  style=\"background-image:url('https:\/\/slotslogistic.com\/wp-content\/uploads\/2016\/06\/truck.png');\"  >\n        <div class=\"inner-padding\">\n            <h2 class=\"id-color\">Gocargo-Verpflichtung<\/h2>\n            <div class=\"tiny-border\"><\/div>\n<p class=\"lead big\"><i>Wir sind bestrebt, der f\u00fchrende Anbieter von Logistikl\u00f6sungen f\u00fcr unsere Kunden zu sein. Um dies zu erreichen, verbessern wir st\u00e4ndig unser Qualit\u00e4tsmanagement und f\u00fchren es ein.<\/i><\/p>\n<p><img loading=\"lazy\" decoding=\"async\" class=\"alignnone size-medium wp-image-557\" src=\"http:\/\/demo.vegatheme.com\/gocargo\/demo2\/wp-content\/uploads\/sites\/2\/2016\/02\/signature.png\" alt=\"signature\" width=\"120\" height=\"47\" \/><\/p>\n<div class=\"divider-single\"><\/div>\n<p><strong>John Rukman<\/strong>, Vizepr\u00e4sident<br \/>\nGocargo Inc.        <\/div>\n    <\/div>\n    \n<\/div><\/div><\/div><div class=\"wpb_column vc_column_container vc_col-sm-4\"><div class=\"vc_column-inner\"><div class=\"wpb_wrapper\"  ><div  class=\"wpb_widgetised_column wpb_content_element\">\n\t\t<div class=\"wpb_wrapper\">\n\t\t\t\n\t\t\t\n\t\t<\/div>\n\t<\/div>\n<\/div><\/div><\/div><\/div><\/div><div class=\"clearfix\"><\/div><\/section>\n<\/div>","protected":false},"excerpt":{"rendered":"Company Profile Aenean sollicitudin, lorem quis bibendum auctor, nisi elit consequat ipsum, nec sagittis sem nibh id elit. Duis sed odio sit amet nibh vulputate cursus a sit amet mauris. Morbi accumsan ipsum velit. Nam nec tellus Aenean sollicitudin, lorem quis bibendum auctor, nisi elit consequat ipsum, nec sagittis sem nibh id elit. Duis sed [...]","protected":false},"author":1,"featured_media":0,"parent":455,"menu_order":0,"comment_status":"closed","ping_status":"closed","template":"page-templates\/template-fullwidth.php","meta":{"footnotes":""},"class_list":["post-443","page","type-page","status-publish","hentry"],"yoast_head":"<!-- This site is optimized with the Yoast SEO Premium plugin v23.0 (Yoast SEO v27.4) - https:\/\/yoast.com\/product\/yoast-seo-premium-wordpress\/ -->\n<title>Company - SLOTS<\/title>\n<meta name=\"robots\" content=\"index, follow, max-snippet:-1, max-image-preview:large, max-video-preview:-1\" \/>\n<link rel=\"canonical\" href=\"https:\/\/slotslogistic.com\/de\/about\/company\/\" \/>\n<meta property=\"og:locale\" content=\"de_DE\" \/>\n<meta property=\"og:type\" content=\"article\" \/>\n<meta property=\"og:title\" content=\"Company\" \/>\n<meta property=\"og:url\" content=\"https:\/\/slotslogistic.com\/de\/about\/company\/\" \/>\n<meta property=\"og:site_name\" content=\"SLOTS\" \/>\n<meta property=\"og:image\" content=\"http:\/\/demo.vegatheme.com\/gocargo\/demo2\/wp-content\/uploads\/sites\/2\/2016\/02\/small-14.jpg\" \/>\n<meta name=\"twitter:card\" content=\"summary_large_image\" \/>\n<meta name=\"twitter:label1\" content=\"Gesch\u00e4tzte Lesezeit\" \/>\n\t<meta name=\"twitter:data1\" content=\"3\u00a0Minuten\" \/>\n<script type=\"application\/ld+json\" class=\"yoast-schema-graph\">{\"@context\":\"https:\\\/\\\/schema.org\",\"@graph\":[{\"@type\":\"WebPage\",\"@id\":\"https:\\\/\\\/slotslogistic.com\\\/about\\\/company\\\/\",\"url\":\"https:\\\/\\\/slotslogistic.com\\\/about\\\/company\\\/\",\"name\":\"Company - SLOTS\",\"isPartOf\":{\"@id\":\"https:\\\/\\\/slotslogistic.com\\\/#website\"},\"primaryImageOfPage\":{\"@id\":\"https:\\\/\\\/slotslogistic.com\\\/about\\\/company\\\/#primaryimage\"},\"image\":{\"@id\":\"https:\\\/\\\/slotslogistic.com\\\/about\\\/company\\\/#primaryimage\"},\"thumbnailUrl\":\"http:\\\/\\\/demo.vegatheme.com\\\/gocargo\\\/demo2\\\/wp-content\\\/uploads\\\/sites\\\/2\\\/2016\\\/02\\\/small-14.jpg\",\"datePublished\":\"2016-06-07T09:56:00+00:00\",\"breadcrumb\":{\"@id\":\"https:\\\/\\\/slotslogistic.com\\\/about\\\/company\\\/#breadcrumb\"},\"inLanguage\":\"de\",\"potentialAction\":[{\"@type\":\"ReadAction\",\"target\":[\"https:\\\/\\\/slotslogistic.com\\\/about\\\/company\\\/\"]}]},{\"@type\":\"ImageObject\",\"inLanguage\":\"de\",\"@id\":\"https:\\\/\\\/slotslogistic.com\\\/about\\\/company\\\/#primaryimage\",\"url\":\"http:\\\/\\\/demo.vegatheme.com\\\/gocargo\\\/demo2\\\/wp-content\\\/uploads\\\/sites\\\/2\\\/2016\\\/02\\\/small-14.jpg\",\"contentUrl\":\"http:\\\/\\\/demo.vegatheme.com\\\/gocargo\\\/demo2\\\/wp-content\\\/uploads\\\/sites\\\/2\\\/2016\\\/02\\\/small-14.jpg\"},{\"@type\":\"BreadcrumbList\",\"@id\":\"https:\\\/\\\/slotslogistic.com\\\/about\\\/company\\\/#breadcrumb\",\"itemListElement\":[{\"@type\":\"ListItem\",\"position\":1,\"name\":\"Home\",\"item\":\"https:\\\/\\\/slotslogistic.com\\\/\"},{\"@type\":\"ListItem\",\"position\":2,\"name\":\"About\",\"item\":\"https:\\\/\\\/slotslogistic.com\\\/about\\\/\"},{\"@type\":\"ListItem\",\"position\":3,\"name\":\"Company\"}]},{\"@type\":\"WebSite\",\"@id\":\"https:\\\/\\\/slotslogistic.com\\\/#website\",\"url\":\"https:\\\/\\\/slotslogistic.com\\\/\",\"name\":\"SLOTS\",\"description\":\"Logistics &amp; Transportation\",\"potentialAction\":[{\"@type\":\"SearchAction\",\"target\":{\"@type\":\"EntryPoint\",\"urlTemplate\":\"https:\\\/\\\/slotslogistic.com\\\/?s={search_term_string}\"},\"query-input\":{\"@type\":\"PropertyValueSpecification\",\"valueRequired\":true,\"valueName\":\"search_term_string\"}}],\"inLanguage\":\"de\"}]}<\/script>\n<!-- \/ Yoast SEO Premium plugin. -->","yoast_head_json":{"title":"Company - SLOTS","robots":{"index":"index","follow":"follow","max-snippet":"max-snippet:-1","max-image-preview":"max-image-preview:large","max-video-preview":"max-video-preview:-1"},"canonical":"https:\/\/slotslogistic.com\/de\/about\/company\/","og_locale":"de_DE","og_type":"article","og_title":"Company","og_url":"https:\/\/slotslogistic.com\/de\/about\/company\/","og_site_name":"SLOTS","og_image":[{"url":"http:\/\/demo.vegatheme.com\/gocargo\/demo2\/wp-content\/uploads\/sites\/2\/2016\/02\/small-14.jpg","type":"","width":"","height":""}],"twitter_card":"summary_large_image","twitter_misc":{"Gesch\u00e4tzte Lesezeit":"3\u00a0Minuten"},"schema":{"@context":"https:\/\/schema.org","@graph":[{"@type":"WebPage","@id":"https:\/\/slotslogistic.com\/about\/company\/","url":"https:\/\/slotslogistic.com\/about\/company\/","name":"Company - SLOTS","isPartOf":{"@id":"https:\/\/slotslogistic.com\/#website"},"primaryImageOfPage":{"@id":"https:\/\/slotslogistic.com\/about\/company\/#primaryimage"},"image":{"@id":"https:\/\/slotslogistic.com\/about\/company\/#primaryimage"},"thumbnailUrl":"http:\/\/demo.vegatheme.com\/gocargo\/demo2\/wp-content\/uploads\/sites\/2\/2016\/02\/small-14.jpg","datePublished":"2016-06-07T09:56:00+00:00","breadcrumb":{"@id":"https:\/\/slotslogistic.com\/about\/company\/#breadcrumb"},"inLanguage":"de","potentialAction":[{"@type":"ReadAction","target":["https:\/\/slotslogistic.com\/about\/company\/"]}]},{"@type":"ImageObject","inLanguage":"de","@id":"https:\/\/slotslogistic.com\/about\/company\/#primaryimage","url":"http:\/\/demo.vegatheme.com\/gocargo\/demo2\/wp-content\/uploads\/sites\/2\/2016\/02\/small-14.jpg","contentUrl":"http:\/\/demo.vegatheme.com\/gocargo\/demo2\/wp-content\/uploads\/sites\/2\/2016\/02\/small-14.jpg"},{"@type":"BreadcrumbList","@id":"https:\/\/slotslogistic.com\/about\/company\/#breadcrumb","itemListElement":[{"@type":"ListItem","position":1,"name":"Home","item":"https:\/\/slotslogistic.com\/"},{"@type":"ListItem","position":2,"name":"About","item":"https:\/\/slotslogistic.com\/about\/"},{"@type":"ListItem","position":3,"name":"Company"}]},{"@type":"WebSite","@id":"https:\/\/slotslogistic.com\/#website","url":"https:\/\/slotslogistic.com\/","name":"SLOTS","description":"Logistics &amp; Transportation","potentialAction":[{"@type":"SearchAction","target":{"@type":"EntryPoint","urlTemplate":"https:\/\/slotslogistic.com\/?s={search_term_string}"},"query-input":{"@type":"PropertyValueSpecification","valueRequired":true,"valueName":"search_term_string"}}],"inLanguage":"de"}]}},"_links":{"self":[{"href":"https:\/\/slotslogistic.com\/de\/wp-json\/wp\/v2\/pages\/443","targetHints":{"allow":["GET"]}}],"collection":[{"href":"https:\/\/slotslogistic.com\/de\/wp-json\/wp\/v2\/pages"}],"about":[{"href":"https:\/\/slotslogistic.com\/de\/wp-json\/wp\/v2\/types\/page"}],"author":[{"embeddable":true,"href":"https:\/\/slotslogistic.com\/de\/wp-json\/wp\/v2\/users\/1"}],"replies":[{"embeddable":true,"href":"https:\/\/slotslogistic.com\/de\/wp-json\/wp\/v2\/comments?post=443"}],"version-history":[{"count":0,"href":"https:\/\/slotslogistic.com\/de\/wp-json\/wp\/v2\/pages\/443\/revisions"}],"up":[{"embeddable":true,"href":"https:\/\/slotslogistic.com\/de\/wp-json\/wp\/v2\/pages\/455"}],"wp:attachment":[{"href":"https:\/\/slotslogistic.com\/de\/wp-json\/wp\/v2\/media?parent=443"}],"curies":[{"name":"wp","href":"https:\/\/api.w.org\/{rel}","templated":true}]}}