{"id":14,"date":"2016-05-30T09:51:09","date_gmt":"2016-05-30T09:51:09","guid":{"rendered":"http:\/\/localhost\/gocargo\/demo3\/?page_id=14"},"modified":"2016-05-30T09:51:09","modified_gmt":"2016-05-30T09:51:09","slug":"all-services-1","status":"publish","type":"page","link":"https:\/\/slotslogistic.com\/de\/all-services-1\/","title":{"rendered":"Dienstleistungen"},"content":{"rendered":"<div class=\"wpb-content-wrapper\"><section class=\"wpb_row vc_row-fluid vc_custom_1464774093618\"><div class=\"row\"><div class=\"wpb_column vc_column_container vc_col-sm-12\"><div class=\"vc_column-inner\"><div class=\"wpb_wrapper\"  >\t\t\t   \n\t\n\t\t<div class=\"box-service box-four-columns\" >\n            <div class=\"bg-color-fx padding-5 text-center\">\n                <h3>Kurierdienste &amp; Linienverkehre<\/h3>\n                <div class=\"tiny-border margintop10 marginbottom10\"><\/div>\n                <img decoding=\"async\" src=\"https:\/\/slotslogistic.com\/wp-content\/uploads\/2024\/02\/Private-Fleet-Couriers.png\" class=\"img-responsive margintop20 marginbottom20 wow fadeInRight\" data-wow-delay=\"0.3s\" alt=\"Couriers\u200b &#038; Line-Haul\" \/>\n                <p>Effizienter Transport Ihrer Waren mit Slots. Unsere zuverl\u00e4ssigen Dienstleistungen gew\u00e4hrleisten eine p\u00fcnktliche Lieferung. Unser Transport- und Logistiknetzwerk wurde sorgf\u00e4ltig vernetzt, getestet und optimiert, um Ihnen k\u00fcrzeste Lieferzeiten und ein H\u00f6chstma\u00df an Sorgfalt zu bieten. Als Slot-Partner haben Sie Zugang zu unseren transparenten Echtzeit-Verfolgungsinformationen und Ihr eigener Slots Transportbeauftragter steht Ihnen pers\u00f6nlich zur Seite. Wenn es um Vorbereitung und Organisation geht, sind wir ein Transportdienstleister und ein Logistikunternehmen, das seine Lastwagen in einer Reihe stehen hat.<\/p>\n                                \t<a href=\"https:\/\/slotslogistic.com\/de\/services\/goods-transportation\/\" class=\"btn-arrow hover-light\"><span class=\"line\"><\/span><span class=\"url\">Details anzeigen<\/span><\/a>\n            \t            <\/div>\n        <\/div>\n            \n\t\t<div class=\"box-service box-four-columns\" >\n            <div class=\"bg-color-fx padding-5 text-center\">\n                <h3>Seefracht<\/h3>\n                <div class=\"tiny-border margintop10 marginbottom10\"><\/div>\n                <img decoding=\"async\" src=\"https:\/\/slotslogistic.com\/wp-content\/uploads\/2016\/06\/1-1.png\" class=\"img-responsive margintop20 marginbottom20 wow fadeInRight\" data-wow-delay=\"0.6s\" alt=\"Ocean Freight\" \/>\n                <p>Slots bietet zuverl\u00e4ssige und kosteneffiziente Seefrachtl\u00f6sungen, die auf Ihre globalen Transportanforderungen zugeschnitten sind. Mit unserem umfangreichen Netzwerk von Spediteuren und Agenten weltweit sorgen wir f\u00fcr einen reibungslosen und effizienten Transport Ihrer Fracht auf dem Seeweg.\r\n\r\nUnser engagiertes Expertenteam k\u00fcmmert sich um jeden Aspekt Ihrer Seefrachtsendung, von der Buchung bis zur Auslieferung, mit viel Liebe zum Detail. Wir optimieren die Routen und Versandpl\u00e4ne, um die Transitzeiten zu minimieren und die Kosten zu senken, und gew\u00e4hrleisten gleichzeitig die Sicherheit Ihrer Fracht w\u00e4hrend der gesamten Reise.\r\n\r\nMit Slots k\u00f6nnen Sie Ihre Sendung in Echtzeit verfolgen und erhalten zeitnahe Informationen \u00fcber den Status der Sendung. Unser erfahrenes Kundenserviceteam steht Ihnen au\u00dferdem zur Verf\u00fcgung, um Sie bei allen Fragen zu unterst\u00fctzen und Ihnen einen pers\u00f6nlichen Service zu bieten, der Ihren Bed\u00fcrfnissen entspricht.\r\n\r\nErleben Sie die Zuverl\u00e4ssigkeit und Effizienz der Seefrachtdienste von Slots. Vertrauen Sie uns, wenn es darum geht, Ihre Fracht \u00fcber die Meere zu bef\u00f6rdern, und sichern Sie sich eine p\u00fcnktliche Lieferung und die Sicherheit Ihres Unternehmens.\r\n<\/p>\n                                \t<a href=\"https:\/\/slotslogistic.com\/de\/services\/ocean-freight\/\" class=\"btn-arrow hover-light\"><span class=\"line\"><\/span><span class=\"url\">Details anzeigen<\/span><\/a>\n            \t            <\/div>\n        <\/div>\n            \n\t\t<div class=\"box-service box-four-columns\" >\n            <div class=\"bg-color-fx padding-5 text-center\">\n                <h3>Luftfracht<\/h3>\n                <div class=\"tiny-border margintop10 marginbottom10\"><\/div>\n                <img decoding=\"async\" src=\"https:\/\/slotslogistic.com\/wp-content\/uploads\/2016\/06\/2-1.png\" class=\"img-responsive margintop20 marginbottom20 wow fadeInRight\" data-wow-delay=\"0.9s\" alt=\"Air Freight\" \/>\n                <p>Slots bietet effiziente und zuverl\u00e4ssige Luftfrachtl\u00f6sungen f\u00fcr Ihren zeitkritischen Versandbedarf. Mit unserem ausgedehnten Netzwerk und unseren strategischen Partnerschaften sorgen wir daf\u00fcr, dass Ihre Fracht schnell und sicher ihr Ziel erreicht.\r\n\r\nUnser engagiertes Team ist auf Luftfrachtlogistik spezialisiert und verwaltet jeden Aspekt Ihrer Sendung von der Abholung bis zur Zustellung. Wir legen Wert auf Schnelligkeit und Effizienz und nutzen die schnellsten verf\u00fcgbaren Routen und Abfertigungsprozesse, um die Transitzeiten zu minimieren.\r\n\r\nMit Slots k\u00f6nnen Sie Ihre Sendung in Echtzeit verfolgen und erhalten w\u00e4hrend des gesamten Transports Updates. Unser erfahrenes Kundenserviceteam steht Ihnen ebenfalls zur Verf\u00fcgung, um Sie bei allen Fragen zu unterst\u00fctzen und einen reibungslosen Versand zu gew\u00e4hrleisten.\r\n\r\nErleben Sie den Komfort und die Zuverl\u00e4ssigkeit der Luftfrachtdienste von Slots. Vertrauen Sie darauf, dass wir Ihre Fracht schnell und sicher ausliefern, damit Sie Ihre Fristen mit Zuversicht einhalten k\u00f6nnen.<\/p>\n                                \t<a href=\"https:\/\/slotslogistic.com\/de\/services\/air-freight\/\" class=\"btn-arrow hover-light\"><span class=\"line\"><\/span><span class=\"url\">Details anzeigen<\/span><\/a>\n            \t            <\/div>\n        <\/div>\n            \n\t\t<div class=\"box-service box-four-columns\" >\n            <div class=\"bg-color-fx padding-5 text-center\">\n                <h3>Logistik-Vertr\u00e4ge<\/h3>\n                <div class=\"tiny-border margintop10 marginbottom10\"><\/div>\n                <img decoding=\"async\" src=\"https:\/\/slotslogistic.com\/wp-content\/uploads\/2016\/06\/3-1.png\" class=\"img-responsive margintop20 marginbottom20 wow fadeInRight\" data-wow-delay=\"1.2s\" alt=\"Logistics Contracts\" \/>\n                <p>Slots bietet umfassende Logistikvertragsl\u00f6sungen, die auf die unterschiedlichen Bed\u00fcrfnisse von Unternehmen zugeschnitten sind. Unsere Vertr\u00e4ge sind so konzipiert, dass sie eine nahtlose Koordination und Effizienz der Transport- und Logistikabl\u00e4ufe gew\u00e4hrleisten.\r\n\r\nVon Slots k\u00f6nnen Sie transparente und flexible Vertr\u00e4ge erwarten, die sich an Ihren spezifischen Anforderungen orientieren. Ganz gleich, ob Sie langfristige Partnerschaften f\u00fcr eine kontinuierliche logistische Unterst\u00fctzung oder kurzfristige Vereinbarungen f\u00fcr bestimmte Projekte ben\u00f6tigen, wir haben das Richtige f\u00fcr Sie.\r\n\r\nUnser erfahrenes Team arbeitet eng mit Ihnen zusammen, um Ihre Bed\u00fcrfnisse zu verstehen und ma\u00dfgeschneiderte Vertragsl\u00f6sungen zu entwickeln, die Kosteneffektivit\u00e4t und betriebliche Effizienz optimieren. Mit klaren Bedingungen und verl\u00e4sslichen Servicezusagen k\u00f6nnen Sie darauf vertrauen, dass Slots seine Versprechen einh\u00e4lt.\r\n\r\nAu\u00dferdem steht Ihnen unser engagiertes Kundenserviceteam w\u00e4hrend der gesamten Vertragslaufzeit jederzeit zur Verf\u00fcgung, um Sie zu unterst\u00fctzen und alle Ihre Fragen zu beantworten.\r\n\r\nErleben Sie den Seelenfrieden, der sich einstellt, wenn Sie mit Slots zusammenarbeiten, um Ihren Bedarf an Logistikvertr\u00e4gen zu decken. Vertrauen Sie darauf, dass wir zuverl\u00e4ssige, flexible und ma\u00dfgeschneiderte L\u00f6sungen liefern, die Ihre Gesch\u00e4ftsziele unterst\u00fctzen.<\/p>\n                                \t<a href=\"https:\/\/slotslogistic.com\/de\/services\/contract-logistic\/\" class=\"btn-arrow hover-light\"><span class=\"line\"><\/span><span class=\"url\">Details anzeigen<\/span><\/a>\n            \t            <\/div>\n        <\/div>\n        <div class=\"divider0\" style=\"clear: both;height: 1px;\"><\/div>    \n\t\t<div class=\"box-service box-four-columns\" >\n            <div class=\"bg-color-fx padding-5 text-center\">\n                <h3>Fracht Express<\/h3>\n                <div class=\"tiny-border margintop10 marginbottom10\"><\/div>\n                <img decoding=\"async\" src=\"https:\/\/slotslogistic.com\/wp-content\/uploads\/2016\/06\/4-1.png\" class=\"img-responsive margintop20 marginbottom20 wow fadeInRight\" data-wow-delay=\"1.5s\" alt=\"Cargo Express\" \/>\n                <p>Mit Slots Cargo Express bringen wir Ihre Waren schnell und sicher an ihren Bestimmungsort. Unsere L\u00f6sungen f\u00fcr den Expressversand sind f\u00fcr Unternehmen gedacht, die einen dringenden und zuverl\u00e4ssigen Transport ihrer Fracht ben\u00f6tigen.\r\n\r\nUnser engagiertes Team sorgt daf\u00fcr, dass Ihre Sendungen mit der gr\u00f6\u00dftm\u00f6glichen Sorgfalt und Aufmerksamkeit behandelt werden. Von der Abholung bis zur Zustellung legen wir gr\u00f6\u00dften Wert auf Schnelligkeit und Effizienz und stellen sicher, dass Ihre Waren immer p\u00fcnktlich am Zielort ankommen.\r\n\r\nDank der Echtzeitverfolgung und der pers\u00f6nlichen Betreuung k\u00f6nnen Sie den Weg Ihrer Fracht verfolgen und sich bei Bedarf auf die Hilfe unseres Expertenteams verlassen. Ganz gleich, ob Sie lokal oder international versenden, Slots Cargo Express ist Ihr zuverl\u00e4ssiger Partner f\u00fcr L\u00f6sungen im Bereich des beschleunigten Versands.\r\n\r\nErleben Sie den Komfort und die Zuverl\u00e4ssigkeit von Slots Cargo Express. Vertrauen Sie darauf, dass wir Ihre Waren schnell und sicher zustellen, damit Sie sich beruhigt auf Ihr Gesch\u00e4ft konzentrieren k\u00f6nnen.<\/p>\n                                \t<a href=\"https:\/\/slotslogistic.com\/de\/services\/cargo-express\/\" class=\"btn-arrow hover-light\"><span class=\"line\"><\/span><span class=\"url\">Details anzeigen<\/span><\/a>\n            \t            <\/div>\n        <\/div>\n            \n\t\t<div class=\"box-service box-four-columns\" >\n            <div class=\"bg-color-fx padding-5 text-center\">\n                <h3>Lagerhaltung<\/h3>\n                <div class=\"tiny-border margintop10 marginbottom10\"><\/div>\n                <img decoding=\"async\" src=\"https:\/\/slotslogistic.com\/wp-content\/uploads\/2016\/06\/pngegg.png\" class=\"img-responsive margintop20 marginbottom20 wow fadeInRight\" data-wow-delay=\"1.8s\" alt=\"Warehousing\" \/>\n                <p>Wir von Slots bieten Ihnen umfassende Lagerungsdienste, die Ihre Lagerungs- und Distributionsanforderungen effizient und zuverl\u00e4ssig erf\u00fcllen. Unsere hochmodernen Einrichtungen sind f\u00fcr die Handhabung einer breiten Palette von Produkten ausgestattet und gew\u00e4hrleisten eine sichere Lagerung und eine reibungslose Bestandsverwaltung.\r\n\r\nBei Slots k\u00f6nnen Sie darauf vertrauen, dass Ihre Waren in sicheren H\u00e4nden sind. Unser erfahrenes Team organisiert und verwaltet Ihr Inventar mit gr\u00f6\u00dfter Sorgfalt, maximiert die Raumnutzung und minimiert die Handhabungskosten. Ganz gleich, ob Sie eine kurzfristige oder eine langfristige Lagerl\u00f6sung ben\u00f6tigen, wir sind f\u00fcr Sie da.\r\n\r\nUnser transparenter Ansatz sorgt daf\u00fcr, dass Sie in Echtzeit Einblick in Ihren Bestand haben, so dass Sie die Lagerbest\u00e4nde verfolgen und Ihre Bestellungen problemlos verwalten k\u00f6nnen. Au\u00dferdem steht Ihnen unser engagiertes Kundenserviceteam jederzeit zur Verf\u00fcgung, um Sie zu unterst\u00fctzen und Ihre Fragen zu beantworten.\r\n\r\nErleben Sie Sorglosigkeit mit Slots' Warehousing Solutions. Vertrauen Sie darauf, dass wir Ihnen zuverl\u00e4ssige, kosteneffiziente und ma\u00dfgeschneiderte Lagerungs- und Distributionsdienste f\u00fcr Ihre Gesch\u00e4ftsanforderungen bieten.<\/p>\n                                \t<a href=\"https:\/\/slotslogistic.com\/de\/services\/warehousing\/\" class=\"btn-arrow hover-light\"><span class=\"line\"><\/span><span class=\"url\">Details anzeigen<\/span><\/a>\n            \t            <\/div>\n        <\/div>\n            \n\t\t<div class=\"box-service box-four-columns\" >\n            <div class=\"bg-color-fx padding-5 text-center\">\n                <h3>Zollabfertigung<\/h3>\n                <div class=\"tiny-border margintop10 marginbottom10\"><\/div>\n                <img decoding=\"async\" src=\"https:\/\/slotslogistic.com\/wp-content\/uploads\/2016\/06\/6-1.png\" class=\"img-responsive margintop20 marginbottom20 wow fadeInRight\" data-wow-delay=\"2.1s\" alt=\"Custom Clearance\" \/>\n                <p>Die Zollabfertigung kann kompliziert sein, aber mit Slots ist sie m\u00fchelos. Unser erfahrenes Team sorgt f\u00fcr eine reibungslose Zollabwicklung Ihrer Importe und Exporte und spart Ihnen Zeit und Kopfschmerzen.\r\n\r\nWir wickeln alle Dokumente und Verfahren mit viel Liebe zum Detail ab, um die Einhaltung der Vorschriften zu gew\u00e4hrleisten und Verz\u00f6gerungen zu minimieren. Mit Slots k\u00f6nnen Sie darauf vertrauen, dass Ihre Waren effizient und ohne Komplikationen verzollt werden.\r\n\r\nUnser transparenter Ansatz h\u00e4lt Sie bei jedem Schritt auf dem Laufenden und informiert Sie in Echtzeit \u00fcber den Status Ihrer Abfertigung. Au\u00dferdem steht Ihnen unser engagiertes Kundenserviceteam jederzeit zur Verf\u00fcgung, wenn Sie Fragen oder Bedenken haben.\r\n\r\nOptimieren Sie Ihren Zollabfertigungsprozess mit Slots. Vertrauen Sie darauf, dass wir zuverl\u00e4ssige und effiziente L\u00f6sungen f\u00fcr Ihre Import- und Exportanforderungen liefern.<\/p>\n                                \t<a href=\"https:\/\/slotslogistic.com\/de\/services\/custom-brokerage\/\" class=\"btn-arrow hover-light\"><span class=\"line\"><\/span><span class=\"url\">Details anzeigen<\/span><\/a>\n            \t            <\/div>\n        <\/div>\n            \n\t\t<div class=\"box-service box-four-columns\" >\n            <div class=\"bg-color-fx padding-5 text-center\">\n                <h3>Transport f\u00fcr Unternehmen<\/h3>\n                <div class=\"tiny-border margintop10 marginbottom10\"><\/div>\n                <img decoding=\"async\" src=\"https:\/\/slotslogistic.com\/wp-content\/uploads\/2016\/06\/7-1.png\" class=\"img-responsive margintop20 marginbottom20 wow fadeInRight\" data-wow-delay=\"2.4s\" alt=\"Corporate Transportation\" \/>\n                <p>Wir von Slots sind darauf spezialisiert, pr\u00e4zise, zuverl\u00e4ssige und professionelle L\u00f6sungen f\u00fcr den Transport von Unternehmen anzubieten, die auf Ihre gesch\u00e4ftlichen Bed\u00fcrfnisse zugeschnitten sind. Unser engagiertes Team sorgt f\u00fcr hervorragende Leistungen bei Gesch\u00e4ftsreisen, Gruppentransporten f\u00fcr Veranstaltungen und regelm\u00e4\u00dfigen Shuttle-Diensten f\u00fcr Mitarbeiter.\r\n\r\nMit sorgf\u00e4ltig ausgew\u00e4hlten Fahrern, die als Markenbotschafter fungieren, garantieren wir einen erstklassigen Service. Echtzeit-Tracking und pers\u00f6nlicher Kundensupport bieten Transparenz und Sicherheit.\r\n\r\nVertrauen Sie Slots f\u00fcr einen effizienten, verantwortungsvollen und komfortablen Transport f\u00fcr Unternehmen. Erleben Sie Exzellenz bei jeder Fahrt mit Slots Corporate Transportation Services.\r\n<\/p>\n                                \t<a href=\"https:\/\/slotslogistic.com\/de\/services\/corporate-transportation\/\" class=\"btn-arrow hover-light\"><span class=\"line\"><\/span><span class=\"url\">Details anzeigen<\/span><\/a>\n            \t            <\/div>\n        <\/div>\n        <div class=\"divider0\" style=\"clear: both;height: 1px;\"><\/div>        \n\n<\/div><\/div><\/div><\/div><div class=\"clearfix\"><\/div><\/section><section data-stellar-background-ratio=\".3\" style=\"background: url(https:\/\/slotslogistic.com\/wp-content\/uploads\/2016\/05\/bg-5-1.jpg);fixed; background-size:cover;\" class=\"wpb_row vc_row-fluid cta light-text vc_custom_1465289482821\"><div class=\"container\"><div class=\"row\"><div class=\"wpb_column vc_column_container vc_col-sm-12\"><div class=\"vc_column-inner\"><div class=\"wpb_wrapper\"  >\n    <div class=\"padding30 overlaydark80 wow fadeIn\">\n    \t<div class=\"row\">\n    \t\t<div class=\"col-md-10\">\n\t        \t\t            \t<h2 class=\"mb0 mt10\">Kontaktieren Sie uns jetzt, um ein Angebot f\u00fcr Ihren weltweiten Versand zu erhalten<\/h2>\n\t            \t\t                \t                                    \n\t        <\/div>\n\n\t        <div class=\"col-md-2\">\n\t            <a class=\"btn btn-custom\" href=\"#\" title=\"Kontaktieren Sie uns\" target=\"_self\">Kontaktieren Sie uns<\/a>\t        <\/div>\n    \t<\/div>\n    <\/div>          \n\t\n<\/div><\/div><\/div><\/div><\/div><div class=\"clearfix\"><\/div><\/section>\n<\/div>","protected":false},"excerpt":{"rendered":"Services Details Aenean sollicitudin, lorem quis bibendum auctor, nisi elit consequat ipsum, nec sagittis sem nibh id elit. Duis sed odio sit amet nibh vulputate cursus a sit amet mauris. Morbi accumsan ipsum velit. Nam nec tellus Aenean sollicitudin, lorem quis bibendum auctor, nisi elit consequat ipsum, nec sagittis sem nibh id elit. Duis sed [...]","protected":false},"author":1,"featured_media":0,"parent":0,"menu_order":0,"comment_status":"closed","ping_status":"closed","template":"page-templates\/template-fullwidth.php","meta":{"footnotes":""},"class_list":["post-14","page","type-page","status-publish","hentry"],"yoast_head":"<!-- This site is optimized with the Yoast SEO Premium plugin v23.0 (Yoast SEO v27.5) - https:\/\/yoast.com\/product\/yoast-seo-premium-wordpress\/ -->\n<title>Services - SLOTS<\/title>\n<meta name=\"robots\" content=\"index, follow, max-snippet:-1, max-image-preview:large, max-video-preview:-1\" \/>\n<link rel=\"canonical\" href=\"https:\/\/slotslogistic.com\/de\/all-services-1\/\" \/>\n<meta property=\"og:locale\" content=\"de_DE\" \/>\n<meta property=\"og:type\" content=\"article\" \/>\n<meta property=\"og:title\" content=\"Services\" \/>\n<meta property=\"og:url\" content=\"https:\/\/slotslogistic.com\/de\/all-services-1\/\" \/>\n<meta property=\"og:site_name\" content=\"SLOTS\" \/>\n<meta name=\"twitter:card\" content=\"summary_large_image\" \/>\n<script type=\"application\/ld+json\" class=\"yoast-schema-graph\">{\"@context\":\"https:\\\/\\\/schema.org\",\"@graph\":[{\"@type\":\"WebPage\",\"@id\":\"https:\\\/\\\/slotslogistic.com\\\/all-services-1\\\/\",\"url\":\"https:\\\/\\\/slotslogistic.com\\\/all-services-1\\\/\",\"name\":\"Services - SLOTS\",\"isPartOf\":{\"@id\":\"https:\\\/\\\/slotslogistic.com\\\/#website\"},\"datePublished\":\"2016-05-30T09:51:09+00:00\",\"breadcrumb\":{\"@id\":\"https:\\\/\\\/slotslogistic.com\\\/all-services-1\\\/#breadcrumb\"},\"inLanguage\":\"de\",\"potentialAction\":[{\"@type\":\"ReadAction\",\"target\":[\"https:\\\/\\\/slotslogistic.com\\\/all-services-1\\\/\"]}]},{\"@type\":\"BreadcrumbList\",\"@id\":\"https:\\\/\\\/slotslogistic.com\\\/all-services-1\\\/#breadcrumb\",\"itemListElement\":[{\"@type\":\"ListItem\",\"position\":1,\"name\":\"Home\",\"item\":\"https:\\\/\\\/slotslogistic.com\\\/\"},{\"@type\":\"ListItem\",\"position\":2,\"name\":\"Services\"}]},{\"@type\":\"WebSite\",\"@id\":\"https:\\\/\\\/slotslogistic.com\\\/#website\",\"url\":\"https:\\\/\\\/slotslogistic.com\\\/\",\"name\":\"SLOTS\",\"description\":\"Logistics &amp; Transportation\",\"potentialAction\":[{\"@type\":\"SearchAction\",\"target\":{\"@type\":\"EntryPoint\",\"urlTemplate\":\"https:\\\/\\\/slotslogistic.com\\\/?s={search_term_string}\"},\"query-input\":{\"@type\":\"PropertyValueSpecification\",\"valueRequired\":true,\"valueName\":\"search_term_string\"}}],\"inLanguage\":\"de\"}]}<\/script>\n<!-- \/ Yoast SEO Premium plugin. -->","yoast_head_json":{"title":"Services - SLOTS","robots":{"index":"index","follow":"follow","max-snippet":"max-snippet:-1","max-image-preview":"max-image-preview:large","max-video-preview":"max-video-preview:-1"},"canonical":"https:\/\/slotslogistic.com\/de\/all-services-1\/","og_locale":"de_DE","og_type":"article","og_title":"Services","og_url":"https:\/\/slotslogistic.com\/de\/all-services-1\/","og_site_name":"SLOTS","twitter_card":"summary_large_image","schema":{"@context":"https:\/\/schema.org","@graph":[{"@type":"WebPage","@id":"https:\/\/slotslogistic.com\/all-services-1\/","url":"https:\/\/slotslogistic.com\/all-services-1\/","name":"Services - SLOTS","isPartOf":{"@id":"https:\/\/slotslogistic.com\/#website"},"datePublished":"2016-05-30T09:51:09+00:00","breadcrumb":{"@id":"https:\/\/slotslogistic.com\/all-services-1\/#breadcrumb"},"inLanguage":"de","potentialAction":[{"@type":"ReadAction","target":["https:\/\/slotslogistic.com\/all-services-1\/"]}]},{"@type":"BreadcrumbList","@id":"https:\/\/slotslogistic.com\/all-services-1\/#breadcrumb","itemListElement":[{"@type":"ListItem","position":1,"name":"Home","item":"https:\/\/slotslogistic.com\/"},{"@type":"ListItem","position":2,"name":"Services"}]},{"@type":"WebSite","@id":"https:\/\/slotslogistic.com\/#website","url":"https:\/\/slotslogistic.com\/","name":"SLOTS","description":"Logistics &amp; Transportation","potentialAction":[{"@type":"SearchAction","target":{"@type":"EntryPoint","urlTemplate":"https:\/\/slotslogistic.com\/?s={search_term_string}"},"query-input":{"@type":"PropertyValueSpecification","valueRequired":true,"valueName":"search_term_string"}}],"inLanguage":"de"}]}},"_links":{"self":[{"href":"https:\/\/slotslogistic.com\/de\/wp-json\/wp\/v2\/pages\/14","targetHints":{"allow":["GET"]}}],"collection":[{"href":"https:\/\/slotslogistic.com\/de\/wp-json\/wp\/v2\/pages"}],"about":[{"href":"https:\/\/slotslogistic.com\/de\/wp-json\/wp\/v2\/types\/page"}],"author":[{"embeddable":true,"href":"https:\/\/slotslogistic.com\/de\/wp-json\/wp\/v2\/users\/1"}],"replies":[{"embeddable":true,"href":"https:\/\/slotslogistic.com\/de\/wp-json\/wp\/v2\/comments?post=14"}],"version-history":[{"count":0,"href":"https:\/\/slotslogistic.com\/de\/wp-json\/wp\/v2\/pages\/14\/revisions"}],"wp:attachment":[{"href":"https:\/\/slotslogistic.com\/de\/wp-json\/wp\/v2\/media?parent=14"}],"curies":[{"name":"wp","href":"https:\/\/api.w.org\/{rel}","templated":true}]}}